{"id":727528,"date":"2025-08-27T20:23:41","date_gmt":"2025-08-27T17:23:41","guid":{"rendered":"https:\/\/roveyayinevi.com.tr\/index.php\/urun\/lokumlu-masa\/"},"modified":"2026-04-16T02:35:20","modified_gmt":"2026-04-15T23:35:20","slug":"lokumlu-masa","status":"publish","type":"product","link":"https:\/\/roveyayinevi.com.tr\/index.php\/urun\/lokumlu-masa\/","title":{"rendered":"Lokumlu Masa"},"content":{"rendered":"<p>Tiyatro sahnesinde \u00e7ocukluk halleri, \u015fiir yar\u0131\u015fmas\u0131n\u0131n heyecan\u0131, karde\u015f sevgisi, y\u0131lsonu g\u00f6sterisi tela\u015f\u0131, aile ba\u011flar\u0131, evden ilk ayr\u0131l\u0131\u015f, farkl\u0131 ko\u015fullarda b\u00fcy\u00fcse de benzer yollardan ge\u00e7en \u00e7ocuklar, olaylar kar\u015f\u0131s\u0131ndaki tepkileri, duygular\u0131, hayalleri&#8230; Her sayfada \u00e7ocuk ne\u015fesi, her \u00f6yk\u00fcde umudu ye\u015ferten bir kahraman var.<\/p>\n","protected":false},"excerpt":{"rendered":"<p>Tiyatro sahnesinde \u00e7ocukluk halleri, \u015fiir yar\u0131\u015fmas\u0131n\u0131n heyecan\u0131, karde\u015f sevgisi, y\u0131lsonu g\u00f6sterisi tela\u015f\u0131, aile ba\u011flar\u0131, evden ilk ayr\u0131l\u0131\u015f, farkl\u0131 ko\u015fullarda b\u00fcy\u00fcse de benzer yollardan ge\u00e7en \u00e7ocuklar, olaylar<span class=\"excerpt-hellip\"> [\u2026]<\/span><\/p>\n","protected":false},"featured_media":0,"template":"","meta":{"_monsterinsights_skip_tracking":false,"_monsterinsights_sitenote_active":false,"_monsterinsights_sitenote_note":"","_monsterinsights_sitenote_category":0},"product_brand":[],"product_cat":[12275,12274],"product_tag":[],"class_list":{"0":"post-727528","1":"product","2":"type-product","3":"status-publish","5":"product_cat-6-12-yas-kitaplari","6":"product_cat-cocuk-ve-genclik-kitaplari","7":"pa_cilt-ciltsiz","8":"pa_tur-kitap","9":"pa_yayinevi-gunisigi-kitapligi","10":"pa_yazar-gursen-ozen","12":"first","13":"instock","14":"sale","15":"shipping-taxable","16":"purchasable","17":"product-type-simple"},"_links":{"self":[{"href":"https:\/\/roveyayinevi.com.tr\/index.php\/wp-json\/wp\/v2\/product\/727528","targetHints":{"allow":["GET"]}}],"collection":[{"href":"https:\/\/roveyayinevi.com.tr\/index.php\/wp-json\/wp\/v2\/product"}],"about":[{"href":"https:\/\/roveyayinevi.com.tr\/index.php\/wp-json\/wp\/v2\/types\/product"}],"wp:attachment":[{"href":"https:\/\/roveyayinevi.com.tr\/index.php\/wp-json\/wp\/v2\/media?parent=727528"}],"wp:term":[{"taxonomy":"product_brand","embeddable":true,"href":"https:\/\/roveyayinevi.com.tr\/index.php\/wp-json\/wp\/v2\/product_brand?post=727528"},{"taxonomy":"product_cat","embeddable":true,"href":"https:\/\/roveyayinevi.com.tr\/index.php\/wp-json\/wp\/v2\/product_cat?post=727528"},{"taxonomy":"product_tag","embeddable":true,"href":"https:\/\/roveyayinevi.com.tr\/index.php\/wp-json\/wp\/v2\/product_tag?post=727528"}],"curies":[{"name":"wp","href":"https:\/\/api.w.org\/{rel}","templated":true}]}}