{"id":727527,"date":"2025-08-27T20:23:41","date_gmt":"2025-08-27T17:23:41","guid":{"rendered":"https:\/\/roveyayinevi.com.tr\/index.php\/urun\/kibrisa-soldan-bakmak\/"},"modified":"2026-04-16T02:35:20","modified_gmt":"2026-04-15T23:35:20","slug":"kibrisa-soldan-bakmak","status":"publish","type":"product","link":"https:\/\/roveyayinevi.com.tr\/index.php\/urun\/kibrisa-soldan-bakmak\/","title":{"rendered":"K\u0131br\u0131s\u2019a Soldan Bakmak"},"content":{"rendered":"<p>Ya\u015fam, t\u00fcrl\u00fc zorluklarla bo\u011fu\u015fan, kar\u015f\u0131s\u0131ndaki egemenlere k\u0131yasla g\u00fcc\u00fc s\u0131n\u0131rl\u0131 ve kendi g\u00fcc\u00fcne g\u00fcvenmek yerine s\u00fcrekli s\u0131\u011f\u0131nacak bir b\u00fcy\u00fck aramaya zorlanm\u0131\u015f k\u00fc\u00e7\u00fcc\u00fck bir halk olan K\u0131br\u0131sl\u0131 T\u00fcrk halk i\u00e7in bile olsa \u201cdevrimcilik olmadan olmaz\u201d diyor. Halk\u0131n g\u00f6z\u00fcnde sa\u011f ve solu k\u0131smi farkl\u0131l\u0131klar\u0131 d\u0131\u015f\u0131nda ayn\u0131 g\u00f6ren anlay\u0131\u015f kapitalist ger\u00e7ekli\u011finin s\u0131n\u0131rlar\u0131n\u0131 zorlayan devrimci bir pratik olmadan k\u0131r\u0131lamaz. Siyaseten solda tan\u0131mlanman\u0131n K\u0131br\u0131s sorununda tak\u0131n\u0131lan tavra indirgenmesi; K\u0131br\u0131sl\u0131 T\u00fcrk solunu bu sorun d\u0131\u015f\u0131nda s\u00f6z s\u00f6ylemeyen bir konuma, bu konum da K\u0131br\u0131s sorununu liberal akl\u0131n \u00f6tesinde d\u00fc\u015f\u00fcnemeyen bir pozisyona itti. Oysa her g\u00fcn y\u00fcz\u00fcm\u00fcze \u00e7arpan bir ger\u00e7eklik var ki, g\u00fcnl\u00fck ya\u015fam\u0131n sorunlarla dolu gidi\u015fat\u0131na y\u00f6n verme \u00e7abas\u0131 olmadan devrimci politika, devrimci politika olmadan da K\u0131br\u0131s\u2019ta bir anla\u015fma olsa bile ger\u00e7ek bir bar\u0131\u015f olamaz. M\u00fcn\u00fcr Rahvanc\u0131o\u011flu kitab\u0131nda bizi, g\u00fcndemimizi ya\u015fam\u0131n ger\u00e7ekli\u011fi \u00fczerinden belirlemeye ve g\u00fcncel sorunlar\u0131m\u0131z olan yoksulla\u015fma, gericilik, asimilasyon, milliyet\u00e7ilik, ataerki, \u00f6rg\u00fcts\u00fczl\u00fck, y\u0131lg\u0131nl\u0131k, m\u00fccadele anlay\u0131\u015f\u0131 ve bu sorunlardan temellenen sahici bir K\u0131br\u0131s sorunu tart\u0131\u015fmas\u0131na davet ediyor. Bir di\u011fer de\u011fi\u015fle, liberal akl\u0131n a\u00e7mazlar\u0131yla s\u0131k\u0131\u015fan solu devrimci bir Marksizme \u00e7a\u011f\u0131r\u0131yor.  Ali \u015eahin <\/p>\n","protected":false},"excerpt":{"rendered":"<p>Ya\u015fam, t\u00fcrl\u00fc zorluklarla bo\u011fu\u015fan, kar\u015f\u0131s\u0131ndaki egemenlere k\u0131yasla g\u00fcc\u00fc s\u0131n\u0131rl\u0131 ve kendi g\u00fcc\u00fcne g\u00fcvenmek yerine s\u00fcrekli s\u0131\u011f\u0131nacak bir b\u00fcy\u00fck aramaya zorlanm\u0131\u015f k\u00fc\u00e7\u00fcc\u00fck bir halk olan K\u0131br\u0131sl\u0131 T\u00fcrk<span class=\"excerpt-hellip\"> [\u2026]<\/span><\/p>\n","protected":false},"featured_media":0,"template":"","meta":{"_monsterinsights_skip_tracking":false,"_monsterinsights_sitenote_active":false,"_monsterinsights_sitenote_note":"","_monsterinsights_sitenote_category":0},"product_brand":[],"product_cat":[12312,12304],"product_tag":[],"class_list":{"0":"post-727527","1":"product","2":"type-product","3":"status-publish","5":"product_cat-diger","6":"product_cat-tarih","7":"pa_cilt-ciltsiz","8":"pa_tur-kitap","9":"pa_yayinevi-kalkedon-yayincilik","10":"pa_yazar-munur-rahvancioglu","12":"first","13":"instock","14":"sale","15":"shipping-taxable","16":"purchasable","17":"product-type-simple"},"_links":{"self":[{"href":"https:\/\/roveyayinevi.com.tr\/index.php\/wp-json\/wp\/v2\/product\/727527","targetHints":{"allow":["GET"]}}],"collection":[{"href":"https:\/\/roveyayinevi.com.tr\/index.php\/wp-json\/wp\/v2\/product"}],"about":[{"href":"https:\/\/roveyayinevi.com.tr\/index.php\/wp-json\/wp\/v2\/types\/product"}],"wp:attachment":[{"href":"https:\/\/roveyayinevi.com.tr\/index.php\/wp-json\/wp\/v2\/media?parent=727527"}],"wp:term":[{"taxonomy":"product_brand","embeddable":true,"href":"https:\/\/roveyayinevi.com.tr\/index.php\/wp-json\/wp\/v2\/product_brand?post=727527"},{"taxonomy":"product_cat","embeddable":true,"href":"https:\/\/roveyayinevi.com.tr\/index.php\/wp-json\/wp\/v2\/product_cat?post=727527"},{"taxonomy":"product_tag","embeddable":true,"href":"https:\/\/roveyayinevi.com.tr\/index.php\/wp-json\/wp\/v2\/product_tag?post=727527"}],"curies":[{"name":"wp","href":"https:\/\/api.w.org\/{rel}","templated":true}]}}