{"id":727522,"date":"2025-08-27T20:23:36","date_gmt":"2025-08-27T17:23:36","guid":{"rendered":"https:\/\/roveyayinevi.com.tr\/index.php\/urun\/buradan-bakinca\/"},"modified":"2026-04-16T02:35:20","modified_gmt":"2026-04-15T23:35:20","slug":"buradan-bakinca","status":"publish","type":"product","link":"https:\/\/roveyayinevi.com.tr\/index.php\/urun\/buradan-bakinca\/","title":{"rendered":"Buradan Bak\u0131nca"},"content":{"rendered":"<p>So\u011fuktu d\u00f6n\u00fcp d\u00f6n\u00fcp bakt\u0131\u011f\u0131n y\u00fcn yorganlar Zeytin toplayan k\u00f6yl\u00fcler aceleyle vurdu\u011fun kap\u0131 So\u011fuktu seni ayakta bekledi\u011fim belediye park\u0131 Y\u00fcr\u00fcd\u00fcn islak tedirgin i\u00e7 bay\u0131lt\u0131c\u0131 nas\u0131l da sebepsiz So\u011fudu her \u015fey, her \u015fey so\u011fudu bu g\u00fcne\u015fin alt\u0131nda A\u011fda bal\u0131k bo\u011fazda manzara do\u011fuda bir duldal\u0131k Sonra senin y\u00fcz\u00fck parma\u011f\u0131n kolyesiz boynun<\/p>\n","protected":false},"excerpt":{"rendered":"<p>So\u011fuktu d\u00f6n\u00fcp d\u00f6n\u00fcp bakt\u0131\u011f\u0131n y\u00fcn yorganlar Zeytin toplayan k\u00f6yl\u00fcler aceleyle vurdu\u011fun kap\u0131 So\u011fuktu seni ayakta bekledi\u011fim belediye park\u0131 Y\u00fcr\u00fcd\u00fcn islak tedirgin i\u00e7 bay\u0131lt\u0131c\u0131 nas\u0131l da sebepsiz<span class=\"excerpt-hellip\"> [\u2026]<\/span><\/p>\n","protected":false},"featured_media":0,"template":"","meta":{"_monsterinsights_skip_tracking":false,"_monsterinsights_sitenote_active":false,"_monsterinsights_sitenote_note":"","_monsterinsights_sitenote_category":0},"product_brand":[],"product_cat":[12291,12509],"product_tag":[],"class_list":{"0":"post-727522","1":"product","2":"type-product","3":"status-publish","5":"product_cat-edebiyat","6":"product_cat-siir","7":"pa_cilt-ciltsiz","8":"pa_tur-kitap","9":"pa_yayinevi-muhit-kitap","10":"pa_yazar-mehmet-tepebasi","12":"first","13":"instock","14":"sale","15":"shipping-taxable","16":"purchasable","17":"product-type-simple"},"_links":{"self":[{"href":"https:\/\/roveyayinevi.com.tr\/index.php\/wp-json\/wp\/v2\/product\/727522","targetHints":{"allow":["GET"]}}],"collection":[{"href":"https:\/\/roveyayinevi.com.tr\/index.php\/wp-json\/wp\/v2\/product"}],"about":[{"href":"https:\/\/roveyayinevi.com.tr\/index.php\/wp-json\/wp\/v2\/types\/product"}],"wp:attachment":[{"href":"https:\/\/roveyayinevi.com.tr\/index.php\/wp-json\/wp\/v2\/media?parent=727522"}],"wp:term":[{"taxonomy":"product_brand","embeddable":true,"href":"https:\/\/roveyayinevi.com.tr\/index.php\/wp-json\/wp\/v2\/product_brand?post=727522"},{"taxonomy":"product_cat","embeddable":true,"href":"https:\/\/roveyayinevi.com.tr\/index.php\/wp-json\/wp\/v2\/product_cat?post=727522"},{"taxonomy":"product_tag","embeddable":true,"href":"https:\/\/roveyayinevi.com.tr\/index.php\/wp-json\/wp\/v2\/product_tag?post=727522"}],"curies":[{"name":"wp","href":"https:\/\/api.w.org\/{rel}","templated":true}]}}