{"id":727520,"date":"2025-08-27T20:23:34","date_gmt":"2025-08-27T17:23:34","guid":{"rendered":"https:\/\/roveyayinevi.com.tr\/index.php\/urun\/gunese-yol-yapan-cocuk\/"},"modified":"2026-04-16T02:35:20","modified_gmt":"2026-04-15T23:35:20","slug":"gunese-yol-yapan-cocuk","status":"publish","type":"product","link":"https:\/\/roveyayinevi.com.tr\/index.php\/urun\/gunese-yol-yapan-cocuk\/","title":{"rendered":"G\u00fcne\u015fe Yol Yapan \u00c7ocuk"},"content":{"rendered":"<p>Cahit Zarifo\u011flu \u015fiiri be\u015f i\u00e7 g\u00f6vdeden olu\u015fan bir \u015fiirdir. \u00c7ocuk g\u00f6vdesi, \u00e7ocuk ve erken b\u00fcy\u00fcm\u00fc\u015f \u00e7ocuk g\u00f6vdelerini bar\u0131nd\u0131r\u0131r. Ge\u00e7mi\u015fle y\u00fczle\u015fme cesaretini \u00e7ocuk g\u00f6vdesiyle ger\u00e7ekle\u015ftirir. Zarifo\u011flu \u015fiiri baba g\u00f6vdesiyle geni\u015fler. Ac\u0131, Zarifo\u011flu \u015fiirinin merkez g\u00f6vdesidir. A\u015fk g\u00f6vdesi ise \u00f6zel g\u00f6vde durumundad\u0131r. En poetik \u015fiirleri ac\u0131 ve a\u015fk g\u00f6vdeli \u015fiirlerdir. \u00c7ocuk, baba, ac\u0131 ve a\u015fk g\u00f6vdeleri \u015fiirinin ba\u015fat g\u00f6vdesi olan metafizik g\u00f6vdenin i\u00e7indedir\u2026Cahit Zarifo\u011flu, \u00e7ocuk kitaplar\u0131n\u0131 i\u00e7 \u00e7ocuk g\u00f6vdesiyle yazm\u0131\u015ft\u0131r. Cahit Zarifo\u011flu, i\u00e7 \u00e7ocuk g\u00f6vdesiyle yazd\u0131\u011f\u0131 ve i\u00e7e bak\u0131\u015fa yaslanan \u00e7ocuk kitaplar\u0131 ile \u00f6nce yeti\u015fkinlerin sonra da \u00e7ocuklar\u0131n yazar\u0131d\u0131r. G\u00fcne\u015fe Yol Yapan \u00c7ocuk \/ Cahit Zarifo\u011flu Kitab\u0131, \u015fairin yak\u0131n dostu Mustafa Ruhi \u015eirin\u2019in k\u0131rk y\u0131l \u00f6ncesine dayanan g\u00fcnl\u00fckleri yan\u0131nda yazar\u0131n \u00e7ocuk kitaplar\u0131n\u0131 yorumlad\u0131\u011f\u0131 yaz\u0131 ve ger\u00e7ekle\u015ftirdikleri s\u00f6yle\u015filerden olu\u015fuyor&#8230;<\/p>\n","protected":false},"excerpt":{"rendered":"<p>Cahit Zarifo\u011flu \u015fiiri be\u015f i\u00e7 g\u00f6vdeden olu\u015fan bir \u015fiirdir. \u00c7ocuk g\u00f6vdesi, \u00e7ocuk ve erken b\u00fcy\u00fcm\u00fc\u015f \u00e7ocuk g\u00f6vdelerini bar\u0131nd\u0131r\u0131r. Ge\u00e7mi\u015fle y\u00fczle\u015fme cesaretini \u00e7ocuk g\u00f6vdesiyle ger\u00e7ekle\u015ftirir. Zarifo\u011flu \u015fiiri<span class=\"excerpt-hellip\"> [\u2026]<\/span><\/p>\n","protected":false},"featured_media":0,"template":"","meta":{"_monsterinsights_skip_tracking":false,"_monsterinsights_sitenote_active":false,"_monsterinsights_sitenote_note":"","_monsterinsights_sitenote_category":0},"product_brand":[],"product_cat":[12777,12291],"product_tag":[],"class_list":{"0":"post-727520","1":"product","2":"type-product","3":"status-publish","5":"product_cat-deneme","6":"product_cat-edebiyat","7":"pa_cilt-ciltsiz","8":"pa_tur-kitap","9":"pa_yayinevi-muhit-kitap","10":"pa_yazar-mustafa-ruhi-sirin","12":"first","13":"instock","14":"sale","15":"shipping-taxable","16":"purchasable","17":"product-type-simple"},"_links":{"self":[{"href":"https:\/\/roveyayinevi.com.tr\/index.php\/wp-json\/wp\/v2\/product\/727520","targetHints":{"allow":["GET"]}}],"collection":[{"href":"https:\/\/roveyayinevi.com.tr\/index.php\/wp-json\/wp\/v2\/product"}],"about":[{"href":"https:\/\/roveyayinevi.com.tr\/index.php\/wp-json\/wp\/v2\/types\/product"}],"wp:attachment":[{"href":"https:\/\/roveyayinevi.com.tr\/index.php\/wp-json\/wp\/v2\/media?parent=727520"}],"wp:term":[{"taxonomy":"product_brand","embeddable":true,"href":"https:\/\/roveyayinevi.com.tr\/index.php\/wp-json\/wp\/v2\/product_brand?post=727520"},{"taxonomy":"product_cat","embeddable":true,"href":"https:\/\/roveyayinevi.com.tr\/index.php\/wp-json\/wp\/v2\/product_cat?post=727520"},{"taxonomy":"product_tag","embeddable":true,"href":"https:\/\/roveyayinevi.com.tr\/index.php\/wp-json\/wp\/v2\/product_tag?post=727520"}],"curies":[{"name":"wp","href":"https:\/\/api.w.org\/{rel}","templated":true}]}}