{"id":727518,"date":"2025-08-27T20:23:32","date_gmt":"2025-08-27T17:23:32","guid":{"rendered":"https:\/\/roveyayinevi.com.tr\/index.php\/urun\/kirklar-divani\/"},"modified":"2026-04-16T02:35:20","modified_gmt":"2026-04-15T23:35:20","slug":"kirklar-divani","status":"publish","type":"product","link":"https:\/\/roveyayinevi.com.tr\/index.php\/urun\/kirklar-divani\/","title":{"rendered":"K\u0131rklar Divan\u0131"},"content":{"rendered":"<p>Divan \u015fairleri \u015fiirin bir dil oyunu oldu\u011funu biliyorlard\u0131. Bu oyunun kurallar\u0131n\u0131 belirleyen temel ilkeler vard\u0131. Bu ilkelerin ba\u015f\u0131nda da m\u0131sra esteti\u011fine sadakat geliyordu. En k\u00fc\u00e7\u00fck birim olan m\u0131sradan beyte, beyitten manzumeye eri\u015filirdi. Ama divan esteti\u011finde beyit g\u00fczelli\u011fi esast\u0131. Onun i\u00e7in Yahya Kemal, divanlar\u0131 okumak yerine b\u00fcy\u00fck \u015fairlerin berceste m\u0131sra ve beyitlerini bir antolojide okuman\u0131n daha isabetli olaca\u011f\u0131n\u0131 s\u00f6yl\u00fcyordu. Ne var ki bercesteleri bile okuyup estetik haz almay\u0131 aradan ge\u00e7en zaman, de\u011fi\u015fen d\u00fcnya ve dil zorla\u015ft\u0131r\u0131yor. K\u0131rklar Divan\u0131, bu zorluklar\u0131 T\u00fcrk\u00e7e sevgisiyle a\u015farak eski \u015fiirin zevkine var\u0131labilece\u011fini g\u00f6stermek niyetiyle se\u00e7ilmi\u015f \u00f6rnekler \u00fczerine a\u015fkla yaz\u0131lan k\u0131rk denemeden olu\u015fuyor.<\/p>\n","protected":false},"excerpt":{"rendered":"<p>Divan \u015fairleri \u015fiirin bir dil oyunu oldu\u011funu biliyorlard\u0131. Bu oyunun kurallar\u0131n\u0131 belirleyen temel ilkeler vard\u0131. Bu ilkelerin ba\u015f\u0131nda da m\u0131sra esteti\u011fine sadakat geliyordu. En k\u00fc\u00e7\u00fck birim<span class=\"excerpt-hellip\"> [\u2026]<\/span><\/p>\n","protected":false},"featured_media":0,"template":"","meta":{"_monsterinsights_skip_tracking":false,"_monsterinsights_sitenote_active":false,"_monsterinsights_sitenote_note":"","_monsterinsights_sitenote_category":0},"product_brand":[],"product_cat":[20234,12291],"product_tag":[],"class_list":{"0":"post-727518","1":"product","2":"type-product","3":"status-publish","5":"product_cat-divan-edebiyati-halk-edebiyati","6":"product_cat-edebiyat","7":"pa_cilt-ciltsiz","8":"pa_tur-kitap","9":"pa_yayinevi-muhit-kitap","10":"pa_yazar-muhsin-macit","12":"first","13":"instock","14":"sale","15":"shipping-taxable","16":"purchasable","17":"product-type-simple"},"_links":{"self":[{"href":"https:\/\/roveyayinevi.com.tr\/index.php\/wp-json\/wp\/v2\/product\/727518","targetHints":{"allow":["GET"]}}],"collection":[{"href":"https:\/\/roveyayinevi.com.tr\/index.php\/wp-json\/wp\/v2\/product"}],"about":[{"href":"https:\/\/roveyayinevi.com.tr\/index.php\/wp-json\/wp\/v2\/types\/product"}],"wp:attachment":[{"href":"https:\/\/roveyayinevi.com.tr\/index.php\/wp-json\/wp\/v2\/media?parent=727518"}],"wp:term":[{"taxonomy":"product_brand","embeddable":true,"href":"https:\/\/roveyayinevi.com.tr\/index.php\/wp-json\/wp\/v2\/product_brand?post=727518"},{"taxonomy":"product_cat","embeddable":true,"href":"https:\/\/roveyayinevi.com.tr\/index.php\/wp-json\/wp\/v2\/product_cat?post=727518"},{"taxonomy":"product_tag","embeddable":true,"href":"https:\/\/roveyayinevi.com.tr\/index.php\/wp-json\/wp\/v2\/product_tag?post=727518"}],"curies":[{"name":"wp","href":"https:\/\/api.w.org\/{rel}","templated":true}]}}