{"id":727515,"date":"2025-08-27T20:23:29","date_gmt":"2025-08-27T17:23:29","guid":{"rendered":"https:\/\/roveyayinevi.com.tr\/index.php\/urun\/koksal-toptan-sakin-guc\/"},"modified":"2026-04-16T02:35:20","modified_gmt":"2026-04-15T23:35:20","slug":"koksal-toptan-sakin-guc","status":"publish","type":"product","link":"https:\/\/roveyayinevi.com.tr\/index.php\/urun\/koksal-toptan-sakin-guc\/","title":{"rendered":"K\u00f6ksal Toptan &#8211; Sakin G\u00fc\u00e7"},"content":{"rendered":"<p>Karadeniz\u2019den \u00e7\u0131karak devletin zirvelerine uzanm\u0131\u015f bir siyaset\u00e7inin, gen\u00e7 ku\u015faklara ilham verecek ya\u015fam \u00f6yk\u00fcs\u00fc.G\u00fcc\u00fcn\u00fc sakinli\u011finden ve sa\u011fduyusundan alm\u0131\u015f, sesini de\u011fil s\u00f6z\u00fcn\u00fc y\u00fckseltmeye gayret g\u00f6stermi\u015f, farkl\u0131 siyasi partilerde iktidar\u0131 da muhalefeti de ya\u015fam\u0131\u015f, T\u00fcrk siyasi ya\u015fam\u0131na damgas\u0131n\u0131 vurmu\u015f \u00e7ok say\u0131da isimle yak\u0131n \u00e7al\u0131\u015fm\u0131\u015f, parti y\u00f6neticiliklerinden bakanl\u0131\u011fa, milletvekilli\u011finden meclis ba\u015fkanl\u0131\u011f\u0131na kadar siyasetin her basama\u011f\u0131nda bulunmu\u015f bir siyaset duayeni K\u00f6ksal Toptan.Son 60 y\u0131lda darbelerin puslu ortamlar\u0131, siyasetin a\u011f\u0131r d\u00f6nemleri, ekonomik s\u0131k\u0131nt\u0131lar, uluslararas\u0131 krizler&#8230; T\u00fcm bunlara yak\u0131ndan \u015fahitlik etmi\u015f bir siyaset\u00e7inin ya\u015fad\u0131klar\u0131n\u0131n \u00f6zeti olan Sakin G\u00fc\u00e7 K\u00f6ksal Toptan kitab\u0131, y\u0131llar s\u00fcren titiz bir \u00e7al\u0131\u015fmayla haz\u0131rland\u0131 ve onun e\u015fsiz tecr\u00fcbeleri yan\u0131nda \u00fclkenin yak\u0131n siyasi tarihine de ayna tutuyor<\/p>\n","protected":false},"excerpt":{"rendered":"<p>Karadeniz\u2019den \u00e7\u0131karak devletin zirvelerine uzanm\u0131\u015f bir siyaset\u00e7inin, gen\u00e7 ku\u015faklara ilham verecek ya\u015fam \u00f6yk\u00fcs\u00fc.G\u00fcc\u00fcn\u00fc sakinli\u011finden ve sa\u011fduyusundan alm\u0131\u015f, sesini de\u011fil s\u00f6z\u00fcn\u00fc y\u00fckseltmeye gayret g\u00f6stermi\u015f, farkl\u0131 siyasi partilerde<span class=\"excerpt-hellip\"> [\u2026]<\/span><\/p>\n","protected":false},"featured_media":0,"template":"","meta":{"_monsterinsights_skip_tracking":false,"_monsterinsights_sitenote_active":false,"_monsterinsights_sitenote_note":"","_monsterinsights_sitenote_category":0},"product_brand":[],"product_cat":[13590,12337],"product_tag":[],"class_list":{"0":"post-727515","1":"product","2":"type-product","3":"status-publish","5":"product_cat-arastirma-inceleme-politika-siyaset","6":"product_cat-politika-siyaset","7":"pa_cilt-ciltsiz","8":"pa_tur-kitap","9":"pa_yayinevi-dogan-kitap","10":"pa_yazar-sefa-salantur","12":"first","13":"instock","14":"sale","15":"shipping-taxable","16":"purchasable","17":"product-type-simple"},"_links":{"self":[{"href":"https:\/\/roveyayinevi.com.tr\/index.php\/wp-json\/wp\/v2\/product\/727515","targetHints":{"allow":["GET"]}}],"collection":[{"href":"https:\/\/roveyayinevi.com.tr\/index.php\/wp-json\/wp\/v2\/product"}],"about":[{"href":"https:\/\/roveyayinevi.com.tr\/index.php\/wp-json\/wp\/v2\/types\/product"}],"wp:attachment":[{"href":"https:\/\/roveyayinevi.com.tr\/index.php\/wp-json\/wp\/v2\/media?parent=727515"}],"wp:term":[{"taxonomy":"product_brand","embeddable":true,"href":"https:\/\/roveyayinevi.com.tr\/index.php\/wp-json\/wp\/v2\/product_brand?post=727515"},{"taxonomy":"product_cat","embeddable":true,"href":"https:\/\/roveyayinevi.com.tr\/index.php\/wp-json\/wp\/v2\/product_cat?post=727515"},{"taxonomy":"product_tag","embeddable":true,"href":"https:\/\/roveyayinevi.com.tr\/index.php\/wp-json\/wp\/v2\/product_tag?post=727515"}],"curies":[{"name":"wp","href":"https:\/\/api.w.org\/{rel}","templated":true}]}}