{"id":727514,"date":"2025-08-27T20:23:28","date_gmt":"2025-08-27T17:23:28","guid":{"rendered":"https:\/\/roveyayinevi.com.tr\/index.php\/urun\/ruyadaki-vuslat\/"},"modified":"2026-04-16T02:35:20","modified_gmt":"2026-04-15T23:35:20","slug":"ruyadaki-vuslat","status":"publish","type":"product","link":"https:\/\/roveyayinevi.com.tr\/index.php\/urun\/ruyadaki-vuslat\/","title":{"rendered":"R\u00fcyadaki Vuslat"},"content":{"rendered":"<p>Nas\u0131l bir sevdad\u0131r b\u0131rakt\u0131n sen bana\u00d6leni olmayan selalar okutur minarelerimdeLeh\u00e7esiz a\u011f\u0131tlar inim inim inler dudaklar\u0131mdaAd\u0131n\u0131 her duydu\u011fumda veya and\u0131\u011f\u0131mdaFeryatlar d\u00fc\u011f\u00fcmlenir bo\u011faz\u0131mdaG\u00fcndo\u011fumunda ve g\u00fcnbat\u0131m\u0131ndaBin cenaze kald\u0131r\u0131r y\u00fcre\u011fim.\u0130lham\u0131n\u0131 sadece ve sadece a\u015fktan alan \u015fiirler&#8230;Zekeriya \u0130lhan R\u00fcyadaki Vuslat\u2019ta a\u015fk\u0131, yan\u0131p k\u00fcl olmaya, k\u00fcllerinden yeniden do\u011fmaya yazg\u0131l\u0131 bir \u00e2\u015f\u0131\u011f\u0131 anlat\u0131yor.<\/p>\n","protected":false},"excerpt":{"rendered":"<p>Nas\u0131l bir sevdad\u0131r b\u0131rakt\u0131n sen bana\u00d6leni olmayan selalar okutur minarelerimdeLeh\u00e7esiz a\u011f\u0131tlar inim inim inler dudaklar\u0131mdaAd\u0131n\u0131 her duydu\u011fumda veya and\u0131\u011f\u0131mdaFeryatlar d\u00fc\u011f\u00fcmlenir bo\u011faz\u0131mdaG\u00fcndo\u011fumunda ve g\u00fcnbat\u0131m\u0131ndaBin cenaze kald\u0131r\u0131r y\u00fcre\u011fim.\u0130lham\u0131n\u0131<span class=\"excerpt-hellip\"> [\u2026]<\/span><\/p>\n","protected":false},"featured_media":0,"template":"","meta":{"_monsterinsights_skip_tracking":false,"_monsterinsights_sitenote_active":false,"_monsterinsights_sitenote_note":"","_monsterinsights_sitenote_category":0},"product_brand":[],"product_cat":[12291,12509],"product_tag":[],"class_list":{"0":"post-727514","1":"product","2":"type-product","3":"status-publish","5":"product_cat-edebiyat","6":"product_cat-siir","7":"pa_cilt-ciltsiz","8":"pa_tur-kitap","9":"pa_yayinevi-dogan-solibri-yayinlari","10":"pa_yazar-zekeriya-ilhan","12":"first","13":"instock","14":"sale","15":"shipping-taxable","16":"purchasable","17":"product-type-simple"},"_links":{"self":[{"href":"https:\/\/roveyayinevi.com.tr\/index.php\/wp-json\/wp\/v2\/product\/727514","targetHints":{"allow":["GET"]}}],"collection":[{"href":"https:\/\/roveyayinevi.com.tr\/index.php\/wp-json\/wp\/v2\/product"}],"about":[{"href":"https:\/\/roveyayinevi.com.tr\/index.php\/wp-json\/wp\/v2\/types\/product"}],"wp:attachment":[{"href":"https:\/\/roveyayinevi.com.tr\/index.php\/wp-json\/wp\/v2\/media?parent=727514"}],"wp:term":[{"taxonomy":"product_brand","embeddable":true,"href":"https:\/\/roveyayinevi.com.tr\/index.php\/wp-json\/wp\/v2\/product_brand?post=727514"},{"taxonomy":"product_cat","embeddable":true,"href":"https:\/\/roveyayinevi.com.tr\/index.php\/wp-json\/wp\/v2\/product_cat?post=727514"},{"taxonomy":"product_tag","embeddable":true,"href":"https:\/\/roveyayinevi.com.tr\/index.php\/wp-json\/wp\/v2\/product_tag?post=727514"}],"curies":[{"name":"wp","href":"https:\/\/api.w.org\/{rel}","templated":true}]}}