{"id":727512,"date":"2025-08-27T20:23:26","date_gmt":"2025-08-27T17:23:26","guid":{"rendered":"https:\/\/roveyayinevi.com.tr\/index.php\/urun\/fenerbahce\/"},"modified":"2026-04-16T02:35:20","modified_gmt":"2026-04-15T23:35:20","slug":"fenerbahce","status":"publish","type":"product","link":"https:\/\/roveyayinevi.com.tr\/index.php\/urun\/fenerbahce\/","title":{"rendered":"Fenerbah\u00e7e"},"content":{"rendered":"<p>Fenerbah\u00e7e a\u015fkt\u0131r, sevgidir.Dolup \u00e7o\u015far statlara s\u0131\u011fmaz.Fenerbah\u00e7eliler sevdiklerinde delice severler.kul\u00fcb\u00fcn kurulu\u015f tarihinden g\u00fcn\u00fcm\u00fcze &#8216;Sar\u0131-Lacivert&#8217; bir yolculuk&#8230;Kaptanlar\u0131 ,sembolleri,hassasiyetleri&#8230;Ve bir asr\u0131 a\u015fan mazisiyle , iyi ve k\u00f6t\u00fc g\u00fcnleriyle,koca bir camian\u0131n ge\u00e7mi\u015finden bug\u00fcn\u00fcne ya\u015fananlar\u0131&#8230;Hepsi bu kitapta&#8230;<\/p>\n","protected":false},"excerpt":{"rendered":"<p>Fenerbah\u00e7e a\u015fkt\u0131r, sevgidir.Dolup \u00e7o\u015far statlara s\u0131\u011fmaz.Fenerbah\u00e7eliler sevdiklerinde delice severler.kul\u00fcb\u00fcn kurulu\u015f tarihinden g\u00fcn\u00fcm\u00fcze &#8216;Sar\u0131-Lacivert&#8217; bir yolculuk&#8230;Kaptanlar\u0131 ,sembolleri,hassasiyetleri&#8230;Ve bir asr\u0131 a\u015fan mazisiyle , iyi ve k\u00f6t\u00fc g\u00fcnleriyle,koca bir<span class=\"excerpt-hellip\"> [\u2026]<\/span><\/p>\n","protected":false},"featured_media":0,"template":"","meta":{"_monsterinsights_skip_tracking":false,"_monsterinsights_sitenote_active":false,"_monsterinsights_sitenote_note":"","_monsterinsights_sitenote_category":0},"product_brand":[],"product_cat":[15563,15564],"product_tag":[],"class_list":{"0":"post-727512","1":"product","2":"type-product","3":"status-publish","5":"product_cat-hobi","6":"product_cat-spor","7":"pa_cilt-ciltsiz","8":"pa_tur-kitap","9":"pa_yayinevi-cumhuriyet-kitaplari","10":"pa_yazar-hilmi-turkay","12":"first","13":"instock","14":"sale","15":"shipping-taxable","16":"purchasable","17":"product-type-simple"},"_links":{"self":[{"href":"https:\/\/roveyayinevi.com.tr\/index.php\/wp-json\/wp\/v2\/product\/727512","targetHints":{"allow":["GET"]}}],"collection":[{"href":"https:\/\/roveyayinevi.com.tr\/index.php\/wp-json\/wp\/v2\/product"}],"about":[{"href":"https:\/\/roveyayinevi.com.tr\/index.php\/wp-json\/wp\/v2\/types\/product"}],"wp:attachment":[{"href":"https:\/\/roveyayinevi.com.tr\/index.php\/wp-json\/wp\/v2\/media?parent=727512"}],"wp:term":[{"taxonomy":"product_brand","embeddable":true,"href":"https:\/\/roveyayinevi.com.tr\/index.php\/wp-json\/wp\/v2\/product_brand?post=727512"},{"taxonomy":"product_cat","embeddable":true,"href":"https:\/\/roveyayinevi.com.tr\/index.php\/wp-json\/wp\/v2\/product_cat?post=727512"},{"taxonomy":"product_tag","embeddable":true,"href":"https:\/\/roveyayinevi.com.tr\/index.php\/wp-json\/wp\/v2\/product_tag?post=727512"}],"curies":[{"name":"wp","href":"https:\/\/api.w.org\/{rel}","templated":true}]}}