{"id":727511,"date":"2025-08-27T20:23:26","date_gmt":"2025-08-27T17:23:26","guid":{"rendered":"https:\/\/roveyayinevi.com.tr\/index.php\/urun\/galatasaray\/"},"modified":"2026-04-16T02:35:20","modified_gmt":"2026-04-15T23:35:20","slug":"galatasaray","status":"publish","type":"product","link":"https:\/\/roveyayinevi.com.tr\/index.php\/urun\/galatasaray\/","title":{"rendered":"Galatasaray"},"content":{"rendered":"<p>Galatasaray Nedir? Bir spor kul\u00fcb\u00fc m\u00fc ?Hay\u0131r,Ba\u015fkent Abuja sokaklar\u0131nda Hasan \u015ea\u015f formas\u0131yla dola\u015fan Nijeryal\u0131 ufak \u00e7ocuktur asl\u0131nda.Gol\u00fcn\u00fc at\u0131p tak\u0131m\u0131n\u0131 \u015fampiyonlu\u011fa ta\u015f\u0131d\u0131ktan sonra giydi\u011fi te\u011fmen formas\u0131yla cephede aln\u0131ndan vurulup \u015fehit d\u00fc\u015fen Celal \u0130brahim &#8216;dir.Ayn\u0131 zamanda Tevfik Fikret&#8217;tir Galatasaray ; gerici ayaklanmaya kar\u015f\u0131 g\u00f6\u011fs\u00fcn\u00fc Mekteb-i Sultani&#8217;nin kap\u0131s\u0131na siper eden &#8230;Ve Galatasaray , Bat\u0131&#8217; ya a\u00e7\u0131kan penceredir, Avrupa fatihidir Sar\u0131-K\u0131rm\u0131z\u0131l\u0131 renkler,umudun bitti\u011fi anda silkilinip aya\u011fa kalkan , T\u00fcrk sporu , T\u00fcrk futbolunu y\u00fccelten markad\u0131r.Ali Sami Bey&#8217;lerden , Turgay \u015eeren&#8217;lere , Metin Oktay&#8217;lardan Fatih Terim&#8217;lere ,Prekazi&#8217;lerden Hagi&#8217;lere , B\u00fclent&#8217;lere cesaretinin ad\u0131d\u0131r; GALATASARAY&#8230;17 May\u0131s 2000 ak\u015fam\u0131 Trabzon&#8217;un Mara\u015f caddesinden,Diyarbak\u0131r&#8217;\u0131n Ofis meydan\u0131na ,\u0130zmir&#8217;in Alsancak&#8217;\u0131ndan \u0130atanbul&#8217;un Taksim &#8216;ine kadar &#8216; RE-re-re-ra-ra-ra; GALATASARAY GALATASARAY C\u0130M BOM BOM&#8217; diye ba\u011f\u0131rttan bir tutkudur.<\/p>\n","protected":false},"excerpt":{"rendered":"<p>Galatasaray Nedir? Bir spor kul\u00fcb\u00fc m\u00fc ?Hay\u0131r,Ba\u015fkent Abuja sokaklar\u0131nda Hasan \u015ea\u015f formas\u0131yla dola\u015fan Nijeryal\u0131 ufak \u00e7ocuktur asl\u0131nda.Gol\u00fcn\u00fc at\u0131p tak\u0131m\u0131n\u0131 \u015fampiyonlu\u011fa ta\u015f\u0131d\u0131ktan sonra giydi\u011fi te\u011fmen formas\u0131yla cephede<span class=\"excerpt-hellip\"> [\u2026]<\/span><\/p>\n","protected":false},"featured_media":0,"template":"","meta":{"_monsterinsights_skip_tracking":false,"_monsterinsights_sitenote_active":false,"_monsterinsights_sitenote_note":"","_monsterinsights_sitenote_category":0},"product_brand":[],"product_cat":[15563,15564],"product_tag":[],"class_list":{"0":"post-727511","1":"product","2":"type-product","3":"status-publish","5":"product_cat-hobi","6":"product_cat-spor","7":"pa_cilt-ciltsiz","8":"pa_tur-kitap","9":"pa_yayinevi-cumhuriyet-kitaplari","10":"pa_yazar-arif-kizilyalin","12":"first","13":"instock","14":"sale","15":"shipping-taxable","16":"purchasable","17":"product-type-simple"},"_links":{"self":[{"href":"https:\/\/roveyayinevi.com.tr\/index.php\/wp-json\/wp\/v2\/product\/727511","targetHints":{"allow":["GET"]}}],"collection":[{"href":"https:\/\/roveyayinevi.com.tr\/index.php\/wp-json\/wp\/v2\/product"}],"about":[{"href":"https:\/\/roveyayinevi.com.tr\/index.php\/wp-json\/wp\/v2\/types\/product"}],"wp:attachment":[{"href":"https:\/\/roveyayinevi.com.tr\/index.php\/wp-json\/wp\/v2\/media?parent=727511"}],"wp:term":[{"taxonomy":"product_brand","embeddable":true,"href":"https:\/\/roveyayinevi.com.tr\/index.php\/wp-json\/wp\/v2\/product_brand?post=727511"},{"taxonomy":"product_cat","embeddable":true,"href":"https:\/\/roveyayinevi.com.tr\/index.php\/wp-json\/wp\/v2\/product_cat?post=727511"},{"taxonomy":"product_tag","embeddable":true,"href":"https:\/\/roveyayinevi.com.tr\/index.php\/wp-json\/wp\/v2\/product_tag?post=727511"}],"curies":[{"name":"wp","href":"https:\/\/api.w.org\/{rel}","templated":true}]}}