{"id":727509,"date":"2025-08-27T20:23:24","date_gmt":"2025-08-27T17:23:24","guid":{"rendered":"https:\/\/roveyayinevi.com.tr\/index.php\/urun\/turkiyede-ilk-tarikat-zumrelesmeleri\/"},"modified":"2026-04-16T02:35:20","modified_gmt":"2026-04-15T23:35:20","slug":"turkiyede-ilk-tarikat-zumrelesmeleri","status":"publish","type":"product","link":"https:\/\/roveyayinevi.com.tr\/index.php\/urun\/turkiyede-ilk-tarikat-zumrelesmeleri\/","title":{"rendered":"T\u00fcrkiye&#8217;de \u0130lk Tarikat Z\u00fcmrele\u015fmeleri"},"content":{"rendered":"<p>Temel din\u00ee tecr\u00fcbenin ifadelerinden biri olan sosyolojik tezah\u00fcr, s\u0131rf din\u00ee z\u00fcmreler olarak g\u00f6zlemlenmektedir. Bu bak\u0131mdan, bilhassa kurucusu olan dinler s\u0131rf din\u00ee z\u00fcmreler olarak anla\u015f\u0131labildi\u011fi gibi; bu inan\u00e7 topluluklar\u0131 i\u00e7erisinde ortaya \u00e7\u0131kan mezhep ve tarikatlar da, din sosyolojisi a\u00e7\u0131s\u0131ndan, inceleme ve ara\u015ft\u0131rma konusu olmaktad\u0131r. T\u00fcrkiye\u2019de \u00e7e\u015fitli din\u00ee z\u00fcmrele\u015fmelerle, varl\u0131\u011f\u0131n\u0131 s\u00fcrd\u00fcren topluluklar\u0131 da ele almak bak\u0131m\u0131ndan, onlar\u0131n kaynaklar\u0131na inmek ve Anadolu\u2019da ilk ortaya \u00e7\u0131kan din\u00ee z\u00fcmrele\u015fmeleri bilmek, \u00f6zellikle \u00f6nemlidir. Bunun i\u00e7in, kitab\u0131n yazar\u0131, Anadolu\u2019daki ilk din\u00ee-tasavvuf\u00ee z\u00fcmrele\u015fmeleri ara\u015ft\u0131rma konusu olarak se\u00e7mi\u015ftir. Bir din sosyolojisi uzman\u0131 olan yazar, s\u00f6z konusu bilimsel alan ile ara\u015ft\u0131rmada uygulanan din\u00ee tecr\u00fcbe \u00f6\u011fretisini k\u0131saca ele ald\u0131ktan sonra, T\u00fcrkiye\u2019de s\u00f6z\u00fc ge\u00e7en z\u00fcmrele\u015fmelerin sosyolojik zeminini te\u015fkil eden olaylar ve yeni bir toplum \u00e7evresi te\u015fekk\u00fcl\u00fcn\u00fc, g\u00f6r\u00fclen ilk din\u00ee-tasavvuf\u00ee bir araya geli\u015fleri, \u00f6zellikle ba\u015flang\u0131c\u0131 itibar\u0131yla buradaki topluluklarla ba\u011fl\u0131 z\u00fcmrele\u015fmeleri belirtmeye y\u00f6nelmektedir. Bu kitap ayr\u0131ca T\u00fcrkiye\u2019de din sosyolojisi alan\u0131nda yap\u0131lan ilk doktora tezi olma \u00f6zelli\u011fini ta\u015f\u0131maktad\u0131r.<\/p>\n","protected":false},"excerpt":{"rendered":"<p>Temel din\u00ee tecr\u00fcbenin ifadelerinden biri olan sosyolojik tezah\u00fcr, s\u0131rf din\u00ee z\u00fcmreler olarak g\u00f6zlemlenmektedir. Bu bak\u0131mdan, bilhassa kurucusu olan dinler s\u0131rf din\u00ee z\u00fcmreler olarak anla\u015f\u0131labildi\u011fi gibi; bu<span class=\"excerpt-hellip\"> [\u2026]<\/span><\/p>\n","protected":false},"featured_media":0,"template":"","meta":{"_monsterinsights_skip_tracking":false,"_monsterinsights_sitenote_active":false,"_monsterinsights_sitenote_note":"","_monsterinsights_sitenote_category":0},"product_brand":[],"product_cat":[12325,12324],"product_tag":[],"class_list":{"0":"post-727509","1":"product","2":"type-product","3":"status-publish","5":"product_cat-diger-sosyoloji","6":"product_cat-sosyoloji","7":"pa_cilt-ciltsiz","8":"pa_tur-kitap","9":"pa_yayinevi-dogu-bati-yayinlari","10":"pa_yazar-mehmet-rami-ayas","12":"first","13":"instock","14":"sale","15":"shipping-taxable","16":"purchasable","17":"product-type-simple"},"_links":{"self":[{"href":"https:\/\/roveyayinevi.com.tr\/index.php\/wp-json\/wp\/v2\/product\/727509","targetHints":{"allow":["GET"]}}],"collection":[{"href":"https:\/\/roveyayinevi.com.tr\/index.php\/wp-json\/wp\/v2\/product"}],"about":[{"href":"https:\/\/roveyayinevi.com.tr\/index.php\/wp-json\/wp\/v2\/types\/product"}],"wp:attachment":[{"href":"https:\/\/roveyayinevi.com.tr\/index.php\/wp-json\/wp\/v2\/media?parent=727509"}],"wp:term":[{"taxonomy":"product_brand","embeddable":true,"href":"https:\/\/roveyayinevi.com.tr\/index.php\/wp-json\/wp\/v2\/product_brand?post=727509"},{"taxonomy":"product_cat","embeddable":true,"href":"https:\/\/roveyayinevi.com.tr\/index.php\/wp-json\/wp\/v2\/product_cat?post=727509"},{"taxonomy":"product_tag","embeddable":true,"href":"https:\/\/roveyayinevi.com.tr\/index.php\/wp-json\/wp\/v2\/product_tag?post=727509"}],"curies":[{"name":"wp","href":"https:\/\/api.w.org\/{rel}","templated":true}]}}