{"id":727508,"date":"2025-08-27T20:23:23","date_gmt":"2025-08-27T17:23:23","guid":{"rendered":"https:\/\/roveyayinevi.com.tr\/index.php\/urun\/siir-sokaktan-antolojisi\/"},"modified":"2026-04-16T02:35:20","modified_gmt":"2026-04-15T23:35:20","slug":"siir-sokaktan-antolojisi","status":"publish","type":"product","link":"https:\/\/roveyayinevi.com.tr\/index.php\/urun\/siir-sokaktan-antolojisi\/","title":{"rendered":"\u015eiir Sokaktan Antolojisi"},"content":{"rendered":"<p>Hat\u0131rla! En son ne zaman kendini yollara vurdun? Gecenin bir yar\u0131s\u0131, k\u00f6\u015fesini doland\u0131\u011f\u0131n ka\u00e7 sokak seni sana getirdi? Bulabildin mi, arad\u0131k\u00e7a tek \u00e7izgiye d\u00f6nen uzun upuzun yollar\u0131n hi\u00e7li\u011fini? Yerk\u00fcre sana bir ad\u0131ml\u0131k bah\u015fetti\u011fi yolu, en son ne zaman \u00e7\u0131kmaz soka\u011fa \u00e7evirdi? Bizim i\u00e7in kaybetmekle ba\u015flayan ve yolculuklarca s\u00fcren ya\u015famak, senin i\u00e7in hangi ka\u00e7 y\u0131l ve ka\u00e7 sokak?&#8221; <\/p>\n","protected":false},"excerpt":{"rendered":"<p>Hat\u0131rla! En son ne zaman kendini yollara vurdun? Gecenin bir yar\u0131s\u0131, k\u00f6\u015fesini doland\u0131\u011f\u0131n ka\u00e7 sokak seni sana getirdi? Bulabildin mi, arad\u0131k\u00e7a tek \u00e7izgiye d\u00f6nen uzun upuzun<span class=\"excerpt-hellip\"> [\u2026]<\/span><\/p>\n","protected":false},"featured_media":0,"template":"","meta":{"_monsterinsights_skip_tracking":false,"_monsterinsights_sitenote_active":false,"_monsterinsights_sitenote_note":"","_monsterinsights_sitenote_category":0},"product_brand":[],"product_cat":[12291,12509],"product_tag":[],"class_list":{"0":"post-727508","1":"product","2":"type-product","3":"status-publish","5":"product_cat-edebiyat","6":"product_cat-siir","7":"pa_cilt-ciltsiz","8":"pa_tur-kitap","9":"pa_yayinevi-imgenin-cocuklari","10":"pa_yazar-arif-cimen","12":"first","13":"instock","14":"sale","15":"shipping-taxable","16":"purchasable","17":"product-type-simple"},"_links":{"self":[{"href":"https:\/\/roveyayinevi.com.tr\/index.php\/wp-json\/wp\/v2\/product\/727508","targetHints":{"allow":["GET"]}}],"collection":[{"href":"https:\/\/roveyayinevi.com.tr\/index.php\/wp-json\/wp\/v2\/product"}],"about":[{"href":"https:\/\/roveyayinevi.com.tr\/index.php\/wp-json\/wp\/v2\/types\/product"}],"wp:attachment":[{"href":"https:\/\/roveyayinevi.com.tr\/index.php\/wp-json\/wp\/v2\/media?parent=727508"}],"wp:term":[{"taxonomy":"product_brand","embeddable":true,"href":"https:\/\/roveyayinevi.com.tr\/index.php\/wp-json\/wp\/v2\/product_brand?post=727508"},{"taxonomy":"product_cat","embeddable":true,"href":"https:\/\/roveyayinevi.com.tr\/index.php\/wp-json\/wp\/v2\/product_cat?post=727508"},{"taxonomy":"product_tag","embeddable":true,"href":"https:\/\/roveyayinevi.com.tr\/index.php\/wp-json\/wp\/v2\/product_tag?post=727508"}],"curies":[{"name":"wp","href":"https:\/\/api.w.org\/{rel}","templated":true}]}}