{"id":727502,"date":"2025-08-27T20:23:16","date_gmt":"2025-08-27T17:23:16","guid":{"rendered":"https:\/\/roveyayinevi.com.tr\/index.php\/urun\/babam-bir-uzayli\/"},"modified":"2026-04-16T02:35:20","modified_gmt":"2026-04-15T23:35:20","slug":"babam-bir-uzayli","status":"publish","type":"product","link":"https:\/\/roveyayinevi.com.tr\/index.php\/urun\/babam-bir-uzayli\/","title":{"rendered":"Babam Bir Uzayl\u0131"},"content":{"rendered":"<p>Mert, babas\u0131n\u0131n bir uzayl\u0131 oldu\u011fundan \u015f\u00fcpheleniyordu ve bu \u015f\u00fcphesini  en yak\u0131n arkada\u015f\u0131 Alp&#8217;e a\u00e7\u0131klad\u0131. Sonraki g\u00fcnlerde iki arkada\u015f bunu kan\u0131tlama  \u00e7abas\u0131na giri\u015ftiler. Fakat babas\u0131 \u00e7ok ak\u0131ll\u0131yd\u0131, hi\u00e7 a\u00e7\u0131k vermiyordu.  Alp ve Mert, kilitli bir \u00e7ekmeceyi a\u00e7\u0131p garip bir cihaz bulduklar\u0131nda  her \u015fey netle\u015fmeye ba\u015flad\u0131&#8230;<\/p>\n","protected":false},"excerpt":{"rendered":"<p>Mert, babas\u0131n\u0131n bir uzayl\u0131 oldu\u011fundan \u015f\u00fcpheleniyordu ve bu \u015f\u00fcphesini en yak\u0131n arkada\u015f\u0131 Alp&#8217;e a\u00e7\u0131klad\u0131. Sonraki g\u00fcnlerde iki arkada\u015f bunu kan\u0131tlama \u00e7abas\u0131na giri\u015ftiler. Fakat babas\u0131 \u00e7ok ak\u0131ll\u0131yd\u0131,<span class=\"excerpt-hellip\"> [\u2026]<\/span><\/p>\n","protected":false},"featured_media":0,"template":"","meta":{"_monsterinsights_skip_tracking":false,"_monsterinsights_sitenote_active":false,"_monsterinsights_sitenote_note":"","_monsterinsights_sitenote_category":0},"product_brand":[],"product_cat":[12274,12284],"product_tag":[],"class_list":{"0":"post-727502","1":"product","2":"type-product","3":"status-publish","5":"product_cat-cocuk-ve-genclik-kitaplari","6":"product_cat-hikayeler","7":"pa_cilt-ciltsiz","8":"pa_tur-kitap","9":"pa_yayinevi-beyaz-balina-yayinlari","10":"pa_yazar-filiz-cicek","12":"first","13":"instock","14":"sale","15":"shipping-taxable","16":"purchasable","17":"product-type-simple"},"_links":{"self":[{"href":"https:\/\/roveyayinevi.com.tr\/index.php\/wp-json\/wp\/v2\/product\/727502","targetHints":{"allow":["GET"]}}],"collection":[{"href":"https:\/\/roveyayinevi.com.tr\/index.php\/wp-json\/wp\/v2\/product"}],"about":[{"href":"https:\/\/roveyayinevi.com.tr\/index.php\/wp-json\/wp\/v2\/types\/product"}],"wp:attachment":[{"href":"https:\/\/roveyayinevi.com.tr\/index.php\/wp-json\/wp\/v2\/media?parent=727502"}],"wp:term":[{"taxonomy":"product_brand","embeddable":true,"href":"https:\/\/roveyayinevi.com.tr\/index.php\/wp-json\/wp\/v2\/product_brand?post=727502"},{"taxonomy":"product_cat","embeddable":true,"href":"https:\/\/roveyayinevi.com.tr\/index.php\/wp-json\/wp\/v2\/product_cat?post=727502"},{"taxonomy":"product_tag","embeddable":true,"href":"https:\/\/roveyayinevi.com.tr\/index.php\/wp-json\/wp\/v2\/product_tag?post=727502"}],"curies":[{"name":"wp","href":"https:\/\/api.w.org\/{rel}","templated":true}]}}