{"id":727500,"date":"2025-08-27T20:23:14","date_gmt":"2025-08-27T17:23:14","guid":{"rendered":"https:\/\/roveyayinevi.com.tr\/index.php\/urun\/jubiaba\/"},"modified":"2026-04-16T02:35:20","modified_gmt":"2026-04-15T23:35:20","slug":"jubiaba","status":"publish","type":"product","link":"https:\/\/roveyayinevi.com.tr\/index.php\/urun\/jubiaba\/","title":{"rendered":"Jubiaba"},"content":{"rendered":"<p>Jubiab\u00e1, 1938\u2019de Frans\u0131zcas\u0131 yay\u0131mland\u0131\u011f\u0131nda, d\u00f6nemin i\u00e7e bak\u0131\u015f ve kelime oyunlar\u0131na dayal\u0131 modernist roman anlay\u0131\u015f\u0131na g\u00f6re metni yavan bulan Andr\u00e9 Gide\u2019in tersine Albert Camus\u2019y\u00fc \u00e7ok heyecanland\u0131rd\u0131. Bir kere, fazla \u201ckaba\u201dyd\u0131. D\u00fcz bir \u00e7izgide ilerleyen ve melodrama yaslanan bir tefrika roman t\u00fcr\u00fcndendi. Ancak tam da bu \u00f6zellikleri dolay\u0131s\u0131yla duygular\u0131 kolayca harekete ge\u00e7iren m\u00fcthi\u015f bir eylem g\u00fcc\u00fc vard\u0131.\u201cBen yaln\u0131zca bir hikaye anlat\u0131c\u0131s\u0131y\u0131m.\u201d Bunu her f\u0131rsatta dile getiren Brezilyal\u0131 yazar Jorge Amado, onu d\u00fcnyaca \u00fcne kavu\u015fturan Jubiab\u00e1 adl\u0131 roman\u0131nda, Ant\u00f4nio Baldu\u00edno adl\u0131 siyahi bir \u00f6ks\u00fcz\u00fcn serserilikten boks\u00f6rl\u00fc\u011fe, sirklerden t\u00fc*t\u00fcn plantasyonlar\u0131na ve en sonunda grev direni\u015f\u00e7ili\u011fine uzanan a\u015fk ve macera dolu uyan\u0131\u015f \u00f6yk\u00fcs\u00fcn\u00fc anlat\u0131yor.\u201cHarikulade ve m\u00fcthi\u015f bir kitap. E\u011fer ger\u00e7ekten roman her \u015feyden \u00f6nce eylemse, bu t\u00fcr\u00fcn\u00fcn tam bir \u00f6rne\u011fi. (\u2026) Gereksiz ak\u0131l oyunlar\u0131ndan bu denli uzak kalabilen kitap pek azd\u0131r. Tam aksine, bu eserde romans\u0131 \u00f6\u011felerin dokunakl\u0131 bir \u015fekilde kullan\u0131ld\u0131\u011f\u0131n\u0131, s\u00f6z\u00fcn bu \u00f6\u011feleri \u00f6l\u00e7\u00fcs\u00fczce, fazla fazla bar\u0131nd\u0131ran hayata b\u0131rak\u0131ld\u0131\u011f\u0131n\u0131 g\u00f6r\u00fcyorum.\u201dAlbert Camus<\/p>\n","protected":false},"excerpt":{"rendered":"<p>Jubiab\u00e1, 1938\u2019de Frans\u0131zcas\u0131 yay\u0131mland\u0131\u011f\u0131nda, d\u00f6nemin i\u00e7e bak\u0131\u015f ve kelime oyunlar\u0131na dayal\u0131 modernist roman anlay\u0131\u015f\u0131na g\u00f6re metni yavan bulan Andr\u00e9 Gide\u2019in tersine Albert Camus\u2019y\u00fc \u00e7ok heyecanland\u0131rd\u0131. Bir<span class=\"excerpt-hellip\"> [\u2026]<\/span><\/p>\n","protected":false},"featured_media":0,"template":"","meta":{"_monsterinsights_skip_tracking":false,"_monsterinsights_sitenote_active":false,"_monsterinsights_sitenote_note":"","_monsterinsights_sitenote_category":0},"product_brand":[],"product_cat":[12291,12711],"product_tag":[],"class_list":{"0":"post-727500","1":"product","2":"type-product","3":"status-publish","5":"product_cat-edebiyat","6":"product_cat-roman-oyku","7":"pa_cilt-ciltsiz","8":"pa_tur-kitap","9":"pa_yayinevi-kirmizi-kedi-yayinevi","10":"pa_yazar-jorge-amado","12":"first","13":"instock","14":"sale","15":"shipping-taxable","16":"purchasable","17":"product-type-simple"},"_links":{"self":[{"href":"https:\/\/roveyayinevi.com.tr\/index.php\/wp-json\/wp\/v2\/product\/727500","targetHints":{"allow":["GET"]}}],"collection":[{"href":"https:\/\/roveyayinevi.com.tr\/index.php\/wp-json\/wp\/v2\/product"}],"about":[{"href":"https:\/\/roveyayinevi.com.tr\/index.php\/wp-json\/wp\/v2\/types\/product"}],"wp:attachment":[{"href":"https:\/\/roveyayinevi.com.tr\/index.php\/wp-json\/wp\/v2\/media?parent=727500"}],"wp:term":[{"taxonomy":"product_brand","embeddable":true,"href":"https:\/\/roveyayinevi.com.tr\/index.php\/wp-json\/wp\/v2\/product_brand?post=727500"},{"taxonomy":"product_cat","embeddable":true,"href":"https:\/\/roveyayinevi.com.tr\/index.php\/wp-json\/wp\/v2\/product_cat?post=727500"},{"taxonomy":"product_tag","embeddable":true,"href":"https:\/\/roveyayinevi.com.tr\/index.php\/wp-json\/wp\/v2\/product_tag?post=727500"}],"curies":[{"name":"wp","href":"https:\/\/api.w.org\/{rel}","templated":true}]}}