{"id":727499,"date":"2025-08-27T20:23:13","date_gmt":"2025-08-27T17:23:13","guid":{"rendered":"https:\/\/roveyayinevi.com.tr\/index.php\/urun\/kadinin-romana-yansiyan-yuzu-ayla-kutlu\/"},"modified":"2026-04-16T02:35:20","modified_gmt":"2026-04-15T23:35:20","slug":"kadinin-romana-yansiyan-yuzu-ayla-kutlu","status":"publish","type":"product","link":"https:\/\/roveyayinevi.com.tr\/index.php\/urun\/kadinin-romana-yansiyan-yuzu-ayla-kutlu\/","title":{"rendered":"Kad\u0131n\u0131n Romana Yans\u0131yan Y\u00fcz\u00fc Ayla Kutlu"},"content":{"rendered":"<p>1980 sonras\u0131 T\u00fcrk edebiyat\u0131 yazarlar\u0131 i\u00e7erisinde roman, \u00f6yk\u00fc ve \u00e7ocuk \u00f6yk\u00fcleriyle yer edinen Ayla Kutlu, k\u0131s\u0131tlay\u0131c\u0131 s\u0131n\u0131fland\u0131rmalardan s\u0131yr\u0131larak kendisini &#8220;yazarlar aras\u0131nda bir kad\u0131n&#8221; olarak tan\u0131mlar. Romanlar\u0131nda insan\u0131, taraf tutmadan ve yarg\u0131lamadan anlatmay\u0131 ilke edinen Ayla Kutlu, S\u00fcmer mitolojisinden Cumhuriyet D\u00f6nemi T\u00fcrkiye&#8217;sine kadar geni\u015f bir zaman dilimini eserlerine dahil ederek kurguda kendi \u00fcslubunu yarat\u0131r. Ayla Kutlu&#8217;nun roman kahramanlar\u0131 aras\u0131nda kad\u0131n karakterler \u00f6ne \u00e7\u0131kar. Kutlu&#8217;nun romanlar\u0131nda kad\u0131n, birtak\u0131m bireysel ve toplumsal yarg\u0131larla ku\u015fat\u0131lm\u0131\u015f ser\u00fcveninde \u00f6zelden genele do\u011fru geni\u015fleyen trajedinin oda\u011f\u0131nda yer al\u0131r. Bununla birlikte yazar\u0131n eserlerinde uyumu, sevgiyi ve bar\u0131\u015f\u00e7\u0131l bir ya\u015fam\u0131 \u00f6ncelemesi dikkatlerden ka\u00e7maz. Dr. G\u00fcrhan \u00c7opur, bu \u00e7al\u0131\u015fmada Ayla Kutlu&#8217;nun romanlar\u0131n\u0131 Yap\u0131 ve \u0130zlek ba\u011flam\u0131nda analiz etmektedir.<\/p>\n","protected":false},"excerpt":{"rendered":"<p>1980 sonras\u0131 T\u00fcrk edebiyat\u0131 yazarlar\u0131 i\u00e7erisinde roman, \u00f6yk\u00fc ve \u00e7ocuk \u00f6yk\u00fcleriyle yer edinen Ayla Kutlu, k\u0131s\u0131tlay\u0131c\u0131 s\u0131n\u0131fland\u0131rmalardan s\u0131yr\u0131larak kendisini &#8220;yazarlar aras\u0131nda bir kad\u0131n&#8221; olarak tan\u0131mlar. Romanlar\u0131nda<span class=\"excerpt-hellip\"> [\u2026]<\/span><\/p>\n","protected":false},"featured_media":0,"template":"","meta":{"_monsterinsights_skip_tracking":false,"_monsterinsights_sitenote_active":false,"_monsterinsights_sitenote_note":"","_monsterinsights_sitenote_category":0},"product_brand":[],"product_cat":[13072,12291],"product_tag":[],"class_list":{"0":"post-727499","1":"product","2":"type-product","3":"status-publish","5":"product_cat-arastirma-inceleme-referans","6":"product_cat-edebiyat","7":"pa_cilt-ciltsiz","8":"pa_tur-kitap","9":"pa_yayinevi-ilbilge-yayincilik","10":"pa_yazar-gurhan-copur","12":"first","13":"instock","14":"sale","15":"shipping-taxable","16":"purchasable","17":"product-type-simple"},"_links":{"self":[{"href":"https:\/\/roveyayinevi.com.tr\/index.php\/wp-json\/wp\/v2\/product\/727499","targetHints":{"allow":["GET"]}}],"collection":[{"href":"https:\/\/roveyayinevi.com.tr\/index.php\/wp-json\/wp\/v2\/product"}],"about":[{"href":"https:\/\/roveyayinevi.com.tr\/index.php\/wp-json\/wp\/v2\/types\/product"}],"wp:attachment":[{"href":"https:\/\/roveyayinevi.com.tr\/index.php\/wp-json\/wp\/v2\/media?parent=727499"}],"wp:term":[{"taxonomy":"product_brand","embeddable":true,"href":"https:\/\/roveyayinevi.com.tr\/index.php\/wp-json\/wp\/v2\/product_brand?post=727499"},{"taxonomy":"product_cat","embeddable":true,"href":"https:\/\/roveyayinevi.com.tr\/index.php\/wp-json\/wp\/v2\/product_cat?post=727499"},{"taxonomy":"product_tag","embeddable":true,"href":"https:\/\/roveyayinevi.com.tr\/index.php\/wp-json\/wp\/v2\/product_tag?post=727499"}],"curies":[{"name":"wp","href":"https:\/\/api.w.org\/{rel}","templated":true}]}}