{"id":727496,"date":"2025-08-27T20:23:10","date_gmt":"2025-08-27T17:23:10","guid":{"rendered":"https:\/\/roveyayinevi.com.tr\/index.php\/urun\/vefatinin-70-yildonumunde-bir-garip-orhan-veli\/"},"modified":"2026-04-16T02:35:19","modified_gmt":"2026-04-15T23:35:19","slug":"vefatinin-70-yildonumunde-bir-garip-orhan-veli","status":"publish","type":"product","link":"https:\/\/roveyayinevi.com.tr\/index.php\/urun\/vefatinin-70-yildonumunde-bir-garip-orhan-veli\/","title":{"rendered":"Vefat\u0131n\u0131n 70. Y\u0131ld\u00f6n\u00fcm\u00fcnde Bir Garip Orhan Veli"},"content":{"rendered":"<p>Modern T\u00fcrk \u015fiirinin tart\u0131\u015fmas\u0131z en \u00f6nemli isimlerinden biri olan Orhan Veli Kan\u0131k, hem sanatk\u00e2r kimli\u011fi hem de edebiyat\u0131m\u0131zda yeni bir \u00e7\u0131\u011f\u0131r a\u00e7an Garip ak\u0131m\u0131n\u0131n temellerini atmas\u0131 y\u00f6n\u00fcyle b\u00fcy\u00fck \u00f6nem arz eder. Elinizdeki bu kitap ise b\u00fcy\u00fck \u015fairi, vefat\u0131n\u0131n 70. y\u0131l\u0131nda sanat ve edebiyat hayat\u0131m\u0131za katk\u0131lar\u0131 dolay\u0131s\u0131yla anmak i\u00e7in haz\u0131rlanm\u0131\u015ft\u0131r. Alan\u0131nda uzman pek \u00e7ok akademisyenin Orhan Veli&#8217;nin sanatk\u00e2r kimli\u011fini, \u015fiirlerini, \u015fiirlerindeki temalar\u0131, hik\u00e2yelerini, d\u00fczyaz\u0131lar\u0131n\u0131, \u00e7evirilerini, mektuplar\u0131n\u0131, \u015fair ve yazarlar hakk\u0131ndaki g\u00f6r\u00fc\u015fleri ile edebiyat\u0131m\u0131za getirdi\u011fi yenilikleri de\u011ferlendirmek ve bu de\u011ferli \u015fairi anmak \u00fczere bir araya geldi\u011fi bu eserin Orhan Veli hakk\u0131ndaki ara\u015ft\u0131rmalara ufuk a\u00e7\u0131c\u0131 nitelikte bir katk\u0131 sa\u011flayaca\u011f\u0131n\u0131 d\u00fc\u015f\u00fcn\u00fcyor, iyi okumalar diliyoruz.<\/p>\n","protected":false},"excerpt":{"rendered":"<p>Modern T\u00fcrk \u015fiirinin tart\u0131\u015fmas\u0131z en \u00f6nemli isimlerinden biri olan Orhan Veli Kan\u0131k, hem sanatk\u00e2r kimli\u011fi hem de edebiyat\u0131m\u0131zda yeni bir \u00e7\u0131\u011f\u0131r a\u00e7an Garip ak\u0131m\u0131n\u0131n temellerini atmas\u0131<span class=\"excerpt-hellip\"> [\u2026]<\/span><\/p>\n","protected":false},"featured_media":0,"template":"","meta":{"_monsterinsights_skip_tracking":false,"_monsterinsights_sitenote_active":false,"_monsterinsights_sitenote_note":"","_monsterinsights_sitenote_category":0},"product_brand":[],"product_cat":[14009,12291],"product_tag":[],"class_list":{"0":"post-727496","1":"product","2":"type-product","3":"status-publish","5":"product_cat-biyografi-otobiyografi-edebiyat","6":"product_cat-edebiyat","7":"pa_cilt-ciltsiz","8":"pa_tur-kitap","9":"pa_yayinevi-ilbilge-yayincilik","10":"pa_yazar-fatih-sakalli","12":"first","13":"instock","14":"sale","15":"shipping-taxable","16":"purchasable","17":"product-type-simple"},"_links":{"self":[{"href":"https:\/\/roveyayinevi.com.tr\/index.php\/wp-json\/wp\/v2\/product\/727496","targetHints":{"allow":["GET"]}}],"collection":[{"href":"https:\/\/roveyayinevi.com.tr\/index.php\/wp-json\/wp\/v2\/product"}],"about":[{"href":"https:\/\/roveyayinevi.com.tr\/index.php\/wp-json\/wp\/v2\/types\/product"}],"wp:attachment":[{"href":"https:\/\/roveyayinevi.com.tr\/index.php\/wp-json\/wp\/v2\/media?parent=727496"}],"wp:term":[{"taxonomy":"product_brand","embeddable":true,"href":"https:\/\/roveyayinevi.com.tr\/index.php\/wp-json\/wp\/v2\/product_brand?post=727496"},{"taxonomy":"product_cat","embeddable":true,"href":"https:\/\/roveyayinevi.com.tr\/index.php\/wp-json\/wp\/v2\/product_cat?post=727496"},{"taxonomy":"product_tag","embeddable":true,"href":"https:\/\/roveyayinevi.com.tr\/index.php\/wp-json\/wp\/v2\/product_tag?post=727496"}],"curies":[{"name":"wp","href":"https:\/\/api.w.org\/{rel}","templated":true}]}}