{"id":727495,"date":"2025-08-27T20:23:08","date_gmt":"2025-08-27T17:23:08","guid":{"rendered":"https:\/\/roveyayinevi.com.tr\/index.php\/urun\/degirmen-13\/"},"modified":"2026-04-08T02:44:07","modified_gmt":"2026-04-07T23:44:07","slug":"degirmen-13","status":"publish","type":"product","link":"https:\/\/roveyayinevi.com.tr\/index.php\/urun\/degirmen-13\/","title":{"rendered":"De\u011firmen"},"content":{"rendered":"<p>Sen sevgiline ne verebilirsin sanki? Kalbini mi? Pekala, ikincisine? Gene mi o? \u00dc\u00e7\u00fcnc\u00fc ve d\u00f6rd\u00fcnc\u00fcye de mi o? Atma be ada\u015f\u0131m, ka\u00e7 tane kalbin var senin? Hem biliyor musun, bu aptalca bir laft\u0131r. Kalbin oldu\u011fu yerde duruyor ve sen onu filana veya falana veriyorsun&#8230; G\u00f6\u011fs\u00fcn\u00fc yararak o eti oradan \u00e7\u0131kar\u0131r ve sevgilinin \u00f6n\u00fcne atarsan o zaman kalbini vermi\u015f olursun&#8230; Siz sevemezsiniz ada\u015f\u0131m, siz \u015fehirde ya\u015fayanlar ve k\u00f6yde ya\u015fayanlar; siz, birisine boyun e\u011fen ve birisine emredenler; siz, birisinden korkan ve birisini tehdit edenler&#8230; Siz sevemezsiniz.Sevmeyi yaln\u0131z bizler biliriz&#8230; Bizler: Bat\u0131 r\u00fczg\u00e2r\u0131 kadar serbest dola\u015fan (&#8230;) \u00c7ingeneler&#8230;<\/p>\n","protected":false},"excerpt":{"rendered":"<p>Sen sevgiline ne verebilirsin sanki? Kalbini mi? Pekala, ikincisine? Gene mi o? \u00dc\u00e7\u00fcnc\u00fc ve d\u00f6rd\u00fcnc\u00fcye de mi o? Atma be ada\u015f\u0131m, ka\u00e7 tane kalbin var senin?<span class=\"excerpt-hellip\"> [\u2026]<\/span><\/p>\n","protected":false},"featured_media":0,"template":"","meta":{"_monsterinsights_skip_tracking":false,"_monsterinsights_sitenote_active":false,"_monsterinsights_sitenote_note":"","_monsterinsights_sitenote_category":0},"product_brand":[],"product_cat":[12291,12711],"product_tag":[],"class_list":{"0":"post-727495","1":"product","2":"type-product","3":"status-publish","5":"product_cat-edebiyat","6":"product_cat-roman-oyku","7":"pa_cilt-ciltsiz","8":"pa_tur-kitap","9":"pa_yayinevi-ilbilge-yayincilik","10":"pa_yazar-sabahattin-ali","12":"first","13":"instock","14":"sale","15":"shipping-taxable","16":"purchasable","17":"product-type-simple"},"_links":{"self":[{"href":"https:\/\/roveyayinevi.com.tr\/index.php\/wp-json\/wp\/v2\/product\/727495","targetHints":{"allow":["GET"]}}],"collection":[{"href":"https:\/\/roveyayinevi.com.tr\/index.php\/wp-json\/wp\/v2\/product"}],"about":[{"href":"https:\/\/roveyayinevi.com.tr\/index.php\/wp-json\/wp\/v2\/types\/product"}],"wp:attachment":[{"href":"https:\/\/roveyayinevi.com.tr\/index.php\/wp-json\/wp\/v2\/media?parent=727495"}],"wp:term":[{"taxonomy":"product_brand","embeddable":true,"href":"https:\/\/roveyayinevi.com.tr\/index.php\/wp-json\/wp\/v2\/product_brand?post=727495"},{"taxonomy":"product_cat","embeddable":true,"href":"https:\/\/roveyayinevi.com.tr\/index.php\/wp-json\/wp\/v2\/product_cat?post=727495"},{"taxonomy":"product_tag","embeddable":true,"href":"https:\/\/roveyayinevi.com.tr\/index.php\/wp-json\/wp\/v2\/product_tag?post=727495"}],"curies":[{"name":"wp","href":"https:\/\/api.w.org\/{rel}","templated":true}]}}