{"id":727494,"date":"2025-08-27T20:23:07","date_gmt":"2025-08-27T17:23:07","guid":{"rendered":"https:\/\/roveyayinevi.com.tr\/index.php\/urun\/mankurtluk-kulahi\/"},"modified":"2026-04-16T02:35:19","modified_gmt":"2026-04-15T23:35:19","slug":"mankurtluk-kulahi","status":"publish","type":"product","link":"https:\/\/roveyayinevi.com.tr\/index.php\/urun\/mankurtluk-kulahi\/","title":{"rendered":"Mankurtluk K\u00fclah\u0131"},"content":{"rendered":"<p>K\u00fclt\u00fcr emperyalizmi, bir devletin ya da bir toplulu\u011fun kendi k\u00fclt\u00fcr\u00fcn\u00fc, sanat\u0131n\u0131, edebiyat\u0131n\u0131, ya\u015fama tarz\u0131n\u0131, esir al\u0131p k\u00f6lele\u015ftirmek istedi\u011fi ba\u015fka bir millete propagandayla, te\u015fvikle, \u00f6zendirerek, tehditle ya da ba\u015fka bir yolla dayatmas\u0131, benimsetmesidir. Bu ba\u011flamda Bat\u0131 emperyalizmi, \u00f6zellikle Tanzimat\u2019tan bu yana T\u00fcrk milleti \u00fczerinde b\u00fcy\u00fck ve yo\u011fun bir k\u00fclt\u00fcr emperyalizmi uygulamaktad\u0131r. T\u00fcrk\u2010\u0130slam k\u00fclt\u00fcr ve sanat\u0131n\u0131 a\u015fa\u011f\u0131layarak, de\u011fersizle\u015ftirerek, yok ederek onun yerine kendi k\u00fclt\u00fcr\u00fcn\u00fc dayatmaya devam etmektedir. G\u00fcn\u00fcm\u00fczde de bu emperyalist \u00e7al\u0131\u015fmalar h\u0131zla devam ediyor. Bug\u00fcn T\u00fcrk \u00e7ocuklar\u0131, kendi T\u00fcrk\u2010\u0130slam k\u00fclt\u00fcr ve medeniyetinden h\u0131zla uzakla\u015ft\u0131r\u0131larak bat\u0131c\u0131la\u015ft\u0131r\u0131lmaya, bat\u0131l\u0131lara tapar h\u00e2le getirilmeye, bat\u0131l\u0131 gibi d\u00fc\u015f\u00fcnmeye, bat\u0131l\u0131 gibi duymaya ve bakmaya y\u00f6nlendirilmektedir. Avrupa ve Amerika kaynakl\u0131 filmler, m\u00fczikler, romanlar, \u015funlar bunlar \u00fclkemizi \u00e2deta istila etmi\u015f, T\u00fcrk \u00e7ocuklar\u0131 emperyalist bat\u0131n\u0131n de\u011fersiz, anlams\u0131z, sa\u00e7ma sapan k\u00fclt\u00fcr ve sanat\u0131n\u0131n pazar\u0131 h\u00e2line gelmi\u015ftir. B\u00f6ylesine bir k\u00fclt\u00fcr emperyalizmine maruz kalan T\u00fcrk \u00e7ocuklar\u0131, kendi kimliklerine, tarihlerine, atalar\u0131na, dinlerine, ya\u015fama bi\u00e7imlerine, \u00e2det, gelenek ve g\u00f6reneklerine yabanc\u0131la\u015fmakta; hatta kendi de\u011ferlerine d\u00fc\u015fman edilmektedir. Bunun ad\u0131 mankurtla\u015ft\u0131rmad\u0131r. Bat\u0131n\u0131n k\u00fclt\u00fcr emperyalizminin amac\u0131 ve hedefi, T\u00fcrk \u00e7ocuklar\u0131n\u0131 mankurtla\u015ft\u0131rarak etkisiz h\u00e2le getirmek, kimliksiz, ki\u015filiksiz, tarihsiz, de\u011fersiz, dinsiz, kendine g\u00fcvensiz, ba\u011f\u0131ms\u0131z d\u00fc\u015f\u00fcnemez, \u00f6zg\u00fcn fikir, proje \u00fcretemez, kendi ayaklar\u0131 \u00fczerinde duramaz h\u00e2le getirerek kolayca s\u00f6m\u00fcr\u00fclebilir, g\u00fcd\u00fclebilir bir s\u00fcr\u00fcye d\u00f6n\u00fc\u015ft\u00fcrmektir.&#8221;<\/p>\n","protected":false},"excerpt":{"rendered":"<p>K\u00fclt\u00fcr emperyalizmi, bir devletin ya da bir toplulu\u011fun kendi k\u00fclt\u00fcr\u00fcn\u00fc, sanat\u0131n\u0131, edebiyat\u0131n\u0131, ya\u015fama tarz\u0131n\u0131, esir al\u0131p k\u00f6lele\u015ftirmek istedi\u011fi ba\u015fka bir millete propagandayla, te\u015fvikle, \u00f6zendirerek, tehditle ya<span class=\"excerpt-hellip\"> [\u2026]<\/span><\/p>\n","protected":false},"featured_media":0,"template":"","meta":{"_monsterinsights_skip_tracking":false,"_monsterinsights_sitenote_active":false,"_monsterinsights_sitenote_note":"","_monsterinsights_sitenote_category":0},"product_brand":[],"product_cat":[12291,12711],"product_tag":[],"class_list":{"0":"post-727494","1":"product","2":"type-product","3":"status-publish","5":"product_cat-edebiyat","6":"product_cat-roman-oyku","7":"pa_cilt-ciltsiz","8":"pa_tur-kitap","9":"pa_yayinevi-ilbilge-yayincilik","10":"pa_yazar-nurullah-cetin","12":"first","13":"instock","14":"sale","15":"shipping-taxable","16":"purchasable","17":"product-type-simple"},"_links":{"self":[{"href":"https:\/\/roveyayinevi.com.tr\/index.php\/wp-json\/wp\/v2\/product\/727494","targetHints":{"allow":["GET"]}}],"collection":[{"href":"https:\/\/roveyayinevi.com.tr\/index.php\/wp-json\/wp\/v2\/product"}],"about":[{"href":"https:\/\/roveyayinevi.com.tr\/index.php\/wp-json\/wp\/v2\/types\/product"}],"wp:attachment":[{"href":"https:\/\/roveyayinevi.com.tr\/index.php\/wp-json\/wp\/v2\/media?parent=727494"}],"wp:term":[{"taxonomy":"product_brand","embeddable":true,"href":"https:\/\/roveyayinevi.com.tr\/index.php\/wp-json\/wp\/v2\/product_brand?post=727494"},{"taxonomy":"product_cat","embeddable":true,"href":"https:\/\/roveyayinevi.com.tr\/index.php\/wp-json\/wp\/v2\/product_cat?post=727494"},{"taxonomy":"product_tag","embeddable":true,"href":"https:\/\/roveyayinevi.com.tr\/index.php\/wp-json\/wp\/v2\/product_tag?post=727494"}],"curies":[{"name":"wp","href":"https:\/\/api.w.org\/{rel}","templated":true}]}}