{"id":727491,"date":"2025-08-27T20:23:04","date_gmt":"2025-08-27T17:23:04","guid":{"rendered":"https:\/\/roveyayinevi.com.tr\/index.php\/urun\/sehir-ve-yazar\/"},"modified":"2026-04-16T02:35:19","modified_gmt":"2026-04-15T23:35:19","slug":"sehir-ve-yazar","status":"publish","type":"product","link":"https:\/\/roveyayinevi.com.tr\/index.php\/urun\/sehir-ve-yazar\/","title":{"rendered":"\u015eehir ve Yazar"},"content":{"rendered":"<p>\u2018\u015eehir ve Yazar\u2019 adl\u0131 bu \u00e7al\u0131\u015fma, maddi de\u011feri artmakla birlikte anlam\u0131n\u0131 yitiren \u015fehirlere edebiyat penceresinden bakmay\u0131 ama\u00e7 edinmektedir. Belirlenen alt\u0131 soru ile yazarlar\u0131m\u0131z\u0131n do\u011fdu\u011fu, bir d\u00f6nem ya\u015fad\u0131\u011f\u0131, memleket kabul etti\u011fi veya ikamet etti\u011fi \u015fehirler hakk\u0131nda g\u00f6r\u00fc\u015fleri al\u0131nm\u0131\u015f; onlar\u0131n sosyal hayatla ili\u015fkili olarak \u015fehir, mahalle, cadde, sokak ve ev gibi mek\u00e2nlara nas\u0131l bakt\u0131klar\u0131 okuyucular\u0131n dikkatlerine sunulmu\u015ftur. Kurmacan\u0131n ve estetik kayg\u0131n\u0131n bask\u0131s\u0131 olmadan okuyucu ile yazar\u0131 ba\u015f ba\u015fa b\u0131rakan bir t\u00fcr olan r\u00f6portajlar, bu kitapta yazarlar\u0131m\u0131z\u0131n \u015fehir hakk\u0131ndaki tan\u0131kl\u0131klar\u0131n\u0131, duygu ve d\u00fc\u015f\u00fcncelerini dile getirmelerine vesile olmu\u015ftur. Modern insan\u0131n ge\u00e7mi\u015fi arama \u00e7abas\u0131n\u0131n bir yans\u0131mas\u0131 olan nostalji arzusu, \u015fehir ya\u015fam\u0131n\u0131n h\u0131zl\u0131 ve yo\u011fun temposunun beraberinde getirdi\u011fi yaln\u0131zla\u015fma ve bireyselle\u015fme olgusundan do\u011fmaktad\u0131r. \u0130\u015fte bu r\u00f6portajlar, yazarlar\u0131m\u0131z\u0131n bu bak\u0131\u015f a\u00e7\u0131s\u0131 \u00e7er\u00e7evesinde eski ile yeniyi k\u0131yaslad\u0131klar\u0131 ve \u00f6zlemini duyduklar\u0131 \u015fehri de ifade eden metinler olarak d\u00fc\u015f\u00fcn\u00fclebilir. \u00c7al\u0131\u015fman\u0131n bu d\u00fc\u015f\u00fcncelerden hareketle \u015fehir merkezli \u00e7al\u0131\u015fmalara katk\u0131 sa\u011flayaca\u011f\u0131n\u0131 d\u00fc\u015f\u00fcn\u00fcyor, tek yazarla yap\u0131lan r\u00f6portaj kitaplar\u0131ndan farkl\u0131 olarak r\u00f6portaj kitaplar\u0131na da yeni bir soluk getirece\u011fini umut ediyoruz..<\/p>\n","protected":false},"excerpt":{"rendered":"<p>\u2018\u015eehir ve Yazar\u2019 adl\u0131 bu \u00e7al\u0131\u015fma, maddi de\u011feri artmakla birlikte anlam\u0131n\u0131 yitiren \u015fehirlere edebiyat penceresinden bakmay\u0131 ama\u00e7 edinmektedir. Belirlenen alt\u0131 soru ile yazarlar\u0131m\u0131z\u0131n do\u011fdu\u011fu, bir d\u00f6nem<span class=\"excerpt-hellip\"> [\u2026]<\/span><\/p>\n","protected":false},"featured_media":0,"template":"","meta":{"_monsterinsights_skip_tracking":false,"_monsterinsights_sitenote_active":false,"_monsterinsights_sitenote_note":"","_monsterinsights_sitenote_category":0},"product_brand":[],"product_cat":[12777,12291],"product_tag":[],"class_list":{"0":"post-727491","1":"product","2":"type-product","3":"status-publish","5":"product_cat-deneme","6":"product_cat-edebiyat","7":"pa_cilt-ciltsiz","8":"pa_tur-kitap","9":"pa_yayinevi-ilbilge-yayincilik","10":"pa_yazar-fatih-sakalli","12":"first","13":"instock","14":"sale","15":"shipping-taxable","16":"purchasable","17":"product-type-simple"},"_links":{"self":[{"href":"https:\/\/roveyayinevi.com.tr\/index.php\/wp-json\/wp\/v2\/product\/727491","targetHints":{"allow":["GET"]}}],"collection":[{"href":"https:\/\/roveyayinevi.com.tr\/index.php\/wp-json\/wp\/v2\/product"}],"about":[{"href":"https:\/\/roveyayinevi.com.tr\/index.php\/wp-json\/wp\/v2\/types\/product"}],"wp:attachment":[{"href":"https:\/\/roveyayinevi.com.tr\/index.php\/wp-json\/wp\/v2\/media?parent=727491"}],"wp:term":[{"taxonomy":"product_brand","embeddable":true,"href":"https:\/\/roveyayinevi.com.tr\/index.php\/wp-json\/wp\/v2\/product_brand?post=727491"},{"taxonomy":"product_cat","embeddable":true,"href":"https:\/\/roveyayinevi.com.tr\/index.php\/wp-json\/wp\/v2\/product_cat?post=727491"},{"taxonomy":"product_tag","embeddable":true,"href":"https:\/\/roveyayinevi.com.tr\/index.php\/wp-json\/wp\/v2\/product_tag?post=727491"}],"curies":[{"name":"wp","href":"https:\/\/api.w.org\/{rel}","templated":true}]}}