{"id":727489,"date":"2025-08-27T20:23:01","date_gmt":"2025-08-27T17:23:01","guid":{"rendered":"https:\/\/roveyayinevi.com.tr\/index.php\/urun\/kadim-gemi-2\/"},"modified":"2026-04-16T02:35:19","modified_gmt":"2026-04-15T23:35:19","slug":"kadim-gemi-2","status":"publish","type":"product","link":"https:\/\/roveyayinevi.com.tr\/index.php\/urun\/kadim-gemi-2\/","title":{"rendered":"Kadim Gemi"},"content":{"rendered":"<p>\u00c7in\u2019in ya\u015fayan en b\u00fcy\u00fck yazarlar\u0131 aras\u0131nda an\u0131lan Zhang Wei\u2019nin \u201ck\u00fclt\u201d roman\u0131 Kadim Gemi, \u00e7a\u011fda\u015f \u00c7in edebiyat\u0131n\u0131n hakk\u0131nda en \u00e7ok konu\u015fulan kitaplar\u0131ndan.Hayali bir kuzey kasabas\u0131 Wali ve bu kasaban\u0131n \u00fc\u00e7 b\u00fcy\u00fck ailesi (Sui, Li ve Zhao) \u00fczerinden Zhang Wei, \u00c7in Halk Cumhuriyeti\u2019nin kurulu\u015funu ve sonraki 40 y\u0131l\u0131n\u0131 kaleme al\u0131yor. Bir zamanlar verimli bir nehir kenar\u0131nda olsa da art\u0131k eski g\u00fcnlerini arayan b\u00fct\u00fcn Wali kasabas\u0131n\u0131n temel ge\u00e7im kayna\u011f\u0131 noodle imalathanesinden sa\u011flanmaktad\u0131r. Ancak devrim sonras\u0131 ya\u015fanan k\u0131tl\u0131k, toprak reformu ve sanayi at\u0131l\u0131m\u0131, nesillerdir bu kasabada ya\u015fayan aileleri de etkileyecektir. Wali\u2019deki \u201chayatta kalma\u201d m\u00fccadelesi asl\u0131nda b\u00fct\u00fcn bir \u00c7in Halk Cumhuriyeti\u2019nin hik\u00e2yesidir\u2026Kadim Gemi\u2019de, \u00fc\u00e7 ailenin \u00fc\u00e7 ku\u015fa\u011f\u0131n\u0131n k\u0131rk y\u0131ll\u0131k hik\u00e2yesini do\u011frusal bir bi\u00e7imde de\u011fil dairesel ve yer yer s\u0131\u00e7ramalarla anlatan Zhang Wei, \u00c7in halk\u0131n\u0131n hayat kar\u015f\u0131s\u0131ndaki geleneksel tutumunu ve devrim sonras\u0131 ya\u015fanan zorluklar kar\u015f\u0131s\u0131ndaki psikolojik de\u011fi\u015fimlerini ola\u011fan\u00fcst\u00fc bir ustal\u0131kla aktar\u0131yor.<\/p>\n","protected":false},"excerpt":{"rendered":"<p>\u00c7in\u2019in ya\u015fayan en b\u00fcy\u00fck yazarlar\u0131 aras\u0131nda an\u0131lan Zhang Wei\u2019nin \u201ck\u00fclt\u201d roman\u0131 Kadim Gemi, \u00e7a\u011fda\u015f \u00c7in edebiyat\u0131n\u0131n hakk\u0131nda en \u00e7ok konu\u015fulan kitaplar\u0131ndan.Hayali bir kuzey kasabas\u0131 Wali ve<span class=\"excerpt-hellip\"> [\u2026]<\/span><\/p>\n","protected":false},"featured_media":0,"template":"","meta":{"_monsterinsights_skip_tracking":false,"_monsterinsights_sitenote_active":false,"_monsterinsights_sitenote_note":"","_monsterinsights_sitenote_category":0},"product_brand":[],"product_cat":[12291,12711],"product_tag":[],"class_list":{"0":"post-727489","1":"product","2":"type-product","3":"status-publish","5":"product_cat-edebiyat","6":"product_cat-roman-oyku","7":"pa_cilt-ciltsiz","8":"pa_tur-kitap","9":"pa_yayinevi-kirmizi-kedi-yayinevi","10":"pa_yazar-zhang-wei","12":"first","13":"instock","14":"sale","15":"shipping-taxable","16":"purchasable","17":"product-type-simple"},"_links":{"self":[{"href":"https:\/\/roveyayinevi.com.tr\/index.php\/wp-json\/wp\/v2\/product\/727489","targetHints":{"allow":["GET"]}}],"collection":[{"href":"https:\/\/roveyayinevi.com.tr\/index.php\/wp-json\/wp\/v2\/product"}],"about":[{"href":"https:\/\/roveyayinevi.com.tr\/index.php\/wp-json\/wp\/v2\/types\/product"}],"wp:attachment":[{"href":"https:\/\/roveyayinevi.com.tr\/index.php\/wp-json\/wp\/v2\/media?parent=727489"}],"wp:term":[{"taxonomy":"product_brand","embeddable":true,"href":"https:\/\/roveyayinevi.com.tr\/index.php\/wp-json\/wp\/v2\/product_brand?post=727489"},{"taxonomy":"product_cat","embeddable":true,"href":"https:\/\/roveyayinevi.com.tr\/index.php\/wp-json\/wp\/v2\/product_cat?post=727489"},{"taxonomy":"product_tag","embeddable":true,"href":"https:\/\/roveyayinevi.com.tr\/index.php\/wp-json\/wp\/v2\/product_tag?post=727489"}],"curies":[{"name":"wp","href":"https:\/\/api.w.org\/{rel}","templated":true}]}}