{"id":727486,"date":"2025-08-27T20:22:59","date_gmt":"2025-08-27T17:22:59","guid":{"rendered":"https:\/\/roveyayinevi.com.tr\/index.php\/urun\/ergenligin-tutkusu\/"},"modified":"2026-04-16T02:35:19","modified_gmt":"2026-04-15T23:35:19","slug":"ergenligin-tutkusu","status":"publish","type":"product","link":"https:\/\/roveyayinevi.com.tr\/index.php\/urun\/ergenligin-tutkusu\/","title":{"rendered":"Ergenli\u011fin Tutkusu"},"content":{"rendered":"<p>Kendi ergenlik d\u00f6nemimden denizcilik derslerinde ilk \u00f6\u011fretilenin denizci d\u00fc\u011f\u00fcmleri oldu\u011funu an\u0131ms\u0131yorum. Bu d\u00fc\u011f\u00fcmlerin iki \u00f6nemli \u00f6zelli\u011fi, \u00e7ok sa\u011flam olmalar\u0131 ama gerekti\u011finde de \u00e7ok \u00e7abuk \u00e7\u00f6z\u00fclebilmeleri, \u00f6nemle vurgulan\u0131rd\u0131. Ergenlik d\u00f6nemi de bireye ve onunla birlikte ailesine, \u00e7evresine ve topluma bireyler aras\u0131ndaki ba\u011flar\u0131n sa\u011flam olmalar\u0131 ama zaman\u0131 geldi\u011finde \u00e7abuk \u00e7\u00f6z\u00fclebilmeleri gerekti\u011fini \u00f6\u011fretir. \u00c7ocukluktan eri\u015fkinli\u011fe ge\u00e7i\u015f anne babayla kurulan ba\u011flar\u0131n \u00e7\u00f6z\u00fcl\u00fcp yerine yenilerinin kurulmas\u0131, yeni ili\u015fki d\u00fc\u011f\u00fcmlerinin at\u0131lmas\u0131yla olas\u0131 olabilir \u00e7\u00fcnk\u00fc.T\u00fcrkiye\u2019de psikanalizi kurumsalla\u015ft\u0131ran say\u0131l\u0131 isimlerden Talat Parman e\u011fitim ve aile ili\u015fkilerinden cinselli\u011fe ve cinsel kimli\u011fe kadar \u00e7e\u015fitli y\u00f6nleriyle ergenli\u011fi derin ve insanca bir bak\u0131\u015fla ele al\u0131yor.Talat Parman \u0130stanbul Psikanaliz Derne\u011fi kurucu \u00fcyesi, format\u00f6r analist. \u0130stanbul \u00dcniversitesi T\u0131p Fak\u00fcltesi\u2019nde t\u0131p e\u011fitimi ve Paris Ren\u00e9 Descartes \u00dcniversitesi\u2019nde psikiyatri uzmanl\u0131\u011f\u0131 e\u011fitimi ald\u0131. Yirmi y\u0131l boyunca \u0130stanbul \u00dcniversitesi \u00c7ocuk Sa\u011fl\u0131\u011f\u0131 Enstit\u00fcs\u00fc Adolesans Bilim Dal\u0131\u2019nda \u00e7ocuklar, ergenler ve aileleriyle \u00e7al\u0131\u015ft\u0131. Psikiyatri do\u00e7entidir. Ergenlik ve psikanaliz konular\u0131nda yaz\u0131lm\u0131\u015f kitaplar\u0131 ve J.B. Pontalis\u2019ten yapt\u0131\u011f\u0131 kitap \u00e7evirileri vard\u0131r. YKY\u2019den \u00e7\u0131kan \u201cPsikanaliz Defterleri\u201d dizisinin yay\u0131n kurulu \u00fcyesidir.<\/p>\n","protected":false},"excerpt":{"rendered":"<p>Kendi ergenlik d\u00f6nemimden denizcilik derslerinde ilk \u00f6\u011fretilenin denizci d\u00fc\u011f\u00fcmleri oldu\u011funu an\u0131ms\u0131yorum. Bu d\u00fc\u011f\u00fcmlerin iki \u00f6nemli \u00f6zelli\u011fi, \u00e7ok sa\u011flam olmalar\u0131 ama gerekti\u011finde de \u00e7ok \u00e7abuk \u00e7\u00f6z\u00fclebilmeleri, \u00f6nemle<span class=\"excerpt-hellip\"> [\u2026]<\/span><\/p>\n","protected":false},"featured_media":0,"template":"","meta":{"_monsterinsights_skip_tracking":false,"_monsterinsights_sitenote_active":false,"_monsterinsights_sitenote_note":"","_monsterinsights_sitenote_category":0},"product_brand":[],"product_cat":[12755,12357],"product_tag":[],"class_list":{"0":"post-727486","1":"product","2":"type-product","3":"status-publish","5":"product_cat-gelisim-psikolojisi","6":"product_cat-psikoloji","7":"pa_cilt-ciltsiz","8":"pa_tur-kitap","9":"pa_yayinevi-yapi-kredi-yayinlari","10":"pa_yazar-talat-parman","12":"first","13":"instock","14":"sale","15":"shipping-taxable","16":"purchasable","17":"product-type-simple"},"_links":{"self":[{"href":"https:\/\/roveyayinevi.com.tr\/index.php\/wp-json\/wp\/v2\/product\/727486","targetHints":{"allow":["GET"]}}],"collection":[{"href":"https:\/\/roveyayinevi.com.tr\/index.php\/wp-json\/wp\/v2\/product"}],"about":[{"href":"https:\/\/roveyayinevi.com.tr\/index.php\/wp-json\/wp\/v2\/types\/product"}],"wp:attachment":[{"href":"https:\/\/roveyayinevi.com.tr\/index.php\/wp-json\/wp\/v2\/media?parent=727486"}],"wp:term":[{"taxonomy":"product_brand","embeddable":true,"href":"https:\/\/roveyayinevi.com.tr\/index.php\/wp-json\/wp\/v2\/product_brand?post=727486"},{"taxonomy":"product_cat","embeddable":true,"href":"https:\/\/roveyayinevi.com.tr\/index.php\/wp-json\/wp\/v2\/product_cat?post=727486"},{"taxonomy":"product_tag","embeddable":true,"href":"https:\/\/roveyayinevi.com.tr\/index.php\/wp-json\/wp\/v2\/product_tag?post=727486"}],"curies":[{"name":"wp","href":"https:\/\/api.w.org\/{rel}","templated":true}]}}