{"id":727484,"date":"2025-08-27T20:22:57","date_gmt":"2025-08-27T17:22:57","guid":{"rendered":"https:\/\/roveyayinevi.com.tr\/index.php\/urun\/eksiklik-ayrilik-ve-otesi-psikanaliz-defterleri-5\/"},"modified":"2026-04-16T02:35:19","modified_gmt":"2026-04-15T23:35:19","slug":"eksiklik-ayrilik-ve-otesi-psikanaliz-defterleri-5","status":"publish","type":"product","link":"https:\/\/roveyayinevi.com.tr\/index.php\/urun\/eksiklik-ayrilik-ve-otesi-psikanaliz-defterleri-5\/","title":{"rendered":"Eksiklik Ayr\u0131l\u0131k ve \u00d6tesi &#8211; Psikanaliz Defterleri &#8211; 5"},"content":{"rendered":"<p>Talat Parman Ayr\u0131l\u0131k, Ayr\u0131l\u0131k, Aman Ayr\u0131l\u0131k!Is\u00e9e BernateauAyr\u0131lmak: Uzun Bir Yol, \u00d6zne \u0130\u00e7in Bir GereklilikSezai Halifeo\u011flu Arzular\u0131n Kar\u015f\u0131la\u015fma Alan\u0131 Olarak S\u0131n\u0131rDidier Houzel Depresif Konumdan Birincil DepresyonaBianca Lechevalier Birincil Depresyon: Ruhsall\u0131\u011f\u0131n Kara Deli\u011finden Varolu\u015fun Solu\u011funa\u015eeyda Postac\u0131 Bitmeyecek \u00d6yk\u00fc ve \u00d6tesiAntonino Ferro Freud\u2019dan Francis Bacon\u2019aCeylin \u00d6zcan Oidipus\u2019un \u00d6tesinde \u00c7ocuksu ve EksiklikNeslihan Zabc\u0131 \u00c7ocukluk \u00c7a\u011f\u0131 Depresyonu: Psikanalitik Yakla\u015f\u0131mFiliz Torun Ergende Ayr\u0131l\u0131k \u00c7abas\u0131n\u0131n Aynas\u0131: DeriMarjorie Roques Ergenlikte Annebaba Ayr\u0131l\u0131\u011f\u0131n\u0131n \u0130lerideki Etkileri: Bir Gen\u00e7 Yeti\u015fkin Kad\u0131n\u0131n Olgu \u00c7al\u0131\u015fmas\u0131Alper \u015eahin En Uzak Sahile GitmekG\u00f6ver Kazanc\u0131o\u011flu K\u0131rba\u00e7 ve \u0130p \u201cBa\u015fka Se\u00e7enek Yok\u201d! \u00d6\u011fretmenin Ruhsall\u0131\u011f\u0131nda Ayr\u0131l\u0131kHalide Erten \u015eahan Kuyucakl\u0131 Yusuf: Ayr\u0131l\u0131k, \u00d6l\u00fcm, Ya\u015fam; Benlik \u0130deali Kavram\u0131n\u0131n \u0130zinde Psikanalitik Bir Bak\u0131\u015f<\/p>\n","protected":false},"excerpt":{"rendered":"<p>Talat Parman Ayr\u0131l\u0131k, Ayr\u0131l\u0131k, Aman Ayr\u0131l\u0131k!Is\u00e9e BernateauAyr\u0131lmak: Uzun Bir Yol, \u00d6zne \u0130\u00e7in Bir GereklilikSezai Halifeo\u011flu Arzular\u0131n Kar\u015f\u0131la\u015fma Alan\u0131 Olarak S\u0131n\u0131rDidier Houzel Depresif Konumdan Birincil DepresyonaBianca Lechevalier<span class=\"excerpt-hellip\"> [\u2026]<\/span><\/p>\n","protected":false},"featured_media":0,"template":"","meta":{"_monsterinsights_skip_tracking":false,"_monsterinsights_sitenote_active":false,"_monsterinsights_sitenote_note":"","_monsterinsights_sitenote_category":0},"product_brand":[],"product_cat":[12755,12357],"product_tag":[],"class_list":{"0":"post-727484","1":"product","2":"type-product","3":"status-publish","5":"product_cat-gelisim-psikolojisi","6":"product_cat-psikoloji","7":"pa_cilt-ciltsiz","8":"pa_tur-kitap","9":"pa_yayinevi-yapi-kredi-yayinlari","10":"pa_yazar-neslihan-zabci","12":"first","13":"instock","14":"sale","15":"shipping-taxable","16":"purchasable","17":"product-type-simple"},"_links":{"self":[{"href":"https:\/\/roveyayinevi.com.tr\/index.php\/wp-json\/wp\/v2\/product\/727484","targetHints":{"allow":["GET"]}}],"collection":[{"href":"https:\/\/roveyayinevi.com.tr\/index.php\/wp-json\/wp\/v2\/product"}],"about":[{"href":"https:\/\/roveyayinevi.com.tr\/index.php\/wp-json\/wp\/v2\/types\/product"}],"wp:attachment":[{"href":"https:\/\/roveyayinevi.com.tr\/index.php\/wp-json\/wp\/v2\/media?parent=727484"}],"wp:term":[{"taxonomy":"product_brand","embeddable":true,"href":"https:\/\/roveyayinevi.com.tr\/index.php\/wp-json\/wp\/v2\/product_brand?post=727484"},{"taxonomy":"product_cat","embeddable":true,"href":"https:\/\/roveyayinevi.com.tr\/index.php\/wp-json\/wp\/v2\/product_cat?post=727484"},{"taxonomy":"product_tag","embeddable":true,"href":"https:\/\/roveyayinevi.com.tr\/index.php\/wp-json\/wp\/v2\/product_tag?post=727484"}],"curies":[{"name":"wp","href":"https:\/\/api.w.org\/{rel}","templated":true}]}}