{"id":727483,"date":"2025-08-27T20:22:57","date_gmt":"2025-08-27T17:22:57","guid":{"rendered":"https:\/\/roveyayinevi.com.tr\/index.php\/urun\/legal-english-dictionary\/"},"modified":"2026-04-16T02:35:19","modified_gmt":"2026-04-15T23:35:19","slug":"legal-english-dictionary","status":"publish","type":"product","link":"https:\/\/roveyayinevi.com.tr\/index.php\/urun\/legal-english-dictionary\/","title":{"rendered":"Legal English Dictionary"},"content":{"rendered":"<p>T\u00fcrkiye\u2019nin en kapsaml\u0131 \u0130ngilizce Hukuk S\u00f6zl\u00fc\u011f\u00fc, mesle\u011fini global olarak icra etmek isteyen hukuk\u00e7ular i\u00e7in bas\u0131ld\u0131! Seda Yekeler\u2019in \u201cHukuk \u0130ngilizcesi ve TOLES\u201d s\u0131nav\u0131 e\u011fitimlerinden derledi\u011fi 16 y\u0131ll\u0131k birikimi ile T\u00fcrkiye\u2019nin en kapsaml\u0131 \u0130ngilizce Hukuk Terimleri s\u00f6zl\u00fc\u011f\u00fc ortaya \u00e7\u0131kt\u0131. D\u00fcnya \u00fczerinde en s\u0131k kullan\u0131lan 4.500 hukuk terimi al\u0131\u015ft\u0131rmal\u0131 olarak bu s\u00f6zl\u00fckte topland\u0131.Hukuk \u0130ngilizcesi s\u00f6zl\u00fc\u011f\u00fc, se\u00e7ilen terimler ve \u201cYek\u201d \u00f6\u011frenme metoduyla \u0130ngilizceyi hukuk\u00e7ular i\u00e7in hi\u00e7 olmad\u0131\u011f\u0131 kadar kolayla\u015ft\u0131racak! Bu s\u00f6zl\u00fck, Hukuk \u0130ngilizcenizi kullan\u0131rken s\u0131k kullan\u0131lan \u0130ngilizce Hukuk kelimeleri ile kendinizi daha g\u00fcvende hissederek d\u00fcnyaya a\u00e7\u0131lman\u0131z i\u00e7in haz\u0131rlanm\u0131\u015ft\u0131r. Yabanc\u0131 dil edinerek, d\u00fcnyaya a\u00e7\u0131lman\u0131z dile\u011fi ile\u2026<\/p>\n","protected":false},"excerpt":{"rendered":"<p>T\u00fcrkiye\u2019nin en kapsaml\u0131 \u0130ngilizce Hukuk S\u00f6zl\u00fc\u011f\u00fc, mesle\u011fini global olarak icra etmek isteyen hukuk\u00e7ular i\u00e7in bas\u0131ld\u0131! Seda Yekeler\u2019in \u201cHukuk \u0130ngilizcesi ve TOLES\u201d s\u0131nav\u0131 e\u011fitimlerinden derledi\u011fi 16 y\u0131ll\u0131k<span class=\"excerpt-hellip\"> [\u2026]<\/span><\/p>\n","protected":false},"featured_media":0,"template":"","meta":{"_monsterinsights_skip_tracking":false,"_monsterinsights_sitenote_active":false,"_monsterinsights_sitenote_note":"","_monsterinsights_sitenote_category":0},"product_brand":[],"product_cat":[12472],"product_tag":[],"class_list":{"0":"post-727483","1":"product","2":"type-product","3":"status-publish","5":"product_cat-yabanci-dilde-kitaplar","6":"pa_cilt-ciltsiz","7":"pa_tur-kitap","8":"pa_yayinevi-spesifik-yayinlari","9":"pa_yazar-seda-yekeler","11":"first","12":"instock","13":"sale","14":"shipping-taxable","15":"purchasable","16":"product-type-simple"},"_links":{"self":[{"href":"https:\/\/roveyayinevi.com.tr\/index.php\/wp-json\/wp\/v2\/product\/727483","targetHints":{"allow":["GET"]}}],"collection":[{"href":"https:\/\/roveyayinevi.com.tr\/index.php\/wp-json\/wp\/v2\/product"}],"about":[{"href":"https:\/\/roveyayinevi.com.tr\/index.php\/wp-json\/wp\/v2\/types\/product"}],"wp:attachment":[{"href":"https:\/\/roveyayinevi.com.tr\/index.php\/wp-json\/wp\/v2\/media?parent=727483"}],"wp:term":[{"taxonomy":"product_brand","embeddable":true,"href":"https:\/\/roveyayinevi.com.tr\/index.php\/wp-json\/wp\/v2\/product_brand?post=727483"},{"taxonomy":"product_cat","embeddable":true,"href":"https:\/\/roveyayinevi.com.tr\/index.php\/wp-json\/wp\/v2\/product_cat?post=727483"},{"taxonomy":"product_tag","embeddable":true,"href":"https:\/\/roveyayinevi.com.tr\/index.php\/wp-json\/wp\/v2\/product_tag?post=727483"}],"curies":[{"name":"wp","href":"https:\/\/api.w.org\/{rel}","templated":true}]}}