{"id":727482,"date":"2025-08-27T20:22:55","date_gmt":"2025-08-27T17:22:55","guid":{"rendered":"https:\/\/roveyayinevi.com.tr\/index.php\/urun\/mucizeler-gercek-olsa\/"},"modified":"2026-04-16T02:35:19","modified_gmt":"2026-04-15T23:35:19","slug":"mucizeler-gercek-olsa","status":"publish","type":"product","link":"https:\/\/roveyayinevi.com.tr\/index.php\/urun\/mucizeler-gercek-olsa\/","title":{"rendered":"Mucizeler Ger\u00e7ek Olsa"},"content":{"rendered":"<p>Colbie Albright, ani bir kararla evinden ayr\u0131l\u0131p San Francisco\u2019ya giderken tek \u015fey istiyordu: \u0130lham perilerine kavu\u015fmak ve yazd\u0131\u011f\u0131 roman\u0131 bitirebilmek. G\u00fcnd\u00fczleri ba\u015f belas\u0131 ailesiyle u\u011fra\u015f\u0131p geceleri fantastik romanlar yazan gen\u00e7 kad\u0131n\u0131n sadece minik bir molaya ihtiyac\u0131 vard\u0131. Colbie, San Francisco\u2019da, dilek tutanlar\u0131n ger\u00e7ek a\u015fk\u0131 buldu\u011fu s\u00f6ylenen efsanevi bir \u00e7e\u015fme g\u00f6rd\u00fc. Ancak dile\u011finin bu kadar \u00e7abuk ger\u00e7ekle\u015fece\u011fini tahmin edemezdi.Milyoner bir d\u00e2hi olan Spence Baldwin, dilek tutarken suyad\u00fc\u015fen gen\u00e7 kad\u0131n\u0131n yard\u0131m\u0131na ko\u015ftu\u011funda, ya\u015fad\u0131\u011f\u0131 sorunlar\u0131 bir anl\u0131\u011f\u0131na da olsa unutmu\u015ftu. Ancak Colbie\u2019yle tan\u0131\u015ft\u0131ktan sonra ke\u015ffetti\u011fi derin hisler hakk\u0131nda endi\u015felenmesine gerek yoktu, gen\u00e7 kad\u0131n sadece birka\u00e7 haftal\u0131\u011f\u0131na oradayd\u0131.S\u0131rf her \u015feye, \u00f6zellikle de kendi haline g\u00fclebiliyor ya da onu hemen anl\u0131yor diye bu, Colbie\u2019nin gitmesine izin veremeyece\u011fi anlam\u0131na gelmezdi. De\u011fil mi?Colbie ile Spence\u2019in birlikte ge\u00e7irebilecekleri sadece iki haftalar\u0131 kalm\u0131\u015ft\u0131. Bu s\u00fcre, birbirlerine olan hislerini itiraf etmeleri i\u00e7in yeterli miydi?<\/p>\n","protected":false},"excerpt":{"rendered":"<p>Colbie Albright, ani bir kararla evinden ayr\u0131l\u0131p San Francisco\u2019ya giderken tek \u015fey istiyordu: \u0130lham perilerine kavu\u015fmak ve yazd\u0131\u011f\u0131 roman\u0131 bitirebilmek. G\u00fcnd\u00fczleri ba\u015f belas\u0131 ailesiyle u\u011fra\u015f\u0131p geceleri<span class=\"excerpt-hellip\"> [\u2026]<\/span><\/p>\n","protected":false},"featured_media":0,"template":"","meta":{"_monsterinsights_skip_tracking":false,"_monsterinsights_sitenote_active":false,"_monsterinsights_sitenote_note":"","_monsterinsights_sitenote_category":0},"product_brand":[],"product_cat":[12291,12711],"product_tag":[],"class_list":{"0":"post-727482","1":"product","2":"type-product","3":"status-publish","5":"product_cat-edebiyat","6":"product_cat-roman-oyku","7":"pa_cilt-ciltsiz","8":"pa_tur-kitap","9":"pa_yayinevi-nemesis-kitap","10":"pa_yazar-jill-shalvis","12":"first","13":"instock","14":"sale","15":"shipping-taxable","16":"purchasable","17":"product-type-simple"},"_links":{"self":[{"href":"https:\/\/roveyayinevi.com.tr\/index.php\/wp-json\/wp\/v2\/product\/727482","targetHints":{"allow":["GET"]}}],"collection":[{"href":"https:\/\/roveyayinevi.com.tr\/index.php\/wp-json\/wp\/v2\/product"}],"about":[{"href":"https:\/\/roveyayinevi.com.tr\/index.php\/wp-json\/wp\/v2\/types\/product"}],"wp:attachment":[{"href":"https:\/\/roveyayinevi.com.tr\/index.php\/wp-json\/wp\/v2\/media?parent=727482"}],"wp:term":[{"taxonomy":"product_brand","embeddable":true,"href":"https:\/\/roveyayinevi.com.tr\/index.php\/wp-json\/wp\/v2\/product_brand?post=727482"},{"taxonomy":"product_cat","embeddable":true,"href":"https:\/\/roveyayinevi.com.tr\/index.php\/wp-json\/wp\/v2\/product_cat?post=727482"},{"taxonomy":"product_tag","embeddable":true,"href":"https:\/\/roveyayinevi.com.tr\/index.php\/wp-json\/wp\/v2\/product_tag?post=727482"}],"curies":[{"name":"wp","href":"https:\/\/api.w.org\/{rel}","templated":true}]}}