{"id":727481,"date":"2025-08-27T20:22:54","date_gmt":"2025-08-27T17:22:54","guid":{"rendered":"https:\/\/roveyayinevi.com.tr\/index.php\/urun\/kirmizi-sari-ve-gergedan\/"},"modified":"2026-04-16T02:35:19","modified_gmt":"2026-04-15T23:35:19","slug":"kirmizi-sari-ve-gergedan","status":"publish","type":"product","link":"https:\/\/roveyayinevi.com.tr\/index.php\/urun\/kirmizi-sari-ve-gergedan\/","title":{"rendered":"K\u0131rm\u0131z\u0131 Sar\u0131 ve Gergedan"},"content":{"rendered":"<p>\u201cKendi kederinin a\u011f\u0131rl\u0131\u011f\u0131 alt\u0131nda ezilmeyen bu y\u00fcrek, hi\u00e7bir \u015feyi biriktirmeyen aynalar gibi korkusuzca ve yarg\u0131lamadan,t\u00fcm s\u0131rlar\u0131n\u0131 payla\u015f\u0131yor bizimle\u2026 Elinizde tuttu\u011funuz bu kitap, bir m\u00fccevher de\u011ferinde ve her sat\u0131r\u0131 da t\u0131pk\u0131 ona ruhunu \u00fcfleyen yazar\u0131 gibi umut ve ilham verici&#8230;\u201dBerrak YurdakulK\u0131rm\u0131z\u0131 Sar\u0131 ve Gergedan\u2019da ayr\u0131l\u0131klar kavu\u015fmaya, mutsuzluklar mutlulu\u011fa, \u00fcmitsizlikler tatl\u0131 bir \u00fcmide ba\u011flan\u0131yor. Gazeteci, sunucu ve yazar \u00d6zge Uzun kendi hayat\u0131n\u0131n muhasebesini a\u015fk, evlilik, dostluk, ili\u015fkiler ve i\u015f ekseninde yaparken kendisi i\u00e7in kulland\u0131\u011f\u0131 \u015fifa notlar\u0131n\u0131 da okuyucusuyla payla\u015f\u0131yor.Yazar\u0131n \u00fc\u00e7\u00fcnc\u00fc kitab\u0131 K\u0131rm\u0131z\u0131 Sar\u0131 ve Gergedan bir iyile\u015fme hik\u00e2yesi. Bu kitapta kendi hayat\u0131n\u0131zda ya\u015fad\u0131\u011f\u0131n\u0131z \u00e7eli\u015fkilerin, \u00e7\u0131kmazlar\u0131n, kavga ve k\u00fcsmelerin nas\u0131l olumluya d\u00f6n\u00fc\u015febilece\u011fini kolayl\u0131kla bulabileceksiniz.<\/p>\n","protected":false},"excerpt":{"rendered":"<p>\u201cKendi kederinin a\u011f\u0131rl\u0131\u011f\u0131 alt\u0131nda ezilmeyen bu y\u00fcrek, hi\u00e7bir \u015feyi biriktirmeyen aynalar gibi korkusuzca ve yarg\u0131lamadan,t\u00fcm s\u0131rlar\u0131n\u0131 payla\u015f\u0131yor bizimle\u2026 Elinizde tuttu\u011funuz bu kitap, bir m\u00fccevher de\u011ferinde ve<span class=\"excerpt-hellip\"> [\u2026]<\/span><\/p>\n","protected":false},"featured_media":0,"template":"","meta":{"_monsterinsights_skip_tracking":false,"_monsterinsights_sitenote_active":false,"_monsterinsights_sitenote_note":"","_monsterinsights_sitenote_category":0},"product_brand":[],"product_cat":[12291,12711],"product_tag":[],"class_list":{"0":"post-727481","1":"product","2":"type-product","3":"status-publish","5":"product_cat-edebiyat","6":"product_cat-roman-oyku","7":"pa_cilt-ciltsiz","8":"pa_tur-kitap","9":"pa_yayinevi-nemesis-kitap","10":"pa_yazar-ozge-uzun","12":"first","13":"instock","14":"sale","15":"shipping-taxable","16":"purchasable","17":"product-type-simple"},"_links":{"self":[{"href":"https:\/\/roveyayinevi.com.tr\/index.php\/wp-json\/wp\/v2\/product\/727481","targetHints":{"allow":["GET"]}}],"collection":[{"href":"https:\/\/roveyayinevi.com.tr\/index.php\/wp-json\/wp\/v2\/product"}],"about":[{"href":"https:\/\/roveyayinevi.com.tr\/index.php\/wp-json\/wp\/v2\/types\/product"}],"wp:attachment":[{"href":"https:\/\/roveyayinevi.com.tr\/index.php\/wp-json\/wp\/v2\/media?parent=727481"}],"wp:term":[{"taxonomy":"product_brand","embeddable":true,"href":"https:\/\/roveyayinevi.com.tr\/index.php\/wp-json\/wp\/v2\/product_brand?post=727481"},{"taxonomy":"product_cat","embeddable":true,"href":"https:\/\/roveyayinevi.com.tr\/index.php\/wp-json\/wp\/v2\/product_cat?post=727481"},{"taxonomy":"product_tag","embeddable":true,"href":"https:\/\/roveyayinevi.com.tr\/index.php\/wp-json\/wp\/v2\/product_tag?post=727481"}],"curies":[{"name":"wp","href":"https:\/\/api.w.org\/{rel}","templated":true}]}}