{"id":727479,"date":"2025-08-27T20:22:52","date_gmt":"2025-08-27T17:22:52","guid":{"rendered":"https:\/\/roveyayinevi.com.tr\/index.php\/urun\/ust-komsum-tanri\/"},"modified":"2026-04-16T02:35:19","modified_gmt":"2026-04-15T23:35:19","slug":"ust-komsum-tanri","status":"publish","type":"product","link":"https:\/\/roveyayinevi.com.tr\/index.php\/urun\/ust-komsum-tanri\/","title":{"rendered":"\u00dcst Kom\u015fum Tanr\u0131"},"content":{"rendered":"<p>\u201c\u0130nsanlar kendilerine olan g\u00fcvenini e\u011fer ba\u015fkalar\u0131n\u0131n de\u011fer yarg\u0131lar\u0131na g\u00f6re kazanm\u0131\u015flarsa, o g\u00fcven her zaman ispatlanmaya mahk\u00fbmdur.\u201dE\u011fer kendi de\u011fer yarg\u0131lar\u0131n\u0131zla, kendinize g\u00fcvenirseniz; i\u015fte o g\u00fcven, kendinden \u00f6nce Tanr\u0131&#8217;ya g\u00fcven demektir ve ispata mahk\u00fbm de\u011fildir. S\u00f6yleyin bakal\u0131m, siz kime g\u00fcveniyorsunuz.&#8221;***Baz\u0131 anlarda kendinizi hayat r\u00fczg\u00e2r\u0131n\u0131n i\u00e7inde savrulmu\u015f ve \u00e7aresiz hissedersiniz. Dibe vurmu\u015f, yaln\u0131z b\u0131rak\u0131lm\u0131\u015f ve ger\u00e7eklerle nihayet y\u00fczle\u015fmi\u015fsinizdir. \u0130\u015fte b\u00f6yle anlarda ba\u015fkalar\u0131n\u0131n Tanr\u0131s\u0131&#8217;na k\u00f6r\u00fc k\u00f6r\u00fcne ba\u011flan\u0131p, inand\u0131\u011f\u0131n\u0131z\u0131 anlars\u0131n\u0131z, diyor Ali Ey\u00fcp \u00c7ak\u0131r.Ali Ey\u00fcp \u00c7ak\u0131r, \u015fifac\u0131l\u0131k ile ta\u00e7lanmadan \u00f6nce, bu yolda ya\u015fad\u0131\u011f\u0131 hayat\u0131, t\u00fcm \u00e7\u0131plakl\u0131\u011f\u0131 ile kaleme ald\u0131. Okurken zaman zaman sizi \u015fa\u015f\u0131rtacak, h\u00fcz\u00fcnlendirecek, kendinizi sorgulaman\u0131z\u0131 sa\u011flayacak ve en \u00f6nemlisi de i\u00e7inizdeki o kutsal varl\u0131\u011f\u0131 ortaya \u00e7\u0131karacakt\u0131r.&#8221;\u00dcst Kom\u015fum Tanr\u0131&#8221; size kaybetti\u011finiz ve merak etti\u011finiz t\u00fcm o duygular\u0131 yeniden bulmay\u0131 vaad ediyor.<\/p>\n","protected":false},"excerpt":{"rendered":"<p>\u201c\u0130nsanlar kendilerine olan g\u00fcvenini e\u011fer ba\u015fkalar\u0131n\u0131n de\u011fer yarg\u0131lar\u0131na g\u00f6re kazanm\u0131\u015flarsa, o g\u00fcven her zaman ispatlanmaya mahk\u00fbmdur.\u201dE\u011fer kendi de\u011fer yarg\u0131lar\u0131n\u0131zla, kendinize g\u00fcvenirseniz; i\u015fte o g\u00fcven, kendinden \u00f6nce<span class=\"excerpt-hellip\"> [\u2026]<\/span><\/p>\n","protected":false},"featured_media":0,"template":"","meta":{"_monsterinsights_skip_tracking":false,"_monsterinsights_sitenote_active":false,"_monsterinsights_sitenote_note":"","_monsterinsights_sitenote_category":0},"product_brand":[],"product_cat":[12364,12376],"product_tag":[],"class_list":{"0":"post-727479","1":"product","2":"type-product","3":"status-publish","5":"product_cat-genel-konular","6":"product_cat-kisisel-gelisim","7":"pa_cilt-ciltsiz","8":"pa_tur-kitap","9":"pa_yayinevi-new-age-yayinlari","10":"pa_yazar-ali-eyup-cakir","12":"first","13":"instock","14":"sale","15":"shipping-taxable","16":"purchasable","17":"product-type-simple"},"_links":{"self":[{"href":"https:\/\/roveyayinevi.com.tr\/index.php\/wp-json\/wp\/v2\/product\/727479","targetHints":{"allow":["GET"]}}],"collection":[{"href":"https:\/\/roveyayinevi.com.tr\/index.php\/wp-json\/wp\/v2\/product"}],"about":[{"href":"https:\/\/roveyayinevi.com.tr\/index.php\/wp-json\/wp\/v2\/types\/product"}],"wp:attachment":[{"href":"https:\/\/roveyayinevi.com.tr\/index.php\/wp-json\/wp\/v2\/media?parent=727479"}],"wp:term":[{"taxonomy":"product_brand","embeddable":true,"href":"https:\/\/roveyayinevi.com.tr\/index.php\/wp-json\/wp\/v2\/product_brand?post=727479"},{"taxonomy":"product_cat","embeddable":true,"href":"https:\/\/roveyayinevi.com.tr\/index.php\/wp-json\/wp\/v2\/product_cat?post=727479"},{"taxonomy":"product_tag","embeddable":true,"href":"https:\/\/roveyayinevi.com.tr\/index.php\/wp-json\/wp\/v2\/product_tag?post=727479"}],"curies":[{"name":"wp","href":"https:\/\/api.w.org\/{rel}","templated":true}]}}