{"id":727478,"date":"2025-08-27T20:22:51","date_gmt":"2025-08-27T17:22:51","guid":{"rendered":"https:\/\/roveyayinevi.com.tr\/index.php\/urun\/kucuk-murmur-okula-basliyor\/"},"modified":"2026-04-16T02:35:19","modified_gmt":"2026-04-15T23:35:19","slug":"kucuk-murmur-okula-basliyor","status":"publish","type":"product","link":"https:\/\/roveyayinevi.com.tr\/index.php\/urun\/kucuk-murmur-okula-basliyor\/","title":{"rendered":"K\u00fc\u00e7\u00fck M\u00fcrm\u00fcr Okula Ba\u015fl\u0131yor"},"content":{"rendered":"<p>\u00c7ocuklar, K\u00fc\u00e7\u00fck M\u00fcrm\u00fcr&#8217;\u00fcn okul maceralar\u0131na bay\u0131lacak!  Kalamarya&#8217;daki ufakl\u0131klar\u0131 bir tela\u015f sarm\u0131\u015ft\u0131r ki g\u00f6rmeye de\u011fer!Afacan bir m\u00fcrekkep bal\u0131\u011f\u0131 olan M\u00fcrm\u00fcr ile yak\u0131n arkada\u015f\u0131 Kraker&#8217;in sab\u0131rs\u0131zl\u0131kla bekledi\u011fi, okulun ilk g\u00fcn\u00fc gelip \u00e7atm\u0131\u015ft\u0131r. Ya\u015fas\u0131n!Ke\u00e7eli Kalamar Okulu&#8217;nun yolunu tutan ikili 1-A s\u0131n\u0131f\u0131na ad\u0131m atar atmaz hi\u00e7 beklemedikleri bir s\u00fcrprizle kar\u015f\u0131la\u015f\u0131r. Yan yana oturamayacaklard\u0131r! Ba\u015fta bu durumdan pek ho\u015fnut olmasalar da \u00e7aresiz kabullenirler. Oysa s\u0131n\u0131ftakiler hi\u00e7 de hayal ettikleri gibi de\u011fildir. Daha ilk g\u00fcnden bir s\u00fcr\u00fc arkada\u015f edinirler: Ba\u015fka bir \u00fclkeden gelen Fufi ve sevimli denizy\u0131ld\u0131z\u0131 P\u0131r\u0131lt\u0131 ile tam bir tak\u0131m olmu\u015flard\u0131r bile. Tabii bundan herkes ho\u015fnut de\u011fildir, \u00f6zellikle de m\u00fcren bal\u0131\u011f\u0131 \u00c7at\u0131rt\u0131&#8230; Bakal\u0131m on kollu dostumuz M\u00fcrm\u00fcr, bu konuya kar\u015f\u0131 nas\u0131l bir plan geli\u015ftirecek? \u00c7ocuklar\u0131n s\u0131kl\u0131kla ya\u015fad\u0131\u011f\u0131 &#8221;okulun ilk g\u00fcn\u00fc&#8221; heyecan\u0131n\u0131 ve endi\u015fesini, empati duygusunu harekete ge\u00e7irecek naif bir \u00f6yk\u00fc arac\u0131l\u0131\u011f\u0131yla anlatma yoluna giden K\u00fc\u00e7\u00fck M\u00fcrm\u00fcr Okula Ba\u015fl\u0131yor, &#8221;do\u011fru&#8221; arkada\u015fl\u0131klar kurman\u0131n \u00f6nemine de\u011finiyor, farkl\u0131klar\u0131n zenginli\u011fi \u00fczerine d\u00fc\u015f\u00fcnd\u00fcr\u00fcyor.<\/p>\n","protected":false},"excerpt":{"rendered":"<p>\u00c7ocuklar, K\u00fc\u00e7\u00fck M\u00fcrm\u00fcr&#8217;\u00fcn okul maceralar\u0131na bay\u0131lacak! Kalamarya&#8217;daki ufakl\u0131klar\u0131 bir tela\u015f sarm\u0131\u015ft\u0131r ki g\u00f6rmeye de\u011fer!Afacan bir m\u00fcrekkep bal\u0131\u011f\u0131 olan M\u00fcrm\u00fcr ile yak\u0131n arkada\u015f\u0131 Kraker&#8217;in sab\u0131rs\u0131zl\u0131kla bekledi\u011fi, okulun<span class=\"excerpt-hellip\"> [\u2026]<\/span><\/p>\n","protected":false},"featured_media":0,"template":"","meta":{"_monsterinsights_skip_tracking":false,"_monsterinsights_sitenote_active":false,"_monsterinsights_sitenote_note":"","_monsterinsights_sitenote_category":0},"product_brand":[],"product_cat":[12275,12274],"product_tag":[],"class_list":{"0":"post-727478","1":"product","2":"type-product","3":"status-publish","5":"product_cat-6-12-yas-kitaplari","6":"product_cat-cocuk-ve-genclik-kitaplari","7":"pa_cilt-ciltsiz","8":"pa_tur-kitap","9":"pa_yayinevi-tudem-yayinlari","10":"pa_yazar-andreas-schluter","12":"first","13":"instock","14":"sale","15":"shipping-taxable","16":"purchasable","17":"product-type-simple"},"_links":{"self":[{"href":"https:\/\/roveyayinevi.com.tr\/index.php\/wp-json\/wp\/v2\/product\/727478","targetHints":{"allow":["GET"]}}],"collection":[{"href":"https:\/\/roveyayinevi.com.tr\/index.php\/wp-json\/wp\/v2\/product"}],"about":[{"href":"https:\/\/roveyayinevi.com.tr\/index.php\/wp-json\/wp\/v2\/types\/product"}],"wp:attachment":[{"href":"https:\/\/roveyayinevi.com.tr\/index.php\/wp-json\/wp\/v2\/media?parent=727478"}],"wp:term":[{"taxonomy":"product_brand","embeddable":true,"href":"https:\/\/roveyayinevi.com.tr\/index.php\/wp-json\/wp\/v2\/product_brand?post=727478"},{"taxonomy":"product_cat","embeddable":true,"href":"https:\/\/roveyayinevi.com.tr\/index.php\/wp-json\/wp\/v2\/product_cat?post=727478"},{"taxonomy":"product_tag","embeddable":true,"href":"https:\/\/roveyayinevi.com.tr\/index.php\/wp-json\/wp\/v2\/product_tag?post=727478"}],"curies":[{"name":"wp","href":"https:\/\/api.w.org\/{rel}","templated":true}]}}