{"id":727474,"date":"2025-08-27T20:22:47","date_gmt":"2025-08-27T17:22:47","guid":{"rendered":"https:\/\/roveyayinevi.com.tr\/index.php\/urun\/seker-gaziantepi-geziyor\/"},"modified":"2026-04-16T02:35:19","modified_gmt":"2026-04-15T23:35:19","slug":"seker-gaziantepi-geziyor","status":"publish","type":"product","link":"https:\/\/roveyayinevi.com.tr\/index.php\/urun\/seker-gaziantepi-geziyor\/","title":{"rendered":"\u015eeker Gaziantep\u2019i Geziyor"},"content":{"rendered":"<p>Sevgili \u00e7ocuklar, \u201c\u015eeker T\u00fcrkiye\u2019yi Geziyor\u201d serisinin yeni bir \u00fcr\u00fcn\u00fc olan \u015eeker Gaziantep\u2019i Geziyor\u201d boyama kitab\u0131 art\u0131k elinizde. Bu kitapta Gaziantep\u2019in tarihi ve turistik yerlerini hem \u00f6\u011frenecek hem de b\u00fcy\u00fck bir zevkle boyayacaks\u0131n\u0131z<\/p>\n","protected":false},"excerpt":{"rendered":"<p>Sevgili \u00e7ocuklar, \u201c\u015eeker T\u00fcrkiye\u2019yi Geziyor\u201d serisinin yeni bir \u00fcr\u00fcn\u00fc olan \u015eeker Gaziantep\u2019i Geziyor\u201d boyama kitab\u0131 art\u0131k elinizde. Bu kitapta Gaziantep\u2019in tarihi ve turistik yerlerini hem \u00f6\u011frenecek<span class=\"excerpt-hellip\"> [\u2026]<\/span><\/p>\n","protected":false},"featured_media":0,"template":"","meta":{"_monsterinsights_skip_tracking":false,"_monsterinsights_sitenote_active":false,"_monsterinsights_sitenote_note":"","_monsterinsights_sitenote_category":0},"product_brand":[],"product_cat":[12644,12274],"product_tag":[],"class_list":{"0":"post-727474","1":"product","2":"type-product","3":"status-publish","5":"product_cat-boyama-kitaplari","6":"product_cat-cocuk-ve-genclik-kitaplari","7":"pa_cilt-ciltsiz","8":"pa_tur-kitap","9":"pa_yayinevi-yade-yayinlari","10":"pa_yazar-yade-yayinlari-kolektif","12":"first","13":"instock","14":"sale","15":"shipping-taxable","16":"purchasable","17":"product-type-simple"},"_links":{"self":[{"href":"https:\/\/roveyayinevi.com.tr\/index.php\/wp-json\/wp\/v2\/product\/727474","targetHints":{"allow":["GET"]}}],"collection":[{"href":"https:\/\/roveyayinevi.com.tr\/index.php\/wp-json\/wp\/v2\/product"}],"about":[{"href":"https:\/\/roveyayinevi.com.tr\/index.php\/wp-json\/wp\/v2\/types\/product"}],"wp:attachment":[{"href":"https:\/\/roveyayinevi.com.tr\/index.php\/wp-json\/wp\/v2\/media?parent=727474"}],"wp:term":[{"taxonomy":"product_brand","embeddable":true,"href":"https:\/\/roveyayinevi.com.tr\/index.php\/wp-json\/wp\/v2\/product_brand?post=727474"},{"taxonomy":"product_cat","embeddable":true,"href":"https:\/\/roveyayinevi.com.tr\/index.php\/wp-json\/wp\/v2\/product_cat?post=727474"},{"taxonomy":"product_tag","embeddable":true,"href":"https:\/\/roveyayinevi.com.tr\/index.php\/wp-json\/wp\/v2\/product_tag?post=727474"}],"curies":[{"name":"wp","href":"https:\/\/api.w.org\/{rel}","templated":true}]}}