{"id":727469,"date":"2025-08-27T20:22:43","date_gmt":"2025-08-27T17:22:43","guid":{"rendered":"https:\/\/roveyayinevi.com.tr\/index.php\/urun\/modern-turkiyede-siyasi-dusunce-cilt-10-feminizm-ciltli\/"},"modified":"2026-04-16T02:35:19","modified_gmt":"2026-04-15T23:35:19","slug":"modern-turkiyede-siyasi-dusunce-cilt-10-feminizm-ciltli","status":"publish","type":"product","link":"https:\/\/roveyayinevi.com.tr\/index.php\/urun\/modern-turkiyede-siyasi-dusunce-cilt-10-feminizm-ciltli\/","title":{"rendered":"Modern T\u00fcrkiye\u2019de Siyasi D\u00fc\u015f\u00fcnce Cilt 10 \/ Feminizm (Ciltli)"},"content":{"rendered":"<p>On y\u0131llarca k\u00fc\u00e7\u00fcmseme s\u00f6z\u00fc olarak kullan\u0131lan feminizm, 21. y\u00fczy\u0131lda T\u00fcrkiye\u2019de son derece canl\u0131 bir ak\u0131m olarak kendini g\u00f6sterdi. Elinizdeki cilt, feminizmin y\u00fcz y\u0131l\u0131 a\u015fan tarihsel seyri i\u00e7indeki de\u011fi\u015fimlerin, belli ba\u015fl\u0131 tart\u0131\u015fmalar\u0131n, \u00f6nc\u00fclerin, s\u00f6zc\u00fclerin, yazarlar\u0131n bir envanterini sunuyor. Ge\u00e7 Osmanl\u0131 d\u00f6neminin M\u00fcsl\u00fcman ve gayrim\u00fcslim \u00f6nc\u00fcleri\u2026 Kemalizmin kad\u0131n haklar\u0131 s\u00f6ylemi\u2026 Solun feminizmle uzun imtihan\u0131\u2026 Liberal bak\u0131\u015flar\u2026 Muhafazak\u00e2r ideolojide kad\u0131n g\u00f6r\u00fc\u015f\u00fc\u2026 Magazin dergilerinde \u201cpop\u00fcler feminizm\u201d\u2026 \u0130sl\u00e2m\u00ee feminizm tart\u0131\u015fmalar\u0131\u2026 K\u00fcrt kad\u0131n hareketi\u2026 Feminist d\u00fc\u015f\u00fcnce ve harekete e\u015fik atlatan dergiler ve tart\u0131\u015fmalar: Ataerkillik, emek ve iktisat, beden ve cinsellik, \u015fiddet, aile\u2026 Siyasete kat\u0131l\u0131m m\u00fccadelesi\u2026 Edebiyatta, akademide, yay\u0131nc\u0131l\u0131kta feminizmin etkileri\u2026 Feminist d\u00fc\u015f\u00fcncenin farkl\u0131 kollar\u0131n\u0131n karma\u015f\u0131k bir etkile\u015fim i\u00e7inde birbirinden beslendi\u011fini de g\u00f6steren, geni\u015f bir deltan\u0131n haritas\u0131<\/p>\n","protected":false},"excerpt":{"rendered":"<p>On y\u0131llarca k\u00fc\u00e7\u00fcmseme s\u00f6z\u00fc olarak kullan\u0131lan feminizm, 21. y\u00fczy\u0131lda T\u00fcrkiye\u2019de son derece canl\u0131 bir ak\u0131m olarak kendini g\u00f6sterdi. Elinizdeki cilt, feminizmin y\u00fcz y\u0131l\u0131 a\u015fan tarihsel seyri<span class=\"excerpt-hellip\"> [\u2026]<\/span><\/p>\n","protected":false},"featured_media":0,"template":"","meta":{"_monsterinsights_skip_tracking":false,"_monsterinsights_sitenote_active":false,"_monsterinsights_sitenote_note":"","_monsterinsights_sitenote_category":0},"product_brand":[],"product_cat":[14741,13488],"product_tag":[],"class_list":{"0":"post-727469","1":"product","2":"type-product","3":"status-publish","5":"product_cat-kadin-sorunlari-feminizm","6":"product_cat-toplum-ve-insan","7":"pa_cilt-ciltli","8":"pa_tur-kitap","9":"pa_yayinevi-iletisim-yayinlari","10":"pa_yazar-iletisim-yayinlari-kolektif","12":"first","13":"instock","14":"sale","15":"shipping-taxable","16":"purchasable","17":"product-type-simple"},"_links":{"self":[{"href":"https:\/\/roveyayinevi.com.tr\/index.php\/wp-json\/wp\/v2\/product\/727469","targetHints":{"allow":["GET"]}}],"collection":[{"href":"https:\/\/roveyayinevi.com.tr\/index.php\/wp-json\/wp\/v2\/product"}],"about":[{"href":"https:\/\/roveyayinevi.com.tr\/index.php\/wp-json\/wp\/v2\/types\/product"}],"wp:attachment":[{"href":"https:\/\/roveyayinevi.com.tr\/index.php\/wp-json\/wp\/v2\/media?parent=727469"}],"wp:term":[{"taxonomy":"product_brand","embeddable":true,"href":"https:\/\/roveyayinevi.com.tr\/index.php\/wp-json\/wp\/v2\/product_brand?post=727469"},{"taxonomy":"product_cat","embeddable":true,"href":"https:\/\/roveyayinevi.com.tr\/index.php\/wp-json\/wp\/v2\/product_cat?post=727469"},{"taxonomy":"product_tag","embeddable":true,"href":"https:\/\/roveyayinevi.com.tr\/index.php\/wp-json\/wp\/v2\/product_tag?post=727469"}],"curies":[{"name":"wp","href":"https:\/\/api.w.org\/{rel}","templated":true}]}}