{"id":727468,"date":"2025-08-27T20:22:42","date_gmt":"2025-08-27T17:22:42","guid":{"rendered":"https:\/\/roveyayinevi.com.tr\/index.php\/urun\/goktanrinin-golgesi-oguz-kagan\/"},"modified":"2026-04-16T02:35:19","modified_gmt":"2026-04-15T23:35:19","slug":"goktanrinin-golgesi-oguz-kagan","status":"publish","type":"product","link":"https:\/\/roveyayinevi.com.tr\/index.php\/urun\/goktanrinin-golgesi-oguz-kagan\/","title":{"rendered":"G\u00f6ktanr\u0131\u2019n\u0131n  G\u00f6lgesi O\u011fuz Ka\u011fan"},"content":{"rendered":"<p>\u2018\u2019O\u011fuz Ka\u011fan Destan\u0131,en eski iki destan\u0131m\u0131zdan birisi olmas\u0131n\u0131n yan\u0131nda O\u011fuznameler i\u00e7erisinde en muhte\u015fem olan\u0131d\u0131r.  Okurken her sat\u0131r\u0131ndan,hatta her kelimesinden ayr\u0131 lezzet ald\u0131\u011f\u0131m\u0131z ; milli Duygular\u0131m\u0131z\u0131a hayat veren,bizi destanlar \u00e7a\u011f\u0131na al\u0131p g\u00f6t\u00fcren O\u011fuz Ka\u011fan Destan\u0131\u2019n\u0131n biri Uygur harfli di\u011feri Fars\u00e7a kaleme al\u0131nm\u0131\u015f iki \u00f6nemli Kayna\u011f\u0131 vard\u0131r.  Esasen O\u011fuz Ka\u011fan Destan\u0131 deyince hemen hepimizin akl\u0131na Uygur harfli Metin gelir.\u0130slamiyet tesirinden uzak bu metin \u015fiir \u015feklindedir ve metin Ba\u015f\u0131ndan,ortas\u0131ndan,sonundan eksiktir. Uygur harfli O\u011fuz Ka\u011fan Destan\u0131 olduk\u00e7a bilinir olmas\u0131na ra\u011fmen,Fars\u00e7a Kaleme al\u0131nm\u0131\u015f O\u011fuz Ka\u011fan Destan\u0131\u2019n\u0131n bilinirli\u011fi \u00e7ok s\u0131n\u0131rl\u0131d\u0131r.O\u011fuz Ka\u011fan\u2019\u0131n inanc\u0131na dair \u00e7ok detayl\u0131 bilgiler i\u00e7ermesinden midir bilinmez Destan\u0131n bu versiyonu maalesef \u00fcvey evlat muamelesi g\u00f6rmektedir !  T\u00fcrk Milleti\u2019nin her yitik edebi hazinesini g\u00fcn y\u00fcz\u00fcne \u00e7\u0131kar\u0131p \u00f6zellikle Gen\u00e7lerimizin istifadesine sunmay\u0131 kendisine vazife edinmi\u015f birisi olarak Fars\u00e7a yaz\u0131lm\u0131\u015f O\u011fuz Ka\u011fan Destan\u0131\u2019n\u0131 modern bir romana \u00e7evirmeye karar Verdim.Ve elinizdeki tarihi roman b\u00f6ylelikle oraya \u00e7\u0131km\u0131\u015f oldu.  \u2018\u2019Bu yeni O\u011fuzname art\u0131k sizlere,T\u00fcrk Milleti\u2019ne emanettir.\u2019\u2019<\/p>\n","protected":false},"excerpt":{"rendered":"<p>\u2018\u2019O\u011fuz Ka\u011fan Destan\u0131,en eski iki destan\u0131m\u0131zdan birisi olmas\u0131n\u0131n yan\u0131nda O\u011fuznameler i\u00e7erisinde en muhte\u015fem olan\u0131d\u0131r. Okurken her sat\u0131r\u0131ndan,hatta her kelimesinden ayr\u0131 lezzet ald\u0131\u011f\u0131m\u0131z ; milli Duygular\u0131m\u0131z\u0131a hayat<span class=\"excerpt-hellip\"> [\u2026]<\/span><\/p>\n","protected":false},"featured_media":0,"template":"","meta":{"_monsterinsights_skip_tracking":false,"_monsterinsights_sitenote_active":false,"_monsterinsights_sitenote_note":"","_monsterinsights_sitenote_category":0},"product_brand":[],"product_cat":[12291,12745],"product_tag":[],"class_list":{"0":"post-727468","1":"product","2":"type-product","3":"status-publish","5":"product_cat-edebiyat","6":"product_cat-tarihi-roman","7":"pa_cilt-ciltsiz","8":"pa_tur-kitap","9":"pa_yayinevi-profil-kitap","10":"pa_yazar-ufuk-tufan","12":"first","13":"instock","14":"sale","15":"shipping-taxable","16":"purchasable","17":"product-type-simple"},"_links":{"self":[{"href":"https:\/\/roveyayinevi.com.tr\/index.php\/wp-json\/wp\/v2\/product\/727468","targetHints":{"allow":["GET"]}}],"collection":[{"href":"https:\/\/roveyayinevi.com.tr\/index.php\/wp-json\/wp\/v2\/product"}],"about":[{"href":"https:\/\/roveyayinevi.com.tr\/index.php\/wp-json\/wp\/v2\/types\/product"}],"wp:attachment":[{"href":"https:\/\/roveyayinevi.com.tr\/index.php\/wp-json\/wp\/v2\/media?parent=727468"}],"wp:term":[{"taxonomy":"product_brand","embeddable":true,"href":"https:\/\/roveyayinevi.com.tr\/index.php\/wp-json\/wp\/v2\/product_brand?post=727468"},{"taxonomy":"product_cat","embeddable":true,"href":"https:\/\/roveyayinevi.com.tr\/index.php\/wp-json\/wp\/v2\/product_cat?post=727468"},{"taxonomy":"product_tag","embeddable":true,"href":"https:\/\/roveyayinevi.com.tr\/index.php\/wp-json\/wp\/v2\/product_tag?post=727468"}],"curies":[{"name":"wp","href":"https:\/\/api.w.org\/{rel}","templated":true}]}}