{"id":727467,"date":"2025-08-27T20:22:41","date_gmt":"2025-08-27T17:22:41","guid":{"rendered":"https:\/\/roveyayinevi.com.tr\/index.php\/urun\/dede-korkut-romanlari-1-bamsi\/"},"modified":"2026-04-16T02:35:19","modified_gmt":"2026-04-15T23:35:19","slug":"dede-korkut-romanlari-1-bamsi","status":"publish","type":"product","link":"https:\/\/roveyayinevi.com.tr\/index.php\/urun\/dede-korkut-romanlari-1-bamsi\/","title":{"rendered":"Dede Korkut Romanlar\u0131 1 Bams\u0131"},"content":{"rendered":"<p>\u2019B\u00fct\u00fcn T\u00fcrk edebiyat\u0131n\u0131 terazinin bir g\u00f6z\u00fcne Dede Korkut\u2019u \u00f6b\u00fcr g\u00f6z\u00fcne Koysan\u0131z,yine Dede Korkut a\u011f\u0131r basar\u2019\u2019 -Ord.Prof.M.Fuat K\u00f6pr\u00fcl\u00fc   Dede Korkut Romanlar\u0131 serisinin ilk kitab\u0131,O\u011fuzlar\u0131n kudretli bir beyi Olan, yedi k\u0131z babas\u0131 Pay P\u00fcre Bey\u2019in,erkek sabihi olamay\u0131\u015f\u0131 Kar\u015f\u0131s\u0131ndaki \u00e7aresizli\u011fiyle ba\u015flar.Nice zaman sonra Allahu Teala,Pay P\u00fcre Bey\u2019e sekizinci evlat olarak Yusuf y\u00fczl\u00fc bir o\u011ful verir.Ama bu O\u011flan\u0131n g\u00fczelli\u011fi ba\u015f\u0131na nice belalar a\u00e7ar.G\u00fczelli\u011finin methi T\u00fcrkistan S\u0131n\u0131rlar\u0131n\u0131 a\u015f\u0131p kafir \u00fclkelerine kadar ula\u015f\u0131r.   Pay P\u00fcre Bey\u2019in o\u011flu yi\u011fitlik yap\u0131p Bams\u0131 Beyrek ad\u0131n\u0131 al\u0131nca,Pay Pi\u00e7eb Bey\u2019in k\u0131z\u0131 Banu \u00c7i\u00e7ek\u2019le d\u00fc\u011f\u00fcn\u00fcn\u00fcn haz\u0131rlar\u0131na ba\u015flan\u0131r.Bams\u0131 Beyrek\u2019e kara sevdal\u0131 Helen ise d\u00fc\u011f\u00fcn gecesi i\u00e7in iki a\u015f\u0131\u011fa k\u00f6t\u00fc bir S\u00fcrpriz planlamaktad\u0131r.\u0130\u015fte o geceden sonra sonu tahmin edilemeyecek Bir a\u015fk ve yi\u011fitlik destan\u0131 yaz\u0131lmaya ba\u015flanacakt\u0131r.   Ufuk Tufan bu kitapta,O\u011fuz T\u00fcrklerinin Yusuf y\u00fczl\u00fc g\u00fczeli Bams\u0131 Beyrek\u2019in kafir kalesindeki on alt\u0131 y\u0131ll\u0131k esaretini ve be\u015fik kertmesi Olan Banu \u00c7i\u00e7ek\u2019e kavu\u015fma m\u00fccadelesini tarihi-fantastik bir roman Olarak kaleme al\u0131yor.dillere destan bu a\u015fk \u2018\u2019Bams\u0131\u2019\u2019n\u0131n sayfalar\u0131nda Yeniden hayat buluyor\u2026 <\/p>\n","protected":false},"excerpt":{"rendered":"<p>\u2019B\u00fct\u00fcn T\u00fcrk edebiyat\u0131n\u0131 terazinin bir g\u00f6z\u00fcne Dede Korkut\u2019u \u00f6b\u00fcr g\u00f6z\u00fcne Koysan\u0131z,yine Dede Korkut a\u011f\u0131r basar\u2019\u2019 -Ord.Prof.M.Fuat K\u00f6pr\u00fcl\u00fc Dede Korkut Romanlar\u0131 serisinin ilk kitab\u0131,O\u011fuzlar\u0131n kudretli bir beyi<span class=\"excerpt-hellip\"> [\u2026]<\/span><\/p>\n","protected":false},"featured_media":0,"template":"","meta":{"_monsterinsights_skip_tracking":false,"_monsterinsights_sitenote_active":false,"_monsterinsights_sitenote_note":"","_monsterinsights_sitenote_category":0},"product_brand":[],"product_cat":[12291,12745],"product_tag":[],"class_list":{"0":"post-727467","1":"product","2":"type-product","3":"status-publish","5":"product_cat-edebiyat","6":"product_cat-tarihi-roman","7":"pa_cilt-ciltsiz","8":"pa_tur-kitap","9":"pa_yayinevi-profil-kitap","10":"pa_yazar-ufuk-tufan","12":"first","13":"instock","14":"sale","15":"shipping-taxable","16":"purchasable","17":"product-type-simple"},"_links":{"self":[{"href":"https:\/\/roveyayinevi.com.tr\/index.php\/wp-json\/wp\/v2\/product\/727467","targetHints":{"allow":["GET"]}}],"collection":[{"href":"https:\/\/roveyayinevi.com.tr\/index.php\/wp-json\/wp\/v2\/product"}],"about":[{"href":"https:\/\/roveyayinevi.com.tr\/index.php\/wp-json\/wp\/v2\/types\/product"}],"wp:attachment":[{"href":"https:\/\/roveyayinevi.com.tr\/index.php\/wp-json\/wp\/v2\/media?parent=727467"}],"wp:term":[{"taxonomy":"product_brand","embeddable":true,"href":"https:\/\/roveyayinevi.com.tr\/index.php\/wp-json\/wp\/v2\/product_brand?post=727467"},{"taxonomy":"product_cat","embeddable":true,"href":"https:\/\/roveyayinevi.com.tr\/index.php\/wp-json\/wp\/v2\/product_cat?post=727467"},{"taxonomy":"product_tag","embeddable":true,"href":"https:\/\/roveyayinevi.com.tr\/index.php\/wp-json\/wp\/v2\/product_tag?post=727467"}],"curies":[{"name":"wp","href":"https:\/\/api.w.org\/{rel}","templated":true}]}}