{"id":727466,"date":"2025-08-27T20:22:40","date_gmt":"2025-08-27T17:22:40","guid":{"rendered":"https:\/\/roveyayinevi.com.tr\/index.php\/urun\/dijital-cagda-okuryazarlik\/"},"modified":"2026-04-16T02:35:19","modified_gmt":"2026-04-15T23:35:19","slug":"dijital-cagda-okuryazarlik","status":"publish","type":"product","link":"https:\/\/roveyayinevi.com.tr\/index.php\/urun\/dijital-cagda-okuryazarlik\/","title":{"rendered":"Dijital \u00c7a\u011fda Okuryazarl\u0131k"},"content":{"rendered":"<p>Koronavir\u00fcs\u00fcn t\u00fcm hayat\u0131m\u0131z\u0131 olumsuz etkiledi\u011fi \u015fu g\u00fcnlerde uzaktan e\u011fitim tart\u0131\u015f\u0131lmaya devam ediliyor. Fakat sorun sadece uzaktan e\u011fitim de\u011fil; yan\u0131s\u0131ra okuryazarl\u0131k, okulsuz toplum, evden e\u011fitim, online pedagoji gibi daha pek \u00e7ok konuyu da tart\u0131\u015f\u0131yoruz. Dijital veya elektronik \u00e7a\u011fda ya\u015fad\u0131\u011f\u0131m\u0131z, teknolojinin sorunlar\u0131m\u0131z\u0131 \u00e7\u00f6zebilece\u011fi, ak\u0131ll\u0131 okula ge\u00e7ildi\u011fi iddialar\u0131na kar\u015f\u0131n e\u011fitimdeki klasik sosyal sorunlar\u0131 da ya\u015famaya devam ediyoruz. Uzaktan e\u011fitim d\u00f6nemi bir kez daha e\u011fitimdeki e\u015fitsizlikleri teknoloji, internet ve i\u00e7eriklere eri\u015fim ba\u011flam\u0131nda ortaya \u00e7\u0131kard\u0131. Ekrandan e\u011fitim vermeye ve almaya \u00e7al\u0131\u015f\u0131rken sorunun pek \u00e7ok ve\u00e7hesini ele alan Kemal \u0130nal, bu \u00e7al\u0131\u015fmas\u0131nda \u00fc\u00e7 temel sorunu-okuryazarl\u0131k, uzaktan e\u011fitim ve okulsuz toplum-kamusal alan, demokrasi, kat\u0131l\u0131m, bilin\u00e7lenme, medya okuryazarl\u0131\u011f\u0131, alternatif e\u011fitim, demokratik okul gibi \u00e7e\u015fitli kavramlar ba\u011flam\u0131nda tart\u0131\u015fmaktad\u0131r. Dijital diktat\u00f6rl\u00fck, teknofa\u015fizm gibi tehlikelere dikkat \u00e7eken \u0130nal, okurlara geni\u015f bir ba\u011flamsal analiz sunmaktad\u0131r. Uzaktan e\u011fitim g\u00fcnlerinde ekrana iyice ba\u011flanm\u0131\u015fken kitap d\u00fcnyas\u0131n\u0131n bitmedi\u011fini, okulsuz toplumun \u00e7\u00f6z\u00fcm olmad\u0131\u011f\u0131n\u0131, \u00e7ocuklara medya okuryazarl\u0131\u011f\u0131 bilinci kazand\u0131r\u0131lmas\u0131 gerekti\u011fini ileri s\u00fcren yazar, alternatif okullar kurmak yerine mevcut kamu okullar\u0131n\u0131n g\u00fc\u00e7lendirilmesinin yoksul halk \u00e7ocuklar\u0131 i\u00e7in en iyi se\u00e7enek oldu\u011funu ileri s\u00fcrmektedir. Bu dosyam\u0131z\u0131n, okurlar\u0131m\u0131zda konuya dair de\u011fi\u015fik bir bak\u0131\u015f a\u00e7\u0131s\u0131n\u0131n olu\u015fmas\u0131nda katk\u0131 sa\u011flamas\u0131n\u0131 umuyoruz.<\/p>\n","protected":false},"excerpt":{"rendered":"<p>Koronavir\u00fcs\u00fcn t\u00fcm hayat\u0131m\u0131z\u0131 olumsuz etkiledi\u011fi \u015fu g\u00fcnlerde uzaktan e\u011fitim tart\u0131\u015f\u0131lmaya devam ediliyor. Fakat sorun sadece uzaktan e\u011fitim de\u011fil; yan\u0131s\u0131ra okuryazarl\u0131k, okulsuz toplum, evden e\u011fitim, online pedagoji<span class=\"excerpt-hellip\"> [\u2026]<\/span><\/p>\n","protected":false},"featured_media":0,"template":"","meta":{"_monsterinsights_skip_tracking":false,"_monsterinsights_sitenote_active":false,"_monsterinsights_sitenote_note":"","_monsterinsights_sitenote_category":0},"product_brand":[],"product_cat":[15983,13488],"product_tag":[],"class_list":{"0":"post-727466","1":"product","2":"type-product","3":"status-publish","5":"product_cat-iletisim-ve-medya","6":"product_cat-toplum-ve-insan","7":"pa_cilt-ciltsiz","8":"pa_tur-kitap","9":"pa_yayinevi-toz-yayinlari","10":"pa_yazar-kemal-inal","12":"first","13":"instock","14":"sale","15":"shipping-taxable","16":"purchasable","17":"product-type-simple"},"_links":{"self":[{"href":"https:\/\/roveyayinevi.com.tr\/index.php\/wp-json\/wp\/v2\/product\/727466","targetHints":{"allow":["GET"]}}],"collection":[{"href":"https:\/\/roveyayinevi.com.tr\/index.php\/wp-json\/wp\/v2\/product"}],"about":[{"href":"https:\/\/roveyayinevi.com.tr\/index.php\/wp-json\/wp\/v2\/types\/product"}],"wp:attachment":[{"href":"https:\/\/roveyayinevi.com.tr\/index.php\/wp-json\/wp\/v2\/media?parent=727466"}],"wp:term":[{"taxonomy":"product_brand","embeddable":true,"href":"https:\/\/roveyayinevi.com.tr\/index.php\/wp-json\/wp\/v2\/product_brand?post=727466"},{"taxonomy":"product_cat","embeddable":true,"href":"https:\/\/roveyayinevi.com.tr\/index.php\/wp-json\/wp\/v2\/product_cat?post=727466"},{"taxonomy":"product_tag","embeddable":true,"href":"https:\/\/roveyayinevi.com.tr\/index.php\/wp-json\/wp\/v2\/product_tag?post=727466"}],"curies":[{"name":"wp","href":"https:\/\/api.w.org\/{rel}","templated":true}]}}