{"id":727464,"date":"2025-08-27T20:22:38","date_gmt":"2025-08-27T17:22:38","guid":{"rendered":"https:\/\/roveyayinevi.com.tr\/index.php\/urun\/nizami-yuruyus\/"},"modified":"2026-04-16T02:35:19","modified_gmt":"2026-04-15T23:35:19","slug":"nizami-yuruyus","status":"publish","type":"product","link":"https:\/\/roveyayinevi.com.tr\/index.php\/urun\/nizami-yuruyus\/","title":{"rendered":"Nizami Y\u00fcr\u00fcy\u00fc\u015f"},"content":{"rendered":"<p>Yol a\u00e7\u0131c\u0131, kurucu dehalar; zihinleri ve g\u00f6n\u00fclleri besleyip s\u00fcsleyen \u015fahsiyetler, sanatk\u00e2rlar ve onlar\u0131n eserleri hakk\u0131nda ne kadar inceleme, ara\u015ft\u0131rma yap\u0131lsa yeridir. Yolun \u015fa\u015fmaz ve k\u0131ymetli k\u0131lavuzlar\u0131n\u0131 hakk\u0131yla tan\u0131mak, anlamak i\u00e7in daha fazlas\u0131na ihtiya\u00e7 vard\u0131r. Bilinir ki, hemen her yaz\u0131 \/ eser \/ \u00e7al\u0131\u015fma; bir bahsin izah\u0131, bir meselenin halli iken beri yanda bir sorunun i\u015faret fi\u015fe\u011fi olabilir.B\u00fcy\u00fck \u015fair ve d\u00fc\u015f\u00fcn\u00fcr Sezai Karako\u00e7 hakk\u0131nda yapt\u0131\u011f\u0131 doktora \u00e7al\u0131\u015fmas\u0131yla edebiyat camias\u0131ndan, ilgililerden tevecc\u00fch ve takdir g\u00f6ren Turan Karata\u015f, bu kitaptaki yaz\u0131lar\u0131nda, sonraki y\u0131llarda yapm\u0131\u015f oldu\u011fu okumalar\u0131n ve incelemelerin neticesi olarak Karako\u00e7\u2019un \u015fahsiyetine, d\u00fc\u015f\u00fcncesine, sanat\u0131na ve \u015fiirlerine dair yeni g\u00f6r\u00fc\u015fler, d\u00fc\u015f\u00fcnceler ve yorumlar sunuyor. \u015eiir \u00e7\u00f6z\u00fcmlemeleriyle b\u00fcy\u00fck \u015fairin eserlerini okumaya yeni bak\u0131\u015flar d\u00fc\u015f\u00fcr\u00fcyor. Karako\u00e7 \u015fiirleri \u00fczerinde akademik titizli\u011fi ve okurluk hevesiyle d\u00fc\u015f\u00fcnmeyi, yeni yollara \u00e7\u0131kmay\u0131, yeni izler bulmay\u0131 deniyor bu yaz\u0131lar\u0131yla.\u015eiirimizin ve d\u00fc\u015f\u00fcnce d\u00fcnyam\u0131z\u0131n bu \u00f6zg\u00fcn burcunu anlamak ve anlatmak denemelerini, tatl\u0131 ve \u0131\u015f\u0131lt\u0131l\u0131 bir T\u00fcrk\u00e7enin yordam\u0131yla okuyacaks\u0131n\u0131z.<\/p>\n","protected":false},"excerpt":{"rendered":"<p>Yol a\u00e7\u0131c\u0131, kurucu dehalar; zihinleri ve g\u00f6n\u00fclleri besleyip s\u00fcsleyen \u015fahsiyetler, sanatk\u00e2rlar ve onlar\u0131n eserleri hakk\u0131nda ne kadar inceleme, ara\u015ft\u0131rma yap\u0131lsa yeridir. Yolun \u015fa\u015fmaz ve k\u0131ymetli k\u0131lavuzlar\u0131n\u0131<span class=\"excerpt-hellip\"> [\u2026]<\/span><\/p>\n","protected":false},"featured_media":0,"template":"","meta":{"_monsterinsights_skip_tracking":false,"_monsterinsights_sitenote_active":false,"_monsterinsights_sitenote_note":"","_monsterinsights_sitenote_category":0},"product_brand":[],"product_cat":[13072,12291],"product_tag":[],"class_list":{"0":"post-727464","1":"product","2":"type-product","3":"status-publish","5":"product_cat-arastirma-inceleme-referans","6":"product_cat-edebiyat","7":"pa_cilt-ciltsiz","8":"pa_tur-kitap","9":"pa_yayinevi-muhit-kitap","10":"pa_yazar-turan-karatas","12":"first","13":"instock","14":"sale","15":"shipping-taxable","16":"purchasable","17":"product-type-simple"},"_links":{"self":[{"href":"https:\/\/roveyayinevi.com.tr\/index.php\/wp-json\/wp\/v2\/product\/727464","targetHints":{"allow":["GET"]}}],"collection":[{"href":"https:\/\/roveyayinevi.com.tr\/index.php\/wp-json\/wp\/v2\/product"}],"about":[{"href":"https:\/\/roveyayinevi.com.tr\/index.php\/wp-json\/wp\/v2\/types\/product"}],"wp:attachment":[{"href":"https:\/\/roveyayinevi.com.tr\/index.php\/wp-json\/wp\/v2\/media?parent=727464"}],"wp:term":[{"taxonomy":"product_brand","embeddable":true,"href":"https:\/\/roveyayinevi.com.tr\/index.php\/wp-json\/wp\/v2\/product_brand?post=727464"},{"taxonomy":"product_cat","embeddable":true,"href":"https:\/\/roveyayinevi.com.tr\/index.php\/wp-json\/wp\/v2\/product_cat?post=727464"},{"taxonomy":"product_tag","embeddable":true,"href":"https:\/\/roveyayinevi.com.tr\/index.php\/wp-json\/wp\/v2\/product_tag?post=727464"}],"curies":[{"name":"wp","href":"https:\/\/api.w.org\/{rel}","templated":true}]}}