{"id":727463,"date":"2025-08-27T20:22:37","date_gmt":"2025-08-27T17:22:37","guid":{"rendered":"https:\/\/roveyayinevi.com.tr\/index.php\/urun\/siirin-golgesinde\/"},"modified":"2026-04-16T02:35:19","modified_gmt":"2026-04-15T23:35:19","slug":"siirin-golgesinde","status":"publish","type":"product","link":"https:\/\/roveyayinevi.com.tr\/index.php\/urun\/siirin-golgesinde\/","title":{"rendered":"\u015eiirin G\u00f6lgesinde"},"content":{"rendered":"<p>\u015eiirin d\u0131\u015f\u0131nda deneme ve \u00f6yk\u00fcler de yazan Arif Ay, g\u00fcn\u00fcm\u00fcz edebiyat\u0131na dair duygu ve d\u00fc\u015f\u00fcncelerini kaleme ald\u0131\u011f\u0131 bu denemelerinde; Necip Faz\u0131l K\u0131sak\u00fcrek\u2019ten Sezai Karako\u00e7\u2019a, Nuri Pakdil\u2019e, Rauf Mutluay\u2019dan Do\u011fan H\u0131zlan\u2019a, Alaeddin \u00d6zden\u00f6ren\u2019den \u0130brahim Tenekeci\u2019ye, Aliya \u0130zzetbegovi\u00e7\u2019ten Hasan Ayc\u0131n\u2019a pek \u00e7ok \u015fair ve yazara yer vermi\u015ftir.Bu kitap, okuru \u015fiirin g\u00f6lgesinde a\u011f\u0131rl\u0131yor.<\/p>\n","protected":false},"excerpt":{"rendered":"<p>\u015eiirin d\u0131\u015f\u0131nda deneme ve \u00f6yk\u00fcler de yazan Arif Ay, g\u00fcn\u00fcm\u00fcz edebiyat\u0131na dair duygu ve d\u00fc\u015f\u00fcncelerini kaleme ald\u0131\u011f\u0131 bu denemelerinde; Necip Faz\u0131l K\u0131sak\u00fcrek\u2019ten Sezai Karako\u00e7\u2019a, Nuri Pakdil\u2019e,<span class=\"excerpt-hellip\"> [\u2026]<\/span><\/p>\n","protected":false},"featured_media":0,"template":"","meta":{"_monsterinsights_skip_tracking":false,"_monsterinsights_sitenote_active":false,"_monsterinsights_sitenote_note":"","_monsterinsights_sitenote_category":0},"product_brand":[],"product_cat":[12777,12291],"product_tag":[],"class_list":{"0":"post-727463","1":"product","2":"type-product","3":"status-publish","5":"product_cat-deneme","6":"product_cat-edebiyat","7":"pa_cilt-ciltsiz","8":"pa_tur-kitap","9":"pa_yayinevi-muhit-kitap","10":"pa_yazar-arif-ay","12":"first","13":"instock","14":"sale","15":"shipping-taxable","16":"purchasable","17":"product-type-simple"},"_links":{"self":[{"href":"https:\/\/roveyayinevi.com.tr\/index.php\/wp-json\/wp\/v2\/product\/727463","targetHints":{"allow":["GET"]}}],"collection":[{"href":"https:\/\/roveyayinevi.com.tr\/index.php\/wp-json\/wp\/v2\/product"}],"about":[{"href":"https:\/\/roveyayinevi.com.tr\/index.php\/wp-json\/wp\/v2\/types\/product"}],"wp:attachment":[{"href":"https:\/\/roveyayinevi.com.tr\/index.php\/wp-json\/wp\/v2\/media?parent=727463"}],"wp:term":[{"taxonomy":"product_brand","embeddable":true,"href":"https:\/\/roveyayinevi.com.tr\/index.php\/wp-json\/wp\/v2\/product_brand?post=727463"},{"taxonomy":"product_cat","embeddable":true,"href":"https:\/\/roveyayinevi.com.tr\/index.php\/wp-json\/wp\/v2\/product_cat?post=727463"},{"taxonomy":"product_tag","embeddable":true,"href":"https:\/\/roveyayinevi.com.tr\/index.php\/wp-json\/wp\/v2\/product_tag?post=727463"}],"curies":[{"name":"wp","href":"https:\/\/api.w.org\/{rel}","templated":true}]}}