{"id":727462,"date":"2025-08-27T20:22:36","date_gmt":"2025-08-27T17:22:36","guid":{"rendered":"https:\/\/roveyayinevi.com.tr\/index.php\/urun\/anadolunun-gonul-dili-yunus-emre\/"},"modified":"2026-04-16T02:35:19","modified_gmt":"2026-04-15T23:35:19","slug":"anadolunun-gonul-dili-yunus-emre","status":"publish","type":"product","link":"https:\/\/roveyayinevi.com.tr\/index.php\/urun\/anadolunun-gonul-dili-yunus-emre\/","title":{"rendered":"Anadolu\u2019nun G\u00f6n\u00fcl Dili Yunus Emre"},"content":{"rendered":"<p>Yunus Emre, T\u00fcrk edebiyat ve d\u00fc\u015f\u00fcnce hayat\u0131n\u0131n en zirve isimlerinin ba\u015f\u0131nda gelir. Denilebilir ki bu anlamda hem kendisinden istifade edece\u011fimiz hem de b\u00fcy\u00fck bir onurla b\u00fct\u00fcn bir d\u00fcnya insanl\u0131\u011f\u0131na sunabilece\u011fimiz bir de\u011ferimizdir. Yunus Emre, i\u015fte bu \u00f6zelli\u011finden dolay\u0131 as\u0131rlard\u0131r hep hayat\u0131m\u0131z\u0131n merkezinde oldu. \u015eiirleri hem tasavvuf muhitlerinde hem de ayd\u0131nlar ve halk aras\u0131nda T\u00fcrk\u00e7enin birer \u015faheseri olarak okundu, sevildi. T\u00fcrk\u00e7e, onunla yepyeni bir \u015fiir ve tefekk\u00fcr diline d\u00f6n\u00fc\u015ft\u00fc. Anadolu, ya\u015fad\u0131\u011f\u0131 \u00e7a\u011f\u0131n karanl\u0131\u011f\u0131ndan onun diriltici solu\u011fuyla aya\u011fa kalkt\u0131.Yunus Emre\u2019nin etkisi en \u00e7ok da T\u00fcrk \u015fiiri \u00fczerinde g\u00f6r\u00fcld\u00fc. O, bir \u015fiir mektebi kurdu. Kendinden sonra gelen \u015fairler, onu bir \u201cpir\u201d bilerek hem \u015fekil hem \u00f6z anlam\u0131nda onu \u00f6rnek ald\u0131lar. B\u00f6ylece ortaya Yunus Emre merkezli bir T\u00fcrk \u015fiiri \u00e7\u0131kt\u0131.<\/p>\n","protected":false},"excerpt":{"rendered":"<p>Yunus Emre, T\u00fcrk edebiyat ve d\u00fc\u015f\u00fcnce hayat\u0131n\u0131n en zirve isimlerinin ba\u015f\u0131nda gelir. Denilebilir ki bu anlamda hem kendisinden istifade edece\u011fimiz hem de b\u00fcy\u00fck bir onurla b\u00fct\u00fcn<span class=\"excerpt-hellip\"> [\u2026]<\/span><\/p>\n","protected":false},"featured_media":0,"template":"","meta":{"_monsterinsights_skip_tracking":false,"_monsterinsights_sitenote_active":false,"_monsterinsights_sitenote_note":"","_monsterinsights_sitenote_category":0},"product_brand":[],"product_cat":[12777,12291],"product_tag":[],"class_list":{"0":"post-727462","1":"product","2":"type-product","3":"status-publish","5":"product_cat-deneme","6":"product_cat-edebiyat","7":"pa_cilt-ciltsiz","8":"pa_tur-kitap","9":"pa_yayinevi-muhit-kitap","10":"pa_yazar-mustafa-ozcelik","12":"first","13":"instock","14":"sale","15":"shipping-taxable","16":"purchasable","17":"product-type-simple"},"_links":{"self":[{"href":"https:\/\/roveyayinevi.com.tr\/index.php\/wp-json\/wp\/v2\/product\/727462","targetHints":{"allow":["GET"]}}],"collection":[{"href":"https:\/\/roveyayinevi.com.tr\/index.php\/wp-json\/wp\/v2\/product"}],"about":[{"href":"https:\/\/roveyayinevi.com.tr\/index.php\/wp-json\/wp\/v2\/types\/product"}],"wp:attachment":[{"href":"https:\/\/roveyayinevi.com.tr\/index.php\/wp-json\/wp\/v2\/media?parent=727462"}],"wp:term":[{"taxonomy":"product_brand","embeddable":true,"href":"https:\/\/roveyayinevi.com.tr\/index.php\/wp-json\/wp\/v2\/product_brand?post=727462"},{"taxonomy":"product_cat","embeddable":true,"href":"https:\/\/roveyayinevi.com.tr\/index.php\/wp-json\/wp\/v2\/product_cat?post=727462"},{"taxonomy":"product_tag","embeddable":true,"href":"https:\/\/roveyayinevi.com.tr\/index.php\/wp-json\/wp\/v2\/product_tag?post=727462"}],"curies":[{"name":"wp","href":"https:\/\/api.w.org\/{rel}","templated":true}]}}