{"id":727460,"date":"2025-08-27T20:22:34","date_gmt":"2025-08-27T17:22:34","guid":{"rendered":"https:\/\/roveyayinevi.com.tr\/index.php\/urun\/evrenin-kiyisinda-duruyorum-ciltli\/"},"modified":"2026-04-16T02:35:19","modified_gmt":"2026-04-15T23:35:19","slug":"evrenin-kiyisinda-duruyorum-ciltli","status":"publish","type":"product","link":"https:\/\/roveyayinevi.com.tr\/index.php\/urun\/evrenin-kiyisinda-duruyorum-ciltli\/","title":{"rendered":"Evrenin K\u0131y\u0131s\u0131nda Duruyorum (Ciltli)"},"content":{"rendered":"<p>\u201cEvren ne kadar b\u00fcy\u00fck olursa olsun, seni her zaman bulurum.\u201d   Tommy ile Ozzie\u2019nin \u00e7ocuklukta ba\u015flayan arkada\u015fl\u0131klar\u0131 zamanla sars\u0131lmaz bir a\u015fka d\u00f6n\u00fc\u015fm\u00fc\u015ft\u00fc. Ya\u015fad\u0131klar\u0131 k\u00fc\u00e7\u00fck kasabay\u0131 geride b\u0131rak\u0131p beraber yepyeni bir hayata ad\u0131m atmak en b\u00fcy\u00fck hayalleriydi \u2013 ta ki Tommy ortadan kaybolana kadar.   Sanki g\u00f6r\u00fcnmez bir el Tommy\u2019yi hayatlar\u0131ndan silmi\u015f gibiydi. Ozzie hari\u00e7 kimse onun var oldu\u011funu bile hat\u0131rlam\u0131yordu. Sevgilisinin yoklu\u011fuyla bo\u015flu\u011fa d\u00fc\u015fen Ozzie\u2019nin olanlara mant\u0131kl\u0131 bir a\u00e7\u0131klama bulma \u00e7abas\u0131, onu bir ba\u015fka korkun\u00e7 ger\u00e7ekle burun buruna getirdi: Evren gitgide k\u00fc\u00e7\u00fcl\u00fcyordu.   Art\u0131k ba\u015f\u0131na gelen her \u015feyin evrenin g\u00f6nderdi\u011fi bir mesaj oldu\u011funa inanmaya ba\u015flam\u0131\u015ft\u0131. Son anda zorla indirildi\u011fi u\u00e7a\u011f\u0131n d\u00fc\u015fmesi, Fizik dersi i\u00e7in Calvin\u2019le e\u015fle\u015ftirilmesi ve aralar\u0131ndaki bariz \u00e7ekim\u2026 Yap\u0131lan her se\u00e7im, bir daha asla a\u00e7\u0131lmayacak bir kap\u0131y\u0131 kapamak demekti ve Ozzie \u00f6n\u00fcndeki her kap\u0131y\u0131 elinden geldi\u011fince uzun s\u00fcre a\u00e7\u0131k tutmaya kararl\u0131yd\u0131.   \u201cHazine niteli\u011finde bir b\u00fcy\u00fcme hik\u00e2yesi.\u201d \u2014Kirkus, starred review   \u201cM\u00fckemmel kurgulanm\u0131\u015f bir roman.\u201d  \u2014Shelf Awareness, starred review   \u201cHutchinson \u00f6nemli konular\u0131n \u00fcst\u00fcn\u00fc bilimkurgu ile \u00f6rt\u00fcyor\u2026 Ozzie\u2019nin zek\u00e2s\u0131 ve arkada\u015flar\u0131 i\u00e7in duydu\u011fu endi\u015fe, onu b\u00fcy\u00fcleyici bir anlat\u0131c\u0131 yap\u0131yor.\u201d  \u2014Publishers Weekly, starred review <\/p>\n","protected":false},"excerpt":{"rendered":"<p>\u201cEvren ne kadar b\u00fcy\u00fck olursa olsun, seni her zaman bulurum.\u201d Tommy ile Ozzie\u2019nin \u00e7ocuklukta ba\u015flayan arkada\u015fl\u0131klar\u0131 zamanla sars\u0131lmaz bir a\u015fka d\u00f6n\u00fc\u015fm\u00fc\u015ft\u00fc. Ya\u015fad\u0131klar\u0131 k\u00fc\u00e7\u00fck kasabay\u0131 geride b\u0131rak\u0131p<span class=\"excerpt-hellip\"> [\u2026]<\/span><\/p>\n","protected":false},"featured_media":0,"template":"","meta":{"_monsterinsights_skip_tracking":false,"_monsterinsights_sitenote_active":false,"_monsterinsights_sitenote_note":"","_monsterinsights_sitenote_category":0},"product_brand":[],"product_cat":[12540,12291],"product_tag":[],"class_list":{"0":"post-727460","1":"product","2":"type-product","3":"status-publish","5":"product_cat-bilim-kurgu","6":"product_cat-edebiyat","7":"pa_cilt-ciltli","8":"pa_tur-kitap","9":"pa_yayinevi-yabanci-yayinevi","10":"pa_yazar-shaun-david-hutchinson","12":"first","13":"instock","14":"sale","15":"shipping-taxable","16":"purchasable","17":"product-type-simple"},"_links":{"self":[{"href":"https:\/\/roveyayinevi.com.tr\/index.php\/wp-json\/wp\/v2\/product\/727460","targetHints":{"allow":["GET"]}}],"collection":[{"href":"https:\/\/roveyayinevi.com.tr\/index.php\/wp-json\/wp\/v2\/product"}],"about":[{"href":"https:\/\/roveyayinevi.com.tr\/index.php\/wp-json\/wp\/v2\/types\/product"}],"wp:attachment":[{"href":"https:\/\/roveyayinevi.com.tr\/index.php\/wp-json\/wp\/v2\/media?parent=727460"}],"wp:term":[{"taxonomy":"product_brand","embeddable":true,"href":"https:\/\/roveyayinevi.com.tr\/index.php\/wp-json\/wp\/v2\/product_brand?post=727460"},{"taxonomy":"product_cat","embeddable":true,"href":"https:\/\/roveyayinevi.com.tr\/index.php\/wp-json\/wp\/v2\/product_cat?post=727460"},{"taxonomy":"product_tag","embeddable":true,"href":"https:\/\/roveyayinevi.com.tr\/index.php\/wp-json\/wp\/v2\/product_tag?post=727460"}],"curies":[{"name":"wp","href":"https:\/\/api.w.org\/{rel}","templated":true}]}}