{"id":727459,"date":"2025-08-27T20:22:33","date_gmt":"2025-08-27T17:22:33","guid":{"rendered":"https:\/\/roveyayinevi.com.tr\/index.php\/urun\/cumle-gogun-mavisi\/"},"modified":"2026-04-03T02:42:51","modified_gmt":"2026-04-02T23:42:51","slug":"cumle-gogun-mavisi","status":"publish","type":"product","link":"https:\/\/roveyayinevi.com.tr\/index.php\/urun\/cumle-gogun-mavisi\/","title":{"rendered":"C\u00fcmle G\u00f6\u011f\u00fcn Mavisi"},"content":{"rendered":"<p>Bir yolsuzluk dosyas\u0131n\u0131 kamuoyuna duyuran gazeteci \u2013 yazar Fevzi Durukan, her an g\u00f6zalt\u0131na al\u0131nmay\u0131 beklerken ayn\u0131 zamanda kar\u0131s\u0131n\u0131n kendisini aldatt\u0131\u011f\u0131 ger\u00e7e\u011fiyle de m\u00fccadele etmektedir. Hayat ak\u0131\u015f\u0131ndaki bu yar\u0131lma, Fevzi\u2019yi annesinin intihar\u0131ndaki rol\u00fcnden babas\u0131yla ili\u015fkisine, dostluklar\u0131ndan d\u00fc\u015flerine, edebiyat camias\u0131ndan \u00fclkenin durumuna, en \u00e7ok da kendisiyle y\u00fczle\u015ftirecektir. \u00d6yle ki kendini \u015fimdiki zamandan soyutlayabilmek ad\u0131na ya\u015fanmakta olan\u0131 di\u2019li ge\u00e7mi\u015f zaman kipiyle yaz\u0131lm\u0131\u015f hayali bir roman\u0131n pasajlar\u0131 haline getirerek yer yer s\u00f6z\u00fc anlat\u0131c\u0131dan devral\u0131r. \u00c7izgisel ilerleyen olaylar silsilesi, geriye d\u00f6n\u00fc\u015flerle, id\u2019in vah\u015fi ve tekinsiz sesiyle, ayn\u0131 zamanda yazar Fevzi\u2019nin ideal kurmacas\u0131yla i\u00e7 i\u00e7e ge\u00e7er.   Ayhan Ko\u00e7 b\u00fcy\u00fck bir titizlikle kurgulad\u0131\u011f\u0131, postmodern edebi tekniklerle besledi\u011fi son roman\u0131 C\u00fcmle G\u00f6\u011f\u00fcn Mavisi\u2019nde b\u0131\u00e7ak s\u0131rt\u0131nda ilerliyor. Bir yandan KHK\u2019l\u0131lar, m\u00fclteci problemi, bas\u0131n \u00f6zg\u00fcrl\u00fc\u011f\u00fc, muhafazak\u00e2rla\u015fma, K\u00fcrt meselesi gibi g\u00fcncel politik olaylar \u00e7er\u00e7evesinde h\u00e2kim ideolojiyi yererken, di\u011fer yandan \u201cmuhalif\u201d olma iddias\u0131ndaki \u00e7evreleri de sert bir \u015fekilde hicvediyor. T\u00fcm yak\u0131c\u0131l\u0131\u011f\u0131na ra\u011fmen \u00e7a\u011fda\u015f edebiyat\u0131n mesafeli kalmay\u0131 tercih etti\u011fi g\u00fcncel soru ve sorunlara parmak bas\u0131yor, elini ta\u015f\u0131n alt\u0131na koymaktan \u00e7ekinmiyor, \u00f6z sans\u00fcre kar\u015f\u0131 kuvvetli bir \u00e7\u0131\u011fl\u0131k y\u00fckseltiyor. B\u00f6yle netameli bir i\u015fin \u00fcstesinden gelirken hi\u00e7bir \u015fekilde didaktizme ya da mesaj verme kayg\u0131s\u0131na, vicdanlara oynama baya\u011f\u0131l\u0131\u011f\u0131na d\u00fc\u015fmeyen sert, tavizsin bir metin okuman\u0131n hazz\u0131n\u0131 ya\u015fayacaks\u0131n\u0131z. <\/p>\n","protected":false},"excerpt":{"rendered":"<p>Bir yolsuzluk dosyas\u0131n\u0131 kamuoyuna duyuran gazeteci \u2013 yazar Fevzi Durukan, her an g\u00f6zalt\u0131na al\u0131nmay\u0131 beklerken ayn\u0131 zamanda kar\u0131s\u0131n\u0131n kendisini aldatt\u0131\u011f\u0131 ger\u00e7e\u011fiyle de m\u00fccadele etmektedir. Hayat ak\u0131\u015f\u0131ndaki<span class=\"excerpt-hellip\"> [\u2026]<\/span><\/p>\n","protected":false},"featured_media":0,"template":"","meta":{"_monsterinsights_skip_tracking":false,"_monsterinsights_sitenote_active":false,"_monsterinsights_sitenote_note":"","_monsterinsights_sitenote_category":0},"product_brand":[],"product_cat":[12291,12711],"product_tag":[],"class_list":{"0":"post-727459","1":"product","2":"type-product","3":"status-publish","5":"product_cat-edebiyat","6":"product_cat-roman-oyku","7":"pa_cilt-ciltsiz","8":"pa_tur-kitap","9":"pa_yayinevi-ithaki-yayinlari","10":"pa_yazar-ayhan-koc","12":"first","13":"instock","14":"sale","15":"shipping-taxable","16":"purchasable","17":"product-type-simple"},"_links":{"self":[{"href":"https:\/\/roveyayinevi.com.tr\/index.php\/wp-json\/wp\/v2\/product\/727459","targetHints":{"allow":["GET"]}}],"collection":[{"href":"https:\/\/roveyayinevi.com.tr\/index.php\/wp-json\/wp\/v2\/product"}],"about":[{"href":"https:\/\/roveyayinevi.com.tr\/index.php\/wp-json\/wp\/v2\/types\/product"}],"wp:attachment":[{"href":"https:\/\/roveyayinevi.com.tr\/index.php\/wp-json\/wp\/v2\/media?parent=727459"}],"wp:term":[{"taxonomy":"product_brand","embeddable":true,"href":"https:\/\/roveyayinevi.com.tr\/index.php\/wp-json\/wp\/v2\/product_brand?post=727459"},{"taxonomy":"product_cat","embeddable":true,"href":"https:\/\/roveyayinevi.com.tr\/index.php\/wp-json\/wp\/v2\/product_cat?post=727459"},{"taxonomy":"product_tag","embeddable":true,"href":"https:\/\/roveyayinevi.com.tr\/index.php\/wp-json\/wp\/v2\/product_tag?post=727459"}],"curies":[{"name":"wp","href":"https:\/\/api.w.org\/{rel}","templated":true}]}}