{"id":727458,"date":"2025-08-27T20:22:32","date_gmt":"2025-08-27T17:22:32","guid":{"rendered":"https:\/\/roveyayinevi.com.tr\/index.php\/urun\/onu-tanimadan-once\/"},"modified":"2026-04-16T02:35:19","modified_gmt":"2026-04-15T23:35:19","slug":"onu-tanimadan-once","status":"publish","type":"product","link":"https:\/\/roveyayinevi.com.tr\/index.php\/urun\/onu-tanimadan-once\/","title":{"rendered":"Onu Tan\u0131madan \u00d6nce"},"content":{"rendered":"<p>D\u00fcnya edebiyat\u0131n\u0131n \u201cMerak\u0131 canl\u0131 tutan, korkutucu ve psikolojik anlamda kurnaz bir roman, tarz sahibi gerilim yazarl\u0131\u011f\u0131n\u0131n en kusursuzlar\u0131ndan.\u201d \u2013Guardian   \u201cLeziz bir \u015fekilde iyi \u2013 keskin, zeki, m\u00fckemmel bir tempoda\u2026 Swanson\u2019\u0131n \u015fimdiye kadarki en iyi gerilim roman\u0131.\u201d \u2013The Observer   \u00c7ocuk kitaplar\u0131na \u00e7izimler yapan bir ill\u00fcstrat\u00f6r olan Hen ile kocas\u0131 yeni bir mahallede, yeni bir evde sakin bir hayat kurarlar. Sonunda huzura ve istikrara kavu\u015facaklard\u0131r. Ancak mahallede, onlar d\u0131\u015f\u0131nda \u00e7ocuksuz tek \u00e7ift olan Matthew ve e\u015fiyle tan\u0131\u015ft\u0131klar\u0131 g\u00fcn bu huzurun alt\u0131 a\u015f\u0131nmaya ba\u015flar.   Hen, Matthew\u2019nun kitapl\u0131\u011f\u0131nda g\u00f6rd\u00fc\u011f\u00fc eskrim kupas\u0131n\u0131n, iki y\u0131l \u00f6nce \u00f6ld\u00fcr\u00fclen gen\u00e7 bir adam\u0131n evinden al\u0131nd\u0131\u011f\u0131na emindir. \u00dcstelik Matthew, \u00f6ld\u00fcr\u00fclen \u00e7ocu\u011fun okulunda \u00f6\u011fretmendir. Cinayetin haberlerini, olay ya\u015fand\u0131\u011f\u0131 zaman, uzun s\u00fcre takip edip ara\u015ft\u0131ran Hen\u2019in akl\u0131na sorular \u00fc\u015f\u00fc\u015f\u00fcr: Yan kom\u015fusu ger\u00e7ekten katil midir? Yoksa bu d\u00fc\u015f\u00fcnceler Hen\u2019in kendi paranoyas\u0131ndan m\u0131 ibarettir?   Korkunun K\u0131skac\u0131nda, \u00d6ld\u00fcrmeye De\u011fer Ki\u015filer gibi romanlar\u0131n yazar\u0131 Peter Swanson\u2019dan Onu Tan\u0131madan \u00d6nce erkek ve kad\u0131n ili\u015fkilerinin karanl\u0131k izlerini takip eden, tak\u0131nt\u0131n\u0131n gizlendi\u011fi maskelerin alt\u0131na \u0131\u015f\u0131k tutan, diken \u00fcst\u00fcnde bir macera.   \u201cBah\u00e7eli banliy\u00f6lerin \u00e7irkin, \u00f6ld\u00fcr\u00fcc\u00fc y\u00fcz\u00fcn\u00fc anlatan dolamba\u00e7l\u0131, y\u00fcksek tempolu bir hik\u00e2ye\u2026 Swanson, \u00f6rnek de ald\u0131\u011f\u0131 \u00f6nc\u00fcl\u00fc Patricia Highsmith\u2019in sevdi\u011fi temalardan sanat\u00e7\u0131 ile katil aras\u0131ndaki benzerli\u011fi irdeledi\u011finde kusursuzla\u015f\u0131yor.\u201d \u2013Kirkus Reviews <\/p>\n","protected":false},"excerpt":{"rendered":"<p>D\u00fcnya edebiyat\u0131n\u0131n \u201cMerak\u0131 canl\u0131 tutan, korkutucu ve psikolojik anlamda kurnaz bir roman, tarz sahibi gerilim yazarl\u0131\u011f\u0131n\u0131n en kusursuzlar\u0131ndan.\u201d \u2013Guardian \u201cLeziz bir \u015fekilde iyi \u2013 keskin, zeki,<span class=\"excerpt-hellip\"> [\u2026]<\/span><\/p>\n","protected":false},"featured_media":0,"template":"","meta":{"_monsterinsights_skip_tracking":false,"_monsterinsights_sitenote_active":false,"_monsterinsights_sitenote_note":"","_monsterinsights_sitenote_category":0},"product_brand":[],"product_cat":[12291,17033],"product_tag":[],"class_list":{"0":"post-727458","1":"product","2":"type-product","3":"status-publish","5":"product_cat-edebiyat","6":"product_cat-korku-gerilim","7":"pa_cilt-ciltsiz","8":"pa_tur-kitap","9":"pa_yayinevi-ithaki-yayinlari","10":"pa_yazar-peter-swanson","12":"first","13":"instock","14":"sale","15":"shipping-taxable","16":"purchasable","17":"product-type-simple"},"_links":{"self":[{"href":"https:\/\/roveyayinevi.com.tr\/index.php\/wp-json\/wp\/v2\/product\/727458","targetHints":{"allow":["GET"]}}],"collection":[{"href":"https:\/\/roveyayinevi.com.tr\/index.php\/wp-json\/wp\/v2\/product"}],"about":[{"href":"https:\/\/roveyayinevi.com.tr\/index.php\/wp-json\/wp\/v2\/types\/product"}],"wp:attachment":[{"href":"https:\/\/roveyayinevi.com.tr\/index.php\/wp-json\/wp\/v2\/media?parent=727458"}],"wp:term":[{"taxonomy":"product_brand","embeddable":true,"href":"https:\/\/roveyayinevi.com.tr\/index.php\/wp-json\/wp\/v2\/product_brand?post=727458"},{"taxonomy":"product_cat","embeddable":true,"href":"https:\/\/roveyayinevi.com.tr\/index.php\/wp-json\/wp\/v2\/product_cat?post=727458"},{"taxonomy":"product_tag","embeddable":true,"href":"https:\/\/roveyayinevi.com.tr\/index.php\/wp-json\/wp\/v2\/product_tag?post=727458"}],"curies":[{"name":"wp","href":"https:\/\/api.w.org\/{rel}","templated":true}]}}