{"id":727457,"date":"2025-08-27T20:22:31","date_gmt":"2025-08-27T17:22:31","guid":{"rendered":"https:\/\/roveyayinevi.com.tr\/index.php\/urun\/yokustaki-salyangoz\/"},"modified":"2026-04-16T02:35:19","modified_gmt":"2026-04-15T23:35:19","slug":"yokustaki-salyangoz","status":"publish","type":"product","link":"https:\/\/roveyayinevi.com.tr\/index.php\/urun\/yokustaki-salyangoz\/","title":{"rendered":"Yoku\u015ftaki Salyangoz"},"content":{"rendered":"<p>\u201cYoku\u015ftaki Salyangoz, Strugatskilerin tuhaf ve kuvvetli ila\u00e7lar\u0131 aras\u0131nda en etkili olan\u0131.\u201d \u2013Jonathan Lethem   B\u0130R\u0130LER\u0130N\u0130N \u0130CAT ETT\u0130\u011e\u0130, UYDURDU\u011eU AMA BANA VE BELK\u0130 KEND\u0130S\u0130NE DE A\u00c7IKLAMAK ZAHMET\u0130NE KATLANMADI\u011eI B\u0130R D\u00dcNYADA YA\u015eIYORUM.   Arkadi ve Boris Strugatski, entelekt\u00fcel a\u00e7\u0131dan k\u0131\u015fk\u0131rt\u0131c\u0131, inan\u0131lmaz e\u011flenceli, cesur ve ele\u015ftirel kitaplar\u0131yla \u201cSovyetler d\u00f6neminin en b\u00fcy\u00fck bilimkurgu yazarlar\u0131\u201d s\u0131fat\u0131n\u0131 hak eden yeg\u00e2ne ikili. Yoku\u015ftaki Salyangoz ise, Strugatski karde\u015flerin az bilinen ba\u015fyap\u0131tlar\u0131ndan fakat onlara g\u00f6re eserlerinin \u201cen kusursuzu ve yazd\u0131klar\u0131 aras\u0131nda en \u00f6nemlisi.\u201d   Biber, g\u00fcnlerini a\u015fa\u011f\u0131daki orman\u0131n y\u00f6netimini sa\u011flayan \u0130dare\u2019nin b\u00fcrokratik koridorlar\u0131nda ge\u00e7irmektedir. Bir dilbilimci olan Biber\u2019in dile\u011fi ormana girmektir fakat \u0130dare taraf\u0131ndan bu talebi s\u00fcrekli reddedilmektedir. \u00d6te yandan, her g\u00fcn \u201cyar\u0131n\u201d gelece\u011fi s\u00f6ylenen araba gelip onu almad\u0131\u011f\u0131 i\u00e7in \u0130dare binas\u0131nda s\u0131k\u0131\u015f\u0131p kalm\u0131\u015ft\u0131r. Biber\u2019in de tek yapabildi\u011fi, yamac\u0131n tepesindeki \u0130dare\u2019de oturup orman\u0131 seyretmektir.   Candide ise y\u0131llar \u00f6nce bir helikopter kazas\u0131ndan canl\u0131 kurtulan bir \u0130dare memurudur. Orman\u2019\u0131n yerlileri taraf\u0131ndan sahiplenilen Candide, yerliler aras\u0131nda basit hayat s\u00fcrmektedir. Ancak Candide\u2019in tek istedi\u011fi \u0130dare\u2019ye geri d\u00f6nebilmektir. Yerliler orman\u0131n tehlikeleri hakk\u0131nda onu uyarsalar da Candide her gece yatarken \u201cyar\u0131n\u201d tepedeki \u0130dare\u2019ye do\u011fru yola \u00e7\u0131kma planlar\u0131 yapmaktad\u0131r.   \u0130nsan, \u00e7evresini ne kadar tan\u0131yabilir? Daha da \u00f6nemlisi, insan do\u011faya h\u00fckmedebilir mi?   Yoku\u015ftaki Salyangoz, \u015fimdiyle gelece\u011fin aras\u0131ndaki tehlikeli yolculuk. <\/p>\n","protected":false},"excerpt":{"rendered":"<p>\u201cYoku\u015ftaki Salyangoz, Strugatskilerin tuhaf ve kuvvetli ila\u00e7lar\u0131 aras\u0131nda en etkili olan\u0131.\u201d \u2013Jonathan Lethem B\u0130R\u0130LER\u0130N\u0130N \u0130CAT ETT\u0130\u011e\u0130, UYDURDU\u011eU AMA BANA VE BELK\u0130 KEND\u0130S\u0130NE DE A\u00c7IKLAMAK ZAHMET\u0130NE KATLANMADI\u011eI<span class=\"excerpt-hellip\"> [\u2026]<\/span><\/p>\n","protected":false},"featured_media":0,"template":"","meta":{"_monsterinsights_skip_tracking":false,"_monsterinsights_sitenote_active":false,"_monsterinsights_sitenote_note":"","_monsterinsights_sitenote_category":0},"product_brand":[],"product_cat":[12540,12291],"product_tag":[],"class_list":{"0":"post-727457","1":"product","2":"type-product","3":"status-publish","5":"product_cat-bilim-kurgu","6":"product_cat-edebiyat","7":"pa_cilt-ciltsiz","8":"pa_tur-kitap","9":"pa_yayinevi-ithaki-yayinlari","10":"pa_yazar-arkadi-strugatski-boris-strugatski","12":"first","13":"instock","14":"sale","15":"shipping-taxable","16":"purchasable","17":"product-type-simple"},"_links":{"self":[{"href":"https:\/\/roveyayinevi.com.tr\/index.php\/wp-json\/wp\/v2\/product\/727457","targetHints":{"allow":["GET"]}}],"collection":[{"href":"https:\/\/roveyayinevi.com.tr\/index.php\/wp-json\/wp\/v2\/product"}],"about":[{"href":"https:\/\/roveyayinevi.com.tr\/index.php\/wp-json\/wp\/v2\/types\/product"}],"wp:attachment":[{"href":"https:\/\/roveyayinevi.com.tr\/index.php\/wp-json\/wp\/v2\/media?parent=727457"}],"wp:term":[{"taxonomy":"product_brand","embeddable":true,"href":"https:\/\/roveyayinevi.com.tr\/index.php\/wp-json\/wp\/v2\/product_brand?post=727457"},{"taxonomy":"product_cat","embeddable":true,"href":"https:\/\/roveyayinevi.com.tr\/index.php\/wp-json\/wp\/v2\/product_cat?post=727457"},{"taxonomy":"product_tag","embeddable":true,"href":"https:\/\/roveyayinevi.com.tr\/index.php\/wp-json\/wp\/v2\/product_tag?post=727457"}],"curies":[{"name":"wp","href":"https:\/\/api.w.org\/{rel}","templated":true}]}}