{"id":727456,"date":"2025-08-27T20:22:30","date_gmt":"2025-08-27T17:22:30","guid":{"rendered":"https:\/\/roveyayinevi.com.tr\/index.php\/urun\/hukuk-ve-devrim\/"},"modified":"2026-04-16T02:35:19","modified_gmt":"2026-04-15T23:35:19","slug":"hukuk-ve-devrim","status":"publish","type":"product","link":"https:\/\/roveyayinevi.com.tr\/index.php\/urun\/hukuk-ve-devrim\/","title":{"rendered":"Hukuk Ve Devrim"},"content":{"rendered":"<p>\u201cBu kitapta anlat\u0131lan hik\u00e2yenin ayr\u0131 ayr\u0131 par\u00e7alar\u0131n\u0131 uzman tarih\u00e7iler ve hukuk\u00e7ular \u00e7ok iyi biliyor. Yine de tek ba\u015f\u0131na hik\u00e2yenin b\u00fct\u00fcn\u00fc bilindik de\u011fil ve al\u0131\u015f\u0131lagelmi\u015f pe\u015fin h\u00fck\u00fcmlerle \u00e7at\u0131\u015f\u0131yor. \u00dcstelik bat\u0131 tarihinin geleneksel d\u00f6nemselle\u015ftirmesine de itiraz ediyor. Bat\u0131 uygarl\u0131\u011f\u0131n\u0131n tarihini tek tek milletlerin tarihi olarak ele almaktansa bir b\u00fct\u00fcn olarak de\u011ferlendiriyor. Dahas\u0131 genellikle modern \u00f6ncesi d\u00f6neme ait oldu\u011fu d\u00fc\u015f\u00fcn\u00fclen modern niteliklere at\u0131fta bulunuyor. Genellikle feodalizm \u00e7a\u011f\u0131 olarak adland\u0131r\u0131lan d\u00f6nemin bask\u0131n feodal niteli\u011fini reddediyor ve feodal hukuk ile malikane hukukunu ticaret hukukunun, kent hukukunun ve krall\u0131k hukukunun z\u0131dd\u0131 olarak de\u011fil tamamlay\u0131c\u0131s\u0131 olarak ele al\u0131yor\u201d. Ya\u015fam\u0131 boyunca yirmi be\u015f kitap ve y\u00fczlerce makale yay\u0131nlam\u0131\u015f olan hukuk kuramc\u0131s\u0131 ve tarih\u00e7isi Harold J. Berman (1918-2007), Bat\u0131 hukuk gelene\u011finin olu\u015fumunu bir b\u00fct\u00fcn olarak sosyal, siyasi ve din\u00ee temelleri ile a\u00e7\u0131klamaya \u00e7al\u0131\u015fmas\u0131yla tan\u0131n\u0131yordu. Bu \u00e7al\u0131\u015fma Bat\u0131 hukuk gelene\u011fi ile ilgilenen herkesin ya referans g\u00f6stermesi veya hesapla\u015fmas\u0131 gereken bir eser olarak abidevi bir de\u011fer kazanm\u0131\u015ft\u0131r<\/p>\n","protected":false},"excerpt":{"rendered":"<p>\u201cBu kitapta anlat\u0131lan hik\u00e2yenin ayr\u0131 ayr\u0131 par\u00e7alar\u0131n\u0131 uzman tarih\u00e7iler ve hukuk\u00e7ular \u00e7ok iyi biliyor. Yine de tek ba\u015f\u0131na hik\u00e2yenin b\u00fct\u00fcn\u00fc bilindik de\u011fil ve al\u0131\u015f\u0131lagelmi\u015f pe\u015fin h\u00fck\u00fcmlerle<span class=\"excerpt-hellip\"> [\u2026]<\/span><\/p>\n","protected":false},"featured_media":0,"template":"","meta":{"_monsterinsights_skip_tracking":false,"_monsterinsights_sitenote_active":false,"_monsterinsights_sitenote_note":"","_monsterinsights_sitenote_category":0},"product_brand":[],"product_cat":[15350,17602],"product_tag":[],"class_list":{"0":"post-727456","1":"product","2":"type-product","3":"status-publish","5":"product_cat-hukuk","6":"product_cat-hukuk-uzerine","7":"pa_cilt-ciltsiz","8":"pa_tur-kitap","9":"pa_yayinevi-pinhan-yayincilik","10":"pa_yazar-harold-j-berman","12":"first","13":"instock","14":"sale","15":"shipping-taxable","16":"purchasable","17":"product-type-simple"},"_links":{"self":[{"href":"https:\/\/roveyayinevi.com.tr\/index.php\/wp-json\/wp\/v2\/product\/727456","targetHints":{"allow":["GET"]}}],"collection":[{"href":"https:\/\/roveyayinevi.com.tr\/index.php\/wp-json\/wp\/v2\/product"}],"about":[{"href":"https:\/\/roveyayinevi.com.tr\/index.php\/wp-json\/wp\/v2\/types\/product"}],"wp:attachment":[{"href":"https:\/\/roveyayinevi.com.tr\/index.php\/wp-json\/wp\/v2\/media?parent=727456"}],"wp:term":[{"taxonomy":"product_brand","embeddable":true,"href":"https:\/\/roveyayinevi.com.tr\/index.php\/wp-json\/wp\/v2\/product_brand?post=727456"},{"taxonomy":"product_cat","embeddable":true,"href":"https:\/\/roveyayinevi.com.tr\/index.php\/wp-json\/wp\/v2\/product_cat?post=727456"},{"taxonomy":"product_tag","embeddable":true,"href":"https:\/\/roveyayinevi.com.tr\/index.php\/wp-json\/wp\/v2\/product_tag?post=727456"}],"curies":[{"name":"wp","href":"https:\/\/api.w.org\/{rel}","templated":true}]}}