{"id":727455,"date":"2025-08-27T20:22:29","date_gmt":"2025-08-27T17:22:29","guid":{"rendered":"https:\/\/roveyayinevi.com.tr\/index.php\/urun\/modern-dunyada-risk-soylemi\/"},"modified":"2026-01-29T03:04:10","modified_gmt":"2026-01-29T00:04:10","slug":"modern-dunyada-risk-soylemi","status":"publish","type":"product","link":"https:\/\/roveyayinevi.com.tr\/index.php\/urun\/modern-dunyada-risk-soylemi\/","title":{"rendered":"Modern D\u00fcnyada Risk S\u00f6ylemi"},"content":{"rendered":"<p>Tarih ve edebiyat kitaplar\u0131n\u0131n sayfalar\u0131 risk almaktan korkmayan kahramanlarla doludur. \u00d6yk\u00fclerde, \u015fiirlerde, destanlarda ve \u015fark\u0131larda maceradan maceraya ko\u015fan kahramanlar ve onlar\u0131n b\u00fcy\u00fck kahramanl\u0131klar\u0131 anlat\u0131l\u0131r. Yunan mitolojisine g\u00f6re Truval\u0131 Paris\u2019in Sparta kral\u0131n\u0131n kar\u0131s\u0131 Helen\u2019i ka\u00e7\u0131rmas\u0131 Truva Sava\u015f\u0131\u2019na, tarih anlat\u0131lar\u0131na g\u00f6re bir k\u00f6le olan Spartak\u00fcs\u2019\u00fcn risk almaktan korkmayarak y\u00fczlerce ki\u015fiyi pe\u015fine takmas\u0131 Roma\u2019da b\u00fcy\u00fck bir ba\u015far\u0131 elde etmesine yol a\u00e7m\u0131\u015ft\u0131r. Kaptan Ahab dev bir balinan\u0131n pe\u015finden gitmekten, \u0130nce Memed Hat\u00e7e\u2019yi da\u011flara ka\u00e7\u0131rmaktan korkmam\u0131\u015ft\u0131r. Dev ile sava\u015ft\u0131\u011f\u0131n\u0131 sanarak k\u0131l\u0131c\u0131n\u0131 yel de\u011firmenlerine do\u011frultan Don Ki\u015fot\u2019u da unutmamak gerekir. Edebi anlat\u0131lar risk alan kahramanlarla dolu olsa da, ilkel kabilelerden g\u00fcn\u00fcm\u00fcze kadar t\u00fcm toplumlarda insan\u0131n kendisini tehlikelerden koruma davran\u0131\u015f\u0131 hep egemen olmu\u015ftur. Bu nedenle insanlar \u00f6zg\u00fcrl\u00fcklerinin bir k\u0131sm\u0131ndan feragat ederek devletin kendilerini koruyaca\u011f\u0131 bir sistemi kabul etmi\u015flerdir. Buna kar\u015f\u0131n, modern d\u00fcnyada riskler hi\u00e7 olmad\u0131\u011f\u0131 kadar artm\u0131\u015ft\u0131r ve e\u015fitsiz bir toplum in\u015fas\u0131 g\u00fcn ge\u00e7tik\u00e7e g\u00fc\u00e7lenmektedir. \u00d6rne\u011fin, salg\u0131n d\u00f6neminde \u00fcst s\u0131n\u0131fa mensup ki\u015filer havuzlu villalar\u0131nda evlerinden \u00e7\u0131kmayarak salg\u0131ndan korunurlarken, alt s\u0131n\u0131fa mensup ki\u015filer fabrikalarda ya da di\u011fer kalabal\u0131k ortamlar i\u00e7erisinde \u00e7al\u0131\u015farak hayatlar\u0131n\u0131 tehlikeye atmaktad\u0131rlar. O halde riskler herkes i\u00e7in e\u015fit de\u011fildir. Bu riskleri daha e\u015fitsiz hale getiren, kimi zaman oldu\u011fundan \u00e7ok \u00f6nemli, kimi zaman ise oldu\u011fundan daha \u00f6nemsiz hale getiren ise medyad\u0131r. Bu nedenle, bu \u00e7al\u0131\u015fma medyay\u0131 ve s\u00f6ylemleri merkeze almaktad\u0131r. <\/p>\n","protected":false},"excerpt":{"rendered":"<p>Tarih ve edebiyat kitaplar\u0131n\u0131n sayfalar\u0131 risk almaktan korkmayan kahramanlarla doludur. \u00d6yk\u00fclerde, \u015fiirlerde, destanlarda ve \u015fark\u0131larda maceradan maceraya ko\u015fan kahramanlar ve onlar\u0131n b\u00fcy\u00fck kahramanl\u0131klar\u0131 anlat\u0131l\u0131r. Yunan mitolojisine<span class=\"excerpt-hellip\"> [\u2026]<\/span><\/p>\n","protected":false},"featured_media":0,"template":"","meta":{"_monsterinsights_skip_tracking":false,"_monsterinsights_sitenote_active":false,"_monsterinsights_sitenote_note":"","_monsterinsights_sitenote_category":0},"product_brand":[],"product_cat":[15983,13488],"product_tag":[],"class_list":{"0":"post-727455","1":"product","2":"type-product","3":"status-publish","5":"product_cat-iletisim-ve-medya","6":"product_cat-toplum-ve-insan","7":"pa_cilt-ciltsiz","8":"pa_tur-kitap","9":"pa_yayinevi-utopya-yayinevi","10":"pa_yazar-bahar-kayihan","12":"first","13":"instock","14":"sale","15":"shipping-taxable","16":"purchasable","17":"product-type-simple"},"_links":{"self":[{"href":"https:\/\/roveyayinevi.com.tr\/index.php\/wp-json\/wp\/v2\/product\/727455","targetHints":{"allow":["GET"]}}],"collection":[{"href":"https:\/\/roveyayinevi.com.tr\/index.php\/wp-json\/wp\/v2\/product"}],"about":[{"href":"https:\/\/roveyayinevi.com.tr\/index.php\/wp-json\/wp\/v2\/types\/product"}],"wp:attachment":[{"href":"https:\/\/roveyayinevi.com.tr\/index.php\/wp-json\/wp\/v2\/media?parent=727455"}],"wp:term":[{"taxonomy":"product_brand","embeddable":true,"href":"https:\/\/roveyayinevi.com.tr\/index.php\/wp-json\/wp\/v2\/product_brand?post=727455"},{"taxonomy":"product_cat","embeddable":true,"href":"https:\/\/roveyayinevi.com.tr\/index.php\/wp-json\/wp\/v2\/product_cat?post=727455"},{"taxonomy":"product_tag","embeddable":true,"href":"https:\/\/roveyayinevi.com.tr\/index.php\/wp-json\/wp\/v2\/product_tag?post=727455"}],"curies":[{"name":"wp","href":"https:\/\/api.w.org\/{rel}","templated":true}]}}