{"id":727454,"date":"2025-08-27T20:22:29","date_gmt":"2025-08-27T17:22:29","guid":{"rendered":"https:\/\/roveyayinevi.com.tr\/index.php\/urun\/medya-ve-iletisim\/"},"modified":"2026-01-29T03:04:10","modified_gmt":"2026-01-29T00:04:10","slug":"medya-ve-iletisim","status":"publish","type":"product","link":"https:\/\/roveyayinevi.com.tr\/index.php\/urun\/medya-ve-iletisim\/","title":{"rendered":"Medya Ve \u0130leti\u015fim"},"content":{"rendered":"<p>\u201cMedya ve ileti\u015fim alan\u0131n\u0131n \u00f6nde gelen d\u00fc\u015f\u00fcn\u00fcrlerini ana hatlar\u0131yla \u00f6\u011frencilere tan\u0131tan kusursuz bir kitap. D\u00fc\u015f\u00fcn\u00fcrleri ya\u015fad\u0131klar\u0131 d\u00f6nemin toplumsal ve k\u00fclt\u00fcrel ba\u011flam\u0131na yerle\u015ftiriyor, geli\u015ftirdikleri yakla\u015f\u0131mlar\u0131n i\u00e7inde bulunduklar\u0131 akademik alanlar, gelenekler ve d\u00f6nemlerle ili\u015fkisini g\u00f6steriyor.\u201d Michael Pickering, University of Loughborough \u201cMedya teorisinin 1920\u2019lerden sonraki k\u0131talararas\u0131 \u00f6yk\u00fcs\u00fcn\u00fc anlatan ilk kitap. Scannell berrak bir anlat\u0131mla, Anglo-Amerikan d\u00fcnyas\u0131nda medya \u00e7al\u0131\u015fmalar\u0131n\u0131n ge\u00e7mi\u015fi ve bug\u00fcn\u00fc hakk\u0131nda yetkin bir de\u011ferlendirme sunuyor.\u201d John Durham Peters, Yale University \u201cScannell, Atlantik\u2019in her iki yakas\u0131ndaki d\u00fc\u015f\u00fcnsel geli\u015fmeleri, i\u00e7erden bilen birisi olarak engin bir kavray\u0131\u015fla ele al\u0131yor, \u015fiddetle \u00f6neriyorum.\u201d  Schudson, Columbia University \u0130ngiliz medya \u00e7al\u0131\u015fmalar\u0131n\u0131n \u00f6nc\u00fc isimlerinden Paddy Scannell, bu alanda e\u011fitim g\u00f6ren \u00f6\u011frenciler i\u00e7in temel bir ba\u015fvuru kayna\u011f\u0131 sunuyor. Medya ve \u0130leti\u015fim, Kuzey Amerika ve Avrupa\u2019da medya ve ileti\u015fim \u00e7al\u0131\u015fmalar\u0131n\u0131n geli\u015fimini tarihsel bir perspektifle inceliyor. Kitapta;  medya ve ileti\u015fim kuramlar\u0131ndaki \u00f6nemli geli\u015fmeler kapsaml\u0131 ve rahat anla\u015f\u0131l\u0131r bir \u015fekilde ele al\u0131n\u0131yor  ba\u015fl\u0131ca d\u00fc\u015f\u00fcn\u00fcrler hakk\u0131nda \u00f6zet de\u011ferlendirmeler yap\u0131l\u0131yor   ileti\u015fim \u00e7al\u0131\u015fmalar\u0131n\u0131n farkl\u0131 disiplinlerdeki \u2013tarih, edebiyat, sosyoloji, felsefe ve dilbilim\u2013 yans\u0131malar\u0131na bak\u0131l\u0131yor. medya ve ileti\u015fimin toplumdaki rol\u00fc ve \u00f6nemi konusunda okurlara temel bir bak\u0131\u015f a\u00e7\u0131s\u0131 kazand\u0131rmak ama\u00e7lan\u0131yor. <\/p>\n","protected":false},"excerpt":{"rendered":"<p>\u201cMedya ve ileti\u015fim alan\u0131n\u0131n \u00f6nde gelen d\u00fc\u015f\u00fcn\u00fcrlerini ana hatlar\u0131yla \u00f6\u011frencilere tan\u0131tan kusursuz bir kitap. D\u00fc\u015f\u00fcn\u00fcrleri ya\u015fad\u0131klar\u0131 d\u00f6nemin toplumsal ve k\u00fclt\u00fcrel ba\u011flam\u0131na yerle\u015ftiriyor, geli\u015ftirdikleri yakla\u015f\u0131mlar\u0131n i\u00e7inde bulunduklar\u0131<span class=\"excerpt-hellip\"> [\u2026]<\/span><\/p>\n","protected":false},"featured_media":0,"template":"","meta":{"_monsterinsights_skip_tracking":false,"_monsterinsights_sitenote_active":false,"_monsterinsights_sitenote_note":"","_monsterinsights_sitenote_category":0},"product_brand":[],"product_cat":[15983,13488],"product_tag":[],"class_list":{"0":"post-727454","1":"product","2":"type-product","3":"status-publish","5":"product_cat-iletisim-ve-medya","6":"product_cat-toplum-ve-insan","7":"pa_cilt-ciltsiz","8":"pa_tur-kitap","9":"pa_yayinevi-utopya-yayinevi","10":"pa_yazar-paddy-scannell","12":"first","13":"instock","14":"sale","15":"shipping-taxable","16":"purchasable","17":"product-type-simple"},"_links":{"self":[{"href":"https:\/\/roveyayinevi.com.tr\/index.php\/wp-json\/wp\/v2\/product\/727454","targetHints":{"allow":["GET"]}}],"collection":[{"href":"https:\/\/roveyayinevi.com.tr\/index.php\/wp-json\/wp\/v2\/product"}],"about":[{"href":"https:\/\/roveyayinevi.com.tr\/index.php\/wp-json\/wp\/v2\/types\/product"}],"wp:attachment":[{"href":"https:\/\/roveyayinevi.com.tr\/index.php\/wp-json\/wp\/v2\/media?parent=727454"}],"wp:term":[{"taxonomy":"product_brand","embeddable":true,"href":"https:\/\/roveyayinevi.com.tr\/index.php\/wp-json\/wp\/v2\/product_brand?post=727454"},{"taxonomy":"product_cat","embeddable":true,"href":"https:\/\/roveyayinevi.com.tr\/index.php\/wp-json\/wp\/v2\/product_cat?post=727454"},{"taxonomy":"product_tag","embeddable":true,"href":"https:\/\/roveyayinevi.com.tr\/index.php\/wp-json\/wp\/v2\/product_tag?post=727454"}],"curies":[{"name":"wp","href":"https:\/\/api.w.org\/{rel}","templated":true}]}}