{"id":727453,"date":"2025-08-27T20:22:28","date_gmt":"2025-08-27T17:22:28","guid":{"rendered":"https:\/\/roveyayinevi.com.tr\/index.php\/urun\/mental\/"},"modified":"2026-04-16T02:35:18","modified_gmt":"2026-04-15T23:35:18","slug":"mental","status":"publish","type":"product","link":"https:\/\/roveyayinevi.com.tr\/index.php\/urun\/mental\/","title":{"rendered":"Mental"},"content":{"rendered":"<p>Zihin ko\u00e7lu\u011funa giden yol kendimizden ge\u00e7iyor. Kim oldu\u011fumuzdan, beynimizin nas\u0131l \u015fekillendi\u011finden, hangi etkiler alt\u0131nda kald\u0131\u011f\u0131m\u0131zdan, zek\u00e2 \u00e7e\u015fitlerimizin kol kola girip hangi dans\u0131 ne oranlarda yapmakta oldu\u011fundan, bilin\u00e7alt\u0131m\u0131z\u0131n bize s\u00fcrekli neleri s\u00f6yl\u00fcyor oldu\u011fundan, k\u0131sacas\u0131 bi\u00e7im bi\u00e7im bizden. Zihin ko\u00e7lu\u011funu, zihne baz\u0131 imgeler y\u00fckleyip onlardan medet ummak \u015fekline indirgersek sadece yapabileceklerimizi k\u0131s\u0131tlam\u0131\u015f olmay\u0131z, ayn\u0131 zamanda s\u0131n\u0131rs\u0131z bir olanaklar ve olas\u0131l\u0131klar evreninden yeterince nasibimizi almam\u0131\u015f oluruz. G\u00fcne\u015fin parlakl\u0131\u011f\u0131yla c\u0131l\u0131z bir ate\u015fin k\u0131v\u0131lc\u0131m\u0131n\u0131 k\u0131yaslamaya benzer durumumuz.Elma Yay\u0131nevi yeni kitab\u0131yla sizleri mental konular\u0131n o s\u0131n\u0131rs\u0131z evrenine g\u00f6t\u00fcr\u00fcyor.Keyifli okumalar\u2026<\/p>\n","protected":false},"excerpt":{"rendered":"<p>Zihin ko\u00e7lu\u011funa giden yol kendimizden ge\u00e7iyor. Kim oldu\u011fumuzdan, beynimizin nas\u0131l \u015fekillendi\u011finden, hangi etkiler alt\u0131nda kald\u0131\u011f\u0131m\u0131zdan, zek\u00e2 \u00e7e\u015fitlerimizin kol kola girip hangi dans\u0131 ne oranlarda yapmakta oldu\u011fundan,<span class=\"excerpt-hellip\"> [\u2026]<\/span><\/p>\n","protected":false},"featured_media":0,"template":"","meta":{"_monsterinsights_skip_tracking":false,"_monsterinsights_sitenote_active":false,"_monsterinsights_sitenote_note":"","_monsterinsights_sitenote_category":0},"product_brand":[],"product_cat":[13489,13488],"product_tag":[],"class_list":{"0":"post-727453","1":"product","2":"type-product","3":"status-publish","5":"product_cat-populer-kultur","6":"product_cat-toplum-ve-insan","7":"pa_cilt-ciltsiz","8":"pa_tur-kitap","9":"pa_yayinevi-elma-yayinevi","10":"pa_yazar-aysim-altay","12":"first","13":"instock","14":"sale","15":"shipping-taxable","16":"purchasable","17":"product-type-simple"},"_links":{"self":[{"href":"https:\/\/roveyayinevi.com.tr\/index.php\/wp-json\/wp\/v2\/product\/727453","targetHints":{"allow":["GET"]}}],"collection":[{"href":"https:\/\/roveyayinevi.com.tr\/index.php\/wp-json\/wp\/v2\/product"}],"about":[{"href":"https:\/\/roveyayinevi.com.tr\/index.php\/wp-json\/wp\/v2\/types\/product"}],"wp:attachment":[{"href":"https:\/\/roveyayinevi.com.tr\/index.php\/wp-json\/wp\/v2\/media?parent=727453"}],"wp:term":[{"taxonomy":"product_brand","embeddable":true,"href":"https:\/\/roveyayinevi.com.tr\/index.php\/wp-json\/wp\/v2\/product_brand?post=727453"},{"taxonomy":"product_cat","embeddable":true,"href":"https:\/\/roveyayinevi.com.tr\/index.php\/wp-json\/wp\/v2\/product_cat?post=727453"},{"taxonomy":"product_tag","embeddable":true,"href":"https:\/\/roveyayinevi.com.tr\/index.php\/wp-json\/wp\/v2\/product_tag?post=727453"}],"curies":[{"name":"wp","href":"https:\/\/api.w.org\/{rel}","templated":true}]}}