{"id":727449,"date":"2025-08-27T20:22:24","date_gmt":"2025-08-27T17:22:24","guid":{"rendered":"https:\/\/roveyayinevi.com.tr\/index.php\/urun\/noa-monark-kelebekleri-ve-her-sey\/"},"modified":"2025-08-31T16:54:39","modified_gmt":"2025-08-31T13:54:39","slug":"noa-monark-kelebekleri-ve-her-sey","status":"publish","type":"product","link":"https:\/\/roveyayinevi.com.tr\/index.php\/urun\/noa-monark-kelebekleri-ve-her-sey\/","title":{"rendered":"Noa Monark Kelebekleri ve Her \u015eey"},"content":{"rendered":"<p>Noa, Monark Kelebekleri ve Her \u015eey, \u201colan biten\u201di, hayat\u0131 ve \u00f6l\u00fcm\u00fc, ger\u00e7e\u011fi e\u011fip b\u00fckmeden, \u015fiirsel bir anlat\u0131mla, do\u011fan\u0131n kadim dilinden hik\u00e2ye ediyor. D\u00fcnyada olan biteni anlamaya \u00e7al\u0131\u015fan, b\u00fcy\u00fcklerin hi\u00e7bir \u015feyi merak etmemesine kalbi k\u0131r\u0131lan ve akl\u0131 iyice kar\u0131\u015fan Noa, merak ediyor, k\u0131r\u0131k kalbinin sihriyle yollara d\u00fc\u015f\u00fcyor ve her \u015feyin g\u00fczelli\u011fine hayret etmeyi \u00f6\u011freniyor.\u0130lk kez bu kitap i\u00e7in bir \u00f6n s\u00f6z kaleme alan Kanadal\u0131 yazar ve aktivist Stephen Jenkinson \u201cSen ne dersen de \u00e7ocuklar\u0131n yine de endi\u015feleri ve korkular\u0131 olacak. Bilmemenin g\u00f6lgesinde senin de onlar\u0131n yan\u0131nda, onlarla birlikte oldu\u011funu, ya\u015fam\u0131n muazzam gizemlerinin \u00e7\u00f6z\u00fclmesi gereken sorunlar olmad\u0131\u011f\u0131n\u0131 bilmeleri gerekir,\u201d diyor.Sepin \u0130nceer, bu \u00fclkenin g\u00fczel g\u00f6zl\u00fc g\u00fczel \u00e7ocuklar\u0131na ithaf etti\u011fi bu kitapta, \u00f6l\u00fcm\u00fcn hayat\u0131n ta i\u00e7inde oldu\u011funu Monark kelebeklerinin hayret verici g\u00f6\u00e7\u00fc \u00fczerinden anlat\u0131yor. Yaln\u0131zca \u00e7ocuklara de\u011fil ayn\u0131 zamanda yeti\u015fkinlere de.<\/p>\n","protected":false},"excerpt":{"rendered":"<p>Noa, Monark Kelebekleri ve Her \u015eey, \u201colan biten\u201di, hayat\u0131 ve \u00f6l\u00fcm\u00fc, ger\u00e7e\u011fi e\u011fip b\u00fckmeden, \u015fiirsel bir anlat\u0131mla, do\u011fan\u0131n kadim dilinden hik\u00e2ye ediyor. D\u00fcnyada olan biteni anlamaya<span class=\"excerpt-hellip\"> [\u2026]<\/span><\/p>\n","protected":false},"featured_media":0,"template":"","meta":{"_monsterinsights_skip_tracking":false,"_monsterinsights_sitenote_active":false,"_monsterinsights_sitenote_note":"","_monsterinsights_sitenote_category":0},"product_brand":[],"product_cat":[12275,12274],"product_tag":[],"class_list":{"0":"post-727449","1":"product","2":"type-product","3":"status-publish","5":"product_cat-6-12-yas-kitaplari","6":"product_cat-cocuk-ve-genclik-kitaplari","7":"pa_cilt-ciltsiz","8":"pa_tur-kitap","9":"pa_yayinevi-dogan-egmont-yayincilik","10":"pa_yazar-sepin-sinanlioglu","12":"first","13":"instock","14":"sale","15":"shipping-taxable","16":"purchasable","17":"product-type-simple"},"_links":{"self":[{"href":"https:\/\/roveyayinevi.com.tr\/index.php\/wp-json\/wp\/v2\/product\/727449","targetHints":{"allow":["GET"]}}],"collection":[{"href":"https:\/\/roveyayinevi.com.tr\/index.php\/wp-json\/wp\/v2\/product"}],"about":[{"href":"https:\/\/roveyayinevi.com.tr\/index.php\/wp-json\/wp\/v2\/types\/product"}],"wp:attachment":[{"href":"https:\/\/roveyayinevi.com.tr\/index.php\/wp-json\/wp\/v2\/media?parent=727449"}],"wp:term":[{"taxonomy":"product_brand","embeddable":true,"href":"https:\/\/roveyayinevi.com.tr\/index.php\/wp-json\/wp\/v2\/product_brand?post=727449"},{"taxonomy":"product_cat","embeddable":true,"href":"https:\/\/roveyayinevi.com.tr\/index.php\/wp-json\/wp\/v2\/product_cat?post=727449"},{"taxonomy":"product_tag","embeddable":true,"href":"https:\/\/roveyayinevi.com.tr\/index.php\/wp-json\/wp\/v2\/product_tag?post=727449"}],"curies":[{"name":"wp","href":"https:\/\/api.w.org\/{rel}","templated":true}]}}