{"id":727448,"date":"2025-08-27T20:22:23","date_gmt":"2025-08-27T17:22:23","guid":{"rendered":"https:\/\/roveyayinevi.com.tr\/index.php\/urun\/gumus-patenler-klasiklerle-tanisiyorum\/"},"modified":"2026-04-16T02:35:18","modified_gmt":"2026-04-15T23:35:18","slug":"gumus-patenler-klasiklerle-tanisiyorum","status":"publish","type":"product","link":"https:\/\/roveyayinevi.com.tr\/index.php\/urun\/gumus-patenler-klasiklerle-tanisiyorum\/","title":{"rendered":"G\u00fcm\u00fc\u015f Patenler &#8211; Klasiklerle Tan\u0131\u015f\u0131yorum"},"content":{"rendered":"<p>Edebiyat\u0131n sevilen klasikleriyle ilk bulu\u015fma&#8230;P\u0131r\u0131l p\u0131r\u0131l bir k\u0131\u015f sabah\u0131nda buzda paten kayarak dola\u015fmay\u0131 kim istemez ki? Zor g\u00fcnlere ra\u011fmen umutlar\u0131n\u0131 asla kaybetmeyen iki karde\u015fin \u00f6yk\u00fcs\u00fc i\u00e7inizi \u0131s\u0131tacak. D\u00fcnya edebiyat\u0131n\u0131n sevilen klasiklerinden G\u00fcm\u00fc\u015f Patenler reng\u00e2renk \u00e7izimler e\u015fli\u011finde ak\u0131c\u0131 bir anlat\u0131mla hayat buluyor. Klasiklerle Tan\u0131\u015f\u0131yorum serisi d\u00fcnya edebiyat\u0131n\u0131n tan\u0131nm\u0131\u015f eserlerini gen\u00e7 okurlara y\u00f6nelik bir anlat\u0131m ve tasar\u0131mla yeniden yorumluyor.<\/p>\n","protected":false},"excerpt":{"rendered":"<p>Edebiyat\u0131n sevilen klasikleriyle ilk bulu\u015fma&#8230;P\u0131r\u0131l p\u0131r\u0131l bir k\u0131\u015f sabah\u0131nda buzda paten kayarak dola\u015fmay\u0131 kim istemez ki? Zor g\u00fcnlere ra\u011fmen umutlar\u0131n\u0131 asla kaybetmeyen iki karde\u015fin \u00f6yk\u00fcs\u00fc i\u00e7inizi<span class=\"excerpt-hellip\"> [\u2026]<\/span><\/p>\n","protected":false},"featured_media":0,"template":"","meta":{"_monsterinsights_skip_tracking":false,"_monsterinsights_sitenote_active":false,"_monsterinsights_sitenote_note":"","_monsterinsights_sitenote_category":0},"product_brand":[],"product_cat":[12274,12467],"product_tag":[],"class_list":{"0":"post-727448","1":"product","2":"type-product","3":"status-publish","5":"product_cat-cocuk-ve-genclik-kitaplari","6":"product_cat-dunya-klasikleri","7":"pa_cilt-ciltsiz","8":"pa_tur-kitap","9":"pa_yayinevi-dogan-egmont-yayincilik","10":"pa_yazar-dogan-egmont-yayincilik-kolektif","12":"first","13":"instock","14":"sale","15":"shipping-taxable","16":"purchasable","17":"product-type-simple"},"_links":{"self":[{"href":"https:\/\/roveyayinevi.com.tr\/index.php\/wp-json\/wp\/v2\/product\/727448","targetHints":{"allow":["GET"]}}],"collection":[{"href":"https:\/\/roveyayinevi.com.tr\/index.php\/wp-json\/wp\/v2\/product"}],"about":[{"href":"https:\/\/roveyayinevi.com.tr\/index.php\/wp-json\/wp\/v2\/types\/product"}],"wp:attachment":[{"href":"https:\/\/roveyayinevi.com.tr\/index.php\/wp-json\/wp\/v2\/media?parent=727448"}],"wp:term":[{"taxonomy":"product_brand","embeddable":true,"href":"https:\/\/roveyayinevi.com.tr\/index.php\/wp-json\/wp\/v2\/product_brand?post=727448"},{"taxonomy":"product_cat","embeddable":true,"href":"https:\/\/roveyayinevi.com.tr\/index.php\/wp-json\/wp\/v2\/product_cat?post=727448"},{"taxonomy":"product_tag","embeddable":true,"href":"https:\/\/roveyayinevi.com.tr\/index.php\/wp-json\/wp\/v2\/product_tag?post=727448"}],"curies":[{"name":"wp","href":"https:\/\/api.w.org\/{rel}","templated":true}]}}