{"id":727447,"date":"2025-08-27T20:22:22","date_gmt":"2025-08-27T17:22:22","guid":{"rendered":"https:\/\/roveyayinevi.com.tr\/index.php\/urun\/inferis\/"},"modified":"2026-04-16T02:35:18","modified_gmt":"2026-04-15T23:35:18","slug":"inferis","status":"publish","type":"product","link":"https:\/\/roveyayinevi.com.tr\/index.php\/urun\/inferis\/","title":{"rendered":"\u0130nferis"},"content":{"rendered":"<p>\u2018G\u00fcne\u015f, ay ve ger\u00e7ekler uzun s\u00fcre saklanamaz.\u2019 Mahfi E\u011filmez bu roman\u0131nda kamu ihalelerindeki yolsuzluklar\u0131 ara\u015ft\u0131ran bir maliye m\u00fcfetti\u015fini, o yolsuzluklarla ba\u011flant\u0131l\u0131 g\u00f6r\u00fcnen cinayeti ayd\u0131nlatmaya \u00e7al\u0131\u015fan polis komiserini, ayn\u0131 konuyu farkl\u0131 a\u00e7\u0131dan soru\u015fturan savc\u0131y\u0131 ve olaylar\u0131n pe\u015finden ko\u015fan bir gazeteciyi nefes nefese bir takip i\u00e7inde bulu\u015fturuyor.<\/p>\n","protected":false},"excerpt":{"rendered":"<p>\u2018G\u00fcne\u015f, ay ve ger\u00e7ekler uzun s\u00fcre saklanamaz.\u2019 Mahfi E\u011filmez bu roman\u0131nda kamu ihalelerindeki yolsuzluklar\u0131 ara\u015ft\u0131ran bir maliye m\u00fcfetti\u015fini, o yolsuzluklarla ba\u011flant\u0131l\u0131 g\u00f6r\u00fcnen cinayeti ayd\u0131nlatmaya \u00e7al\u0131\u015fan polis<span class=\"excerpt-hellip\"> [\u2026]<\/span><\/p>\n","protected":false},"featured_media":0,"template":"","meta":{"_monsterinsights_skip_tracking":false,"_monsterinsights_sitenote_active":false,"_monsterinsights_sitenote_note":"","_monsterinsights_sitenote_category":0},"product_brand":[],"product_cat":[12291,12711],"product_tag":[],"class_list":{"0":"post-727447","1":"product","2":"type-product","3":"status-publish","5":"product_cat-edebiyat","6":"product_cat-roman-oyku","7":"pa_cilt-ciltsiz","8":"pa_tur-kitap","9":"pa_yayinevi-remzi-kitabevi","10":"pa_yazar-mahfi-egilmez","12":"first","13":"instock","14":"sale","15":"shipping-taxable","16":"purchasable","17":"product-type-simple"},"_links":{"self":[{"href":"https:\/\/roveyayinevi.com.tr\/index.php\/wp-json\/wp\/v2\/product\/727447","targetHints":{"allow":["GET"]}}],"collection":[{"href":"https:\/\/roveyayinevi.com.tr\/index.php\/wp-json\/wp\/v2\/product"}],"about":[{"href":"https:\/\/roveyayinevi.com.tr\/index.php\/wp-json\/wp\/v2\/types\/product"}],"wp:attachment":[{"href":"https:\/\/roveyayinevi.com.tr\/index.php\/wp-json\/wp\/v2\/media?parent=727447"}],"wp:term":[{"taxonomy":"product_brand","embeddable":true,"href":"https:\/\/roveyayinevi.com.tr\/index.php\/wp-json\/wp\/v2\/product_brand?post=727447"},{"taxonomy":"product_cat","embeddable":true,"href":"https:\/\/roveyayinevi.com.tr\/index.php\/wp-json\/wp\/v2\/product_cat?post=727447"},{"taxonomy":"product_tag","embeddable":true,"href":"https:\/\/roveyayinevi.com.tr\/index.php\/wp-json\/wp\/v2\/product_tag?post=727447"}],"curies":[{"name":"wp","href":"https:\/\/api.w.org\/{rel}","templated":true}]}}