{"id":727446,"date":"2025-08-27T20:22:21","date_gmt":"2025-08-27T17:22:21","guid":{"rendered":"https:\/\/roveyayinevi.com.tr\/index.php\/urun\/lovecraft-country\/"},"modified":"2026-04-16T02:35:18","modified_gmt":"2026-04-15T23:35:18","slug":"lovecraft-country","status":"publish","type":"product","link":"https:\/\/roveyayinevi.com.tr\/index.php\/urun\/lovecraft-country\/","title":{"rendered":"Lovecraft Country"},"content":{"rendered":"<p>Jordan Peele, J. J. Abrams ve Misha Green taraf\u0131ndan diziye uyarlanan HBO yap\u0131m\u0131 dizi filmin \u00e7ok satan roman\u0131. \u015e\u0130KAGO, 1954. 22 ya\u015f\u0131ndaki ordudan ayr\u0131lm\u0131\u015f olan Atticus Turner, Zenciler \u0130\u00e7in G\u00fcvenli Seyahat Rehberi\u2019nin yay\u0131nc\u0131s\u0131 amcas\u0131 George ve \u00e7ocukluk arkada\u015f\u0131 Letitia ile kay\u0131p babas\u0131n\u0131 bulmak i\u00e7in New England\u2019a do\u011fru yola \u00e7\u0131karlar. Atticus\u2019un atalar\u0131ndan birinin m\u00fclklerinin miras\u00e7\u0131s\u0131 olan Bay Braithwhite\u2019\u0131n malik\u00e2nesine yapt\u0131klar\u0131 yolculuk s\u0131ras\u0131nda hem beyaz Amerika\u2019n\u0131n d\u00fcnyevi deh\u015fetiyle hem de muhtemelen George\u2019un okudu\u011fu tuhaf hik\u00e2yelerden \u00e7\u0131kan k\u00f6t\u00fc ruhlarla ve canavarlarla ba\u015fa \u00e7\u0131kmak zorundad\u0131rlar. Bu esnada kendilerini karanl\u0131k bir tarikat\u0131n ve \u015fok edici bir komplonun ortas\u0131nda bulurlar. Atticus\u2019un babas\u0131, Bay Braithwhite ile o\u011flu Caleb\u2019in liderli\u011findeki Kadim \u015eafak Yolda\u015fl\u0131\u011f\u0131 adl\u0131 gizli tarikat\u0131n d\u00fczenledi\u011fi bir ayin i\u00e7in hapsedilmi\u015ftir. Rit\u00fcelin merkezinde ise Atticus\u2019un ta kendisi vard\u0131r. Belki de tek kurtulu\u015f umudu, hem kendisinin hem de t\u00fcm Turner klan\u0131n\u0131n tohumunun yok edilmesi olacakt\u0131r. B\u00fcy\u00fc, g\u00fc\u00e7 ve umut ile \u00f6zg\u00fcrl\u00fck aray\u0131\u015f\u0131n\u0131 bir araya getiren Lovecraft Country, korkutucu bir hayalet olarak g\u00fcn\u00fcm\u00fcze h\u00e2l\u00e2 musallat olmaya devam eden \u0131rk\u00e7\u0131l\u0131\u011f\u0131n \u00e7ok y\u00f6nl\u00fc bir portresini \u00e7iziyor. <\/p>\n","protected":false},"excerpt":{"rendered":"<p>Jordan Peele, J. J. Abrams ve Misha Green taraf\u0131ndan diziye uyarlanan HBO yap\u0131m\u0131 dizi filmin \u00e7ok satan roman\u0131. \u015e\u0130KAGO, 1954. 22 ya\u015f\u0131ndaki ordudan ayr\u0131lm\u0131\u015f olan Atticus<span class=\"excerpt-hellip\"> [\u2026]<\/span><\/p>\n","protected":false},"featured_media":0,"template":"","meta":{"_monsterinsights_skip_tracking":false,"_monsterinsights_sitenote_active":false,"_monsterinsights_sitenote_note":"","_monsterinsights_sitenote_category":0},"product_brand":[],"product_cat":[12291,14777],"product_tag":[],"class_list":{"0":"post-727446","1":"product","2":"type-product","3":"status-publish","5":"product_cat-edebiyat","6":"product_cat-fantastik","7":"pa_cilt-ciltsiz","8":"pa_tur-kitap","9":"pa_yayinevi-eksik-parca-yayinlari","10":"pa_yazar-matt-ruff","12":"first","13":"instock","14":"sale","15":"shipping-taxable","16":"purchasable","17":"product-type-simple"},"_links":{"self":[{"href":"https:\/\/roveyayinevi.com.tr\/index.php\/wp-json\/wp\/v2\/product\/727446","targetHints":{"allow":["GET"]}}],"collection":[{"href":"https:\/\/roveyayinevi.com.tr\/index.php\/wp-json\/wp\/v2\/product"}],"about":[{"href":"https:\/\/roveyayinevi.com.tr\/index.php\/wp-json\/wp\/v2\/types\/product"}],"wp:attachment":[{"href":"https:\/\/roveyayinevi.com.tr\/index.php\/wp-json\/wp\/v2\/media?parent=727446"}],"wp:term":[{"taxonomy":"product_brand","embeddable":true,"href":"https:\/\/roveyayinevi.com.tr\/index.php\/wp-json\/wp\/v2\/product_brand?post=727446"},{"taxonomy":"product_cat","embeddable":true,"href":"https:\/\/roveyayinevi.com.tr\/index.php\/wp-json\/wp\/v2\/product_cat?post=727446"},{"taxonomy":"product_tag","embeddable":true,"href":"https:\/\/roveyayinevi.com.tr\/index.php\/wp-json\/wp\/v2\/product_tag?post=727446"}],"curies":[{"name":"wp","href":"https:\/\/api.w.org\/{rel}","templated":true}]}}