{"id":727445,"date":"2025-08-27T20:22:20","date_gmt":"2025-08-27T17:22:20","guid":{"rendered":"https:\/\/roveyayinevi.com.tr\/index.php\/urun\/basmeleklerin-gucu-tarot-kartlari\/"},"modified":"2026-04-16T02:35:18","modified_gmt":"2026-04-15T23:35:18","slug":"basmeleklerin-gucu-tarot-kartlari","status":"publish","type":"product","link":"https:\/\/roveyayinevi.com.tr\/index.php\/urun\/basmeleklerin-gucu-tarot-kartlari\/","title":{"rendered":"Ba\u015fmeleklerin G\u00fcc\u00fc Tarot Kartlar\u0131"},"content":{"rendered":"<p>78 Kartl\u0131k Deste ve A\u00e7\u0131klama Kitap\u00e7\u0131\u011f\u0131. BA\u015eMELEKLER\u0130N G\u00dcC\u00dc TAROT KARTLARI\u2019ndan Hem Sorular\u0131n\u0131za Yan\u0131t Hem de Cesaret Al\u0131n Yan\u0131t almak yeterli de\u011fildir \u2013 ayn\u0131 zamanda bu yan\u0131tlara dayanarak kararl\u0131 ad\u0131mlar atacak cesarete, motivasyona ve g\u00fcce de sahip olman\u0131z gerekir. \u015eimdi do\u011fru yan\u0131tlar\u0131 yumu\u015fak bir dille alabilir ve bu yan\u0131tlara g\u00f6re hareket edecek g\u00fcveni kazanabilirsiniz! Ba\u015fmeleklerin G\u00fcc\u00fc Tarot Kartlar\u0131\u2019nda size rehberlik eden ba\u015fmeleklerin yard\u0131m\u0131yla hayat\u0131n\u0131zda olumlu de\u011fi\u015fiklikler yapmaya y\u00f6neltildi\u011finizi hissedeceksiniz. Bu 78 kart ile beraberindeki \u2013g\u00fczel ve ilham verici s\u00f6zler ve resimlerle geleneksel tarotun sihrini koruyan\u2013 rehber kitap, ald\u0131klar\u0131 \u0130lahi mesajlar\u0131 eyleme d\u00f6kmek i\u00e7in cesarete ihtiya\u00e7 duyan duyarl\u0131 insanlar i\u00e7in haz\u0131rlanm\u0131\u015ft\u0131r. <\/p>\n","protected":false},"excerpt":{"rendered":"<p>78 Kartl\u0131k Deste ve A\u00e7\u0131klama Kitap\u00e7\u0131\u011f\u0131. BA\u015eMELEKLER\u0130N G\u00dcC\u00dc TAROT KARTLARI\u2019ndan Hem Sorular\u0131n\u0131za Yan\u0131t Hem de Cesaret Al\u0131n Yan\u0131t almak yeterli de\u011fildir \u2013 ayn\u0131 zamanda bu yan\u0131tlara<span class=\"excerpt-hellip\"> [\u2026]<\/span><\/p>\n","protected":false},"featured_media":0,"template":"","meta":{"_monsterinsights_skip_tracking":false,"_monsterinsights_sitenote_active":false,"_monsterinsights_sitenote_note":"","_monsterinsights_sitenote_category":0},"product_brand":[],"product_cat":[18082,15563],"product_tag":[],"class_list":{"0":"post-727445","1":"product","2":"type-product","3":"status-publish","5":"product_cat-astroloji-fal-ruya","6":"product_cat-hobi","7":"pa_cilt-ciltsiz","8":"pa_tur-kitap","9":"pa_yayinevi-butik-yayinlari","10":"pa_yazar-radleigh-valentine","12":"first","13":"instock","14":"sale","15":"shipping-taxable","16":"purchasable","17":"product-type-simple"},"_links":{"self":[{"href":"https:\/\/roveyayinevi.com.tr\/index.php\/wp-json\/wp\/v2\/product\/727445","targetHints":{"allow":["GET"]}}],"collection":[{"href":"https:\/\/roveyayinevi.com.tr\/index.php\/wp-json\/wp\/v2\/product"}],"about":[{"href":"https:\/\/roveyayinevi.com.tr\/index.php\/wp-json\/wp\/v2\/types\/product"}],"wp:attachment":[{"href":"https:\/\/roveyayinevi.com.tr\/index.php\/wp-json\/wp\/v2\/media?parent=727445"}],"wp:term":[{"taxonomy":"product_brand","embeddable":true,"href":"https:\/\/roveyayinevi.com.tr\/index.php\/wp-json\/wp\/v2\/product_brand?post=727445"},{"taxonomy":"product_cat","embeddable":true,"href":"https:\/\/roveyayinevi.com.tr\/index.php\/wp-json\/wp\/v2\/product_cat?post=727445"},{"taxonomy":"product_tag","embeddable":true,"href":"https:\/\/roveyayinevi.com.tr\/index.php\/wp-json\/wp\/v2\/product_tag?post=727445"}],"curies":[{"name":"wp","href":"https:\/\/api.w.org\/{rel}","templated":true}]}}