{"id":727444,"date":"2025-08-27T20:22:19","date_gmt":"2025-08-27T17:22:19","guid":{"rendered":"https:\/\/roveyayinevi.com.tr\/index.php\/urun\/2021-astrolojisi\/"},"modified":"2026-04-16T02:35:18","modified_gmt":"2026-04-15T23:35:18","slug":"2021-astrolojisi","status":"publish","type":"product","link":"https:\/\/roveyayinevi.com.tr\/index.php\/urun\/2021-astrolojisi\/","title":{"rendered":"2021 Astrolojisi"},"content":{"rendered":"<p>Gahl E. Sasson taraf\u0131ndan yaz\u0131lm\u0131\u015f olan bu temel astrolojik rehberi kullanarak, gelecek 12 aya haz\u0131rlan\u0131n, y\u0131l\u0131 \u015fimdiden planlay\u0131n. Kitap; Kabala, Astroloji, Psikoloji, Tarot ve Mitolojiyi birle\u015ftiriyor. Kitab\u0131n ilk b\u00f6lu\u0308mu\u0308, 2021 y\u0131l\u0131na genel bir bak\u0131\u015f sunarken, ikinci b\u00f6lu\u0308m ise her bur\u00e7 i\u00e7in astrolojik e\u011filimleri detayland\u0131r\u0131yor. Finansal giri\u015fimler i\u00e7in hangi gu\u0308nler iyidir? A\u015fk ve ili\u015fkiler a\u00e7\u0131s\u0131ndan hangi tarihler daha u\u011furlu? Sa\u011fl\u0131\u011f\u0131n\u0131za ne zaman dikkat etmelisiniz? Merku\u0308r retrosu ne zaman ger\u00e7ekle\u015fecek? Tutulmalar ne zaman ya\u015fanacak ve her bur\u00e7 i\u00e7in ne anlama geliyor? 2021 y\u0131l\u0131 neden numerolojide 5 say\u0131s\u0131yla ili\u015fkilendirilir ve neden sava\u015f\u0131 ve istikrars\u0131zl\u0131\u011f\u0131 ifade eder? 2020\u2019nin sonunda, Kova burcunda Ju\u0308piter ve Satu\u0308rn\u2019u\u0308n Bu\u0308yu\u0308k Kavu\u015fumunu deneyimledik, ancak sadece \u015eubat 2021\u2019de -yedi g\u00f6k cismi, Kova\u2019da bulu\u015ftu\u011funda- yeni bir \u00e7a\u011fa ge\u00e7ebilece\u011fiz. 2021\u2019in astrolojik sular\u0131nda zahmetsizce gezinmenize yard\u0131mc\u0131 olacak bu y\u0131ld\u0131z rehberini ka\u00e7\u0131rmay\u0131n. <\/p>\n","protected":false},"excerpt":{"rendered":"<p>Gahl E. Sasson taraf\u0131ndan yaz\u0131lm\u0131\u015f olan bu temel astrolojik rehberi kullanarak, gelecek 12 aya haz\u0131rlan\u0131n, y\u0131l\u0131 \u015fimdiden planlay\u0131n. Kitap; Kabala, Astroloji, Psikoloji, Tarot ve Mitolojiyi birle\u015ftiriyor.<span class=\"excerpt-hellip\"> [\u2026]<\/span><\/p>\n","protected":false},"featured_media":0,"template":"","meta":{"_monsterinsights_skip_tracking":false,"_monsterinsights_sitenote_active":false,"_monsterinsights_sitenote_note":"","_monsterinsights_sitenote_category":0},"product_brand":[],"product_cat":[18082,15563],"product_tag":[],"class_list":{"0":"post-727444","1":"product","2":"type-product","3":"status-publish","5":"product_cat-astroloji-fal-ruya","6":"product_cat-hobi","7":"pa_cilt-ciltsiz","8":"pa_tur-kitap","9":"pa_yayinevi-butik-yayinlari","10":"pa_yazar-gahl-eden-sasson","12":"first","13":"instock","14":"sale","15":"shipping-taxable","16":"purchasable","17":"product-type-simple"},"_links":{"self":[{"href":"https:\/\/roveyayinevi.com.tr\/index.php\/wp-json\/wp\/v2\/product\/727444","targetHints":{"allow":["GET"]}}],"collection":[{"href":"https:\/\/roveyayinevi.com.tr\/index.php\/wp-json\/wp\/v2\/product"}],"about":[{"href":"https:\/\/roveyayinevi.com.tr\/index.php\/wp-json\/wp\/v2\/types\/product"}],"wp:attachment":[{"href":"https:\/\/roveyayinevi.com.tr\/index.php\/wp-json\/wp\/v2\/media?parent=727444"}],"wp:term":[{"taxonomy":"product_brand","embeddable":true,"href":"https:\/\/roveyayinevi.com.tr\/index.php\/wp-json\/wp\/v2\/product_brand?post=727444"},{"taxonomy":"product_cat","embeddable":true,"href":"https:\/\/roveyayinevi.com.tr\/index.php\/wp-json\/wp\/v2\/product_cat?post=727444"},{"taxonomy":"product_tag","embeddable":true,"href":"https:\/\/roveyayinevi.com.tr\/index.php\/wp-json\/wp\/v2\/product_tag?post=727444"}],"curies":[{"name":"wp","href":"https:\/\/api.w.org\/{rel}","templated":true}]}}