{"id":727440,"date":"2025-08-27T20:22:16","date_gmt":"2025-08-27T17:22:16","guid":{"rendered":"https:\/\/roveyayinevi.com.tr\/index.php\/urun\/ogrenmeyi-ogretmeyi-ogrenmis-ogretmen\/"},"modified":"2026-04-16T02:35:18","modified_gmt":"2026-04-15T23:35:18","slug":"ogrenmeyi-ogretmeyi-ogrenmis-ogretmen","status":"publish","type":"product","link":"https:\/\/roveyayinevi.com.tr\/index.php\/urun\/ogrenmeyi-ogretmeyi-ogrenmis-ogretmen\/","title":{"rendered":"\u00d6\u011frenmeyi \u00d6\u011fretmeyi \u00d6\u011frenmi\u015f \u00d6\u011fretmen"},"content":{"rendered":"<p>\u00d6\u011fretmenler toplumun gelece\u011fine \u015fekil ve y\u00f6n veren ki\u015filer olarak toplumda sayg\u0131n ve \u00f6nemli bir yere sahiptir. Bu a\u00e7\u0131dan \u00f6\u011fretmen e\u011fitimi \u00f6nemini koruyan, \u00fczerinde g\u00fcncel ve bilimsel ara\u015ft\u0131rmalar\u0131n, tart\u0131\u015fmalar\u0131n yo\u011fun olarak yap\u0131ld\u0131\u011f\u0131 bir konu olagelmi\u015ftir. \u00d6\u011fretmenin ald\u0131\u011f\u0131 hizmet \u00f6ncesi ve hizmet i\u00e7i e\u011fitimdeki niteli\u011fin \u00f6nemi g\u00fcnden g\u00fcne artmaktad\u0131r. Bu \u00e7al\u0131\u015fmayla daha nitelikli \u00f6\u011fretmen e\u011fitiminin ger\u00e7ekle\u015ftirilebilmesi amac\u0131yla &#8220;\u00f6\u011frenmeyi \u00f6\u011fretmeyi \u00f6\u011frenmi\u015f \u00f6\u011fretmen\u201d e\u011fitimi modeli [4\u00d6EM]\u2019nin ortaya konmas\u0131 hedeflenmi\u015ftir. \u00d6nerilen \u00f6\u011fretmen e\u011fitimi modelinin arka plan\u0131ndaki d\u00fc\u015f\u00fcnsel mant\u0131k \u00f6\u011fretmeni yeti\u015ftirirken &#8220;daha nitelikli \u00f6\u011fretmen e\u011fitimi vard\u0131r ve ger\u00e7ekle\u015ftirilebilir\u201d d\u00fc\u015f\u00fcncesi ve yenilik\u00e7i bak\u0131\u015f a\u00e7\u0131s\u0131yla zihniyet de\u011fi\u015fikli\u011finin ger\u00e7ekle\u015ftirilmesidir. Bu a\u00e7\u0131dan de\u011ferlendirildi\u011finde \u00e7al\u0131\u015fman\u0131n, \u00f6\u011fretmen yeti\u015ftiren ve \u00f6\u011fretmen istihdam eden\/e\u011fiten e\u011fitim kurumlar\u0131nda, \u00f6\u011fretmen e\u011fitiminde \u00f6nceliklerin belirlenmesine katk\u0131da bulunmas\u0131 beklenmektedir. \u00c7al\u0131\u015fmada bilimsel ve sistematik a\u00e7\u0131dan &#8220;eksiklikler\u201din ve &#8220;yanl\u0131\u015fl\u0131klar\u201d\u0131n en az olmas\u0131 i\u00e7in hassas ve titiz davran\u0131lm\u0131\u015ft\u0131r. Buna kar\u015f\u0131n \u00e7al\u0131\u015fmadaki &#8220;eksiklikler\u201d ve &#8220;yanl\u0131\u015fl\u0131klar\u201d yazara aittir. \u00c7al\u0131\u015fmadaki g\u00f6r\u00fc\u015fler, d\u00fc\u015f\u00fcnceler ele\u015ftiri ve \u00f6nerilere a\u00e7\u0131kt\u0131r. Ele\u015ftiri ve \u00f6nerileriniz yazar\u0131n sonraki \u00e7al\u0131\u015fmalar\u0131na \u0131\u015f\u0131k tutacak ve zenginle\u015ftirecektir. Yazar olarak ele\u015ftiri ve \u00f6nerileriniz i\u00e7in \u015fimdiden te\u015fekk\u00fcr\u00fc bir bor\u00e7 bilirim. 09 Eyl\u00fcl 2017- Denizli Prof. Dr. Ali R\u0131za ERDEM<\/p>\n","protected":false},"excerpt":{"rendered":"<p>\u00d6\u011fretmenler toplumun gelece\u011fine \u015fekil ve y\u00f6n veren ki\u015filer olarak toplumda sayg\u0131n ve \u00f6nemli bir yere sahiptir. Bu a\u00e7\u0131dan \u00f6\u011fretmen e\u011fitimi \u00f6nemini koruyan, \u00fczerinde g\u00fcncel ve bilimsel<span class=\"excerpt-hellip\"> [\u2026]<\/span><\/p>\n","protected":false},"featured_media":0,"template":"","meta":{"_monsterinsights_skip_tracking":false,"_monsterinsights_sitenote_active":false,"_monsterinsights_sitenote_note":"","_monsterinsights_sitenote_category":0},"product_brand":[],"product_cat":[12573,12566],"product_tag":[],"class_list":{"0":"post-727440","1":"product","2":"type-product","3":"status-publish","5":"product_cat-akademik-kitaplar","6":"product_cat-egitim","7":"pa_cilt-ciltsiz","8":"pa_tur-kitap","9":"pa_yayinevi-egiten-kitap","10":"pa_yazar-ali-riza-erdem","12":"first","13":"instock","14":"sale","15":"shipping-taxable","16":"purchasable","17":"product-type-simple"},"_links":{"self":[{"href":"https:\/\/roveyayinevi.com.tr\/index.php\/wp-json\/wp\/v2\/product\/727440","targetHints":{"allow":["GET"]}}],"collection":[{"href":"https:\/\/roveyayinevi.com.tr\/index.php\/wp-json\/wp\/v2\/product"}],"about":[{"href":"https:\/\/roveyayinevi.com.tr\/index.php\/wp-json\/wp\/v2\/types\/product"}],"wp:attachment":[{"href":"https:\/\/roveyayinevi.com.tr\/index.php\/wp-json\/wp\/v2\/media?parent=727440"}],"wp:term":[{"taxonomy":"product_brand","embeddable":true,"href":"https:\/\/roveyayinevi.com.tr\/index.php\/wp-json\/wp\/v2\/product_brand?post=727440"},{"taxonomy":"product_cat","embeddable":true,"href":"https:\/\/roveyayinevi.com.tr\/index.php\/wp-json\/wp\/v2\/product_cat?post=727440"},{"taxonomy":"product_tag","embeddable":true,"href":"https:\/\/roveyayinevi.com.tr\/index.php\/wp-json\/wp\/v2\/product_tag?post=727440"}],"curies":[{"name":"wp","href":"https:\/\/api.w.org\/{rel}","templated":true}]}}