{"id":727437,"date":"2025-08-27T20:22:13","date_gmt":"2025-08-27T17:22:13","guid":{"rendered":"https:\/\/roveyayinevi.com.tr\/index.php\/urun\/kopek-kalbi-3\/"},"modified":"2026-04-16T02:35:18","modified_gmt":"2026-04-15T23:35:18","slug":"kopek-kalbi-3","status":"publish","type":"product","link":"https:\/\/roveyayinevi.com.tr\/index.php\/urun\/kopek-kalbi-3\/","title":{"rendered":"K\u00f6pek Kalbi"},"content":{"rendered":"<p>\u201c\u0130van Arnoldovi\u00e7, bu \u00e7ok basit\u2026 Bu sordu\u011funuz da soru mu \u015fimdi? Hipofizin havada as\u0131lacak hali yok. K\u00f6pek beynine a\u015f\u0131lanmak i\u00e7in s\u00fcrece ihtiyac\u0131 var. Ona zaman tan\u0131y\u0131n. \u015earikov \u015fimdilerde sadece k\u00f6pek al\u0131\u015fkanl\u0131klar\u0131n\u0131n kal\u0131nt\u0131lar\u0131n\u0131 d\u0131\u015fa vuruyor. Kedilere yapt\u0131klar\u0131n\u0131n ise yapabileceklerinin aras\u0131nda en tahamm\u00fcl edilesi \u015feyler oldu\u011funu s\u00f6yleyebilirim. \u015eunu anlay\u0131n ki korkun\u00e7 olan, art\u0131k k\u00f6pek kalbine de\u011fil, insan kalbine sahip olacak olmas\u0131d\u0131r. Ve do\u011fada var olan en al\u00e7ak kalp, insan kalbidir.\u201d <\/p>\n","protected":false},"excerpt":{"rendered":"<p>\u201c\u0130van Arnoldovi\u00e7, bu \u00e7ok basit\u2026 Bu sordu\u011funuz da soru mu \u015fimdi? Hipofizin havada as\u0131lacak hali yok. K\u00f6pek beynine a\u015f\u0131lanmak i\u00e7in s\u00fcrece ihtiyac\u0131 var. Ona zaman tan\u0131y\u0131n.<span class=\"excerpt-hellip\"> [\u2026]<\/span><\/p>\n","protected":false},"featured_media":0,"template":"","meta":{"_monsterinsights_skip_tracking":false,"_monsterinsights_sitenote_active":false,"_monsterinsights_sitenote_note":"","_monsterinsights_sitenote_category":0},"product_brand":[],"product_cat":[12291,12711],"product_tag":[],"class_list":{"0":"post-727437","1":"product","2":"type-product","3":"status-publish","5":"product_cat-edebiyat","6":"product_cat-roman-oyku","7":"pa_cilt-ciltsiz","8":"pa_tur-kitap","9":"pa_yayinevi-sms-yayinlari","10":"pa_yazar-mihail-bulgakov","12":"first","13":"instock","14":"sale","15":"shipping-taxable","16":"purchasable","17":"product-type-simple"},"_links":{"self":[{"href":"https:\/\/roveyayinevi.com.tr\/index.php\/wp-json\/wp\/v2\/product\/727437","targetHints":{"allow":["GET"]}}],"collection":[{"href":"https:\/\/roveyayinevi.com.tr\/index.php\/wp-json\/wp\/v2\/product"}],"about":[{"href":"https:\/\/roveyayinevi.com.tr\/index.php\/wp-json\/wp\/v2\/types\/product"}],"wp:attachment":[{"href":"https:\/\/roveyayinevi.com.tr\/index.php\/wp-json\/wp\/v2\/media?parent=727437"}],"wp:term":[{"taxonomy":"product_brand","embeddable":true,"href":"https:\/\/roveyayinevi.com.tr\/index.php\/wp-json\/wp\/v2\/product_brand?post=727437"},{"taxonomy":"product_cat","embeddable":true,"href":"https:\/\/roveyayinevi.com.tr\/index.php\/wp-json\/wp\/v2\/product_cat?post=727437"},{"taxonomy":"product_tag","embeddable":true,"href":"https:\/\/roveyayinevi.com.tr\/index.php\/wp-json\/wp\/v2\/product_tag?post=727437"}],"curies":[{"name":"wp","href":"https:\/\/api.w.org\/{rel}","templated":true}]}}